{"id":529,"date":"2021-12-18T19:26:23","date_gmt":"2021-12-18T23:26:23","guid":{"rendered":"http:\/\/obotodexico.com.br\/?page_id=529"},"modified":"2022-01-16T22:25:21","modified_gmt":"2022-01-17T02:25:21","slug":"capitulo-17","status":"publish","type":"page","link":"http:\/\/obotodexico.com.br\/index.php\/capitulo-17\/","title":{"rendered":"cap\u00edtulo 17"},"content":{"rendered":"\t\t<div data-elementor-type=\"wp-page\" data-elementor-id=\"529\" class=\"elementor elementor-529\" data-elementor-settings=\"[]\">\n\t\t\t\t\t\t\t<div class=\"elementor-section-wrap\">\n\t\t\t\t\t\t\t<section class=\"elementor-section elementor-top-section elementor-element elementor-element-71a46376 elementor-section-full_width elementor-section-stretched elementor-section-height-default elementor-section-height-default\" data-id=\"71a46376\" data-element_type=\"section\" data-settings=\"{&quot;stretch_section&quot;:&quot;section-stretched&quot;,&quot;background_background&quot;:&quot;classic&quot;}\">\n\t\t\t\t\t\t<div class=\"elementor-container elementor-column-gap-default\">\n\t\t\t\t\t<div class=\"elementor-column elementor-col-100 elementor-top-column elementor-element elementor-element-4bfc7189\" data-id=\"4bfc7189\" data-element_type=\"column\">\n\t\t\t<div class=\"elementor-widget-wrap elementor-element-populated\">\n\t\t\t\t\t\t\t\t<div class=\"elementor-element elementor-element-16024566 elementor-widget elementor-widget-heading\" data-id=\"16024566\" data-element_type=\"widget\" data-widget_type=\"heading.default\">\n\t\t\t\t<div class=\"elementor-widget-container\">\n\t\t\t<h2 class=\"elementor-heading-title elementor-size-default\">O Cobrador da Amaz\u00f4nia\n<\/h2>\t\t<\/div>\n\t\t\t\t<\/div>\n\t\t\t\t<div class=\"elementor-element elementor-element-6bcd9c30 elementor-widget elementor-widget-text-editor\" data-id=\"6bcd9c30\" data-element_type=\"widget\" data-widget_type=\"text-editor.default\">\n\t\t\t\t<div class=\"elementor-widget-container\">\n\t\t\t\t\t\t\t<p>Autor: Chicco Moreira<\/p>\t\t\t\t\t\t<\/div>\n\t\t\t\t<\/div>\n\t\t\t\t\t<\/div>\n\t\t<\/div>\n\t\t\t\t\t\t\t<\/div>\n\t\t<\/section>\n\t\t\t\t<section class=\"elementor-section elementor-top-section elementor-element elementor-element-1f9cb00 elementor-section-full_width elementor-section-height-default elementor-section-height-default\" data-id=\"1f9cb00\" data-element_type=\"section\">\n\t\t\t\t\t\t<div class=\"elementor-container elementor-column-gap-default\">\n\t\t\t\t\t<div class=\"elementor-column elementor-col-33 elementor-top-column elementor-element elementor-element-940a2c7\" data-id=\"940a2c7\" data-element_type=\"column\">\n\t\t\t<div class=\"elementor-widget-wrap elementor-element-populated\">\n\t\t\t\t\t\t\t\t<div class=\"elementor-element elementor-element-15307c4 elementor-align-center elementor-widget elementor-widget-button\" data-id=\"15307c4\" data-element_type=\"widget\" data-widget_type=\"button.default\">\n\t\t\t\t<div class=\"elementor-widget-container\">\n\t\t\t\t\t<div class=\"elementor-button-wrapper\">\n\t\t\t<a href=\"http:\/\/obotodexico.com.br\/index.php\/capitulo-16\/\" class=\"elementor-button-link elementor-button elementor-size-sm\" role=\"button\">\n\t\t\t\t\t\t<span class=\"elementor-button-content-wrapper\">\n\t\t\t\t\t\t<span class=\"elementor-button-icon elementor-align-icon-left\">\n\t\t\t\t<i aria-hidden=\"true\" class=\"far fa-arrow-alt-circle-left\"><\/i>\t\t\t<\/span>\n\t\t\t\t\t\t<span class=\"elementor-button-text\">Anterior<\/span>\n\t\t<\/span>\n\t\t\t\t\t<\/a>\n\t\t<\/div>\n\t\t\t\t<\/div>\n\t\t\t\t<\/div>\n\t\t\t\t\t<\/div>\n\t\t<\/div>\n\t\t\t\t<div class=\"elementor-column elementor-col-33 elementor-top-column elementor-element elementor-element-a23be57\" data-id=\"a23be57\" data-element_type=\"column\">\n\t\t\t<div class=\"elementor-widget-wrap elementor-element-populated\">\n\t\t\t\t\t\t\t\t<div class=\"elementor-element elementor-element-cc7bf6e elementor-align-center elementor-mobile-align-left elementor-widget elementor-widget-button\" data-id=\"cc7bf6e\" data-element_type=\"widget\" data-widget_type=\"button.default\">\n\t\t\t\t<div class=\"elementor-widget-container\">\n\t\t\t\t\t<div class=\"elementor-button-wrapper\">\n\t\t\t<a href=\"http:\/\/obotodexico.com.br\/\" class=\"elementor-button-link elementor-button elementor-size-sm\" role=\"button\">\n\t\t\t\t\t\t<span class=\"elementor-button-content-wrapper\">\n\t\t\t\t\t\t<span class=\"elementor-button-icon elementor-align-icon-right\">\n\t\t\t\t<i aria-hidden=\"true\" class=\"fas fa-home\"><\/i>\t\t\t<\/span>\n\t\t\t\t\t\t<span class=\"elementor-button-text\">\u00cdndice<\/span>\n\t\t<\/span>\n\t\t\t\t\t<\/a>\n\t\t<\/div>\n\t\t\t\t<\/div>\n\t\t\t\t<\/div>\n\t\t\t\t\t<\/div>\n\t\t<\/div>\n\t\t\t\t<div class=\"elementor-column elementor-col-33 elementor-top-column elementor-element elementor-element-b9aa9bd\" data-id=\"b9aa9bd\" data-element_type=\"column\">\n\t\t\t<div class=\"elementor-widget-wrap elementor-element-populated\">\n\t\t\t\t\t\t\t\t<div class=\"elementor-element elementor-element-187aefe elementor-align-center elementor-widget elementor-widget-button\" data-id=\"187aefe\" data-element_type=\"widget\" data-widget_type=\"button.default\">\n\t\t\t\t<div class=\"elementor-widget-container\">\n\t\t\t\t\t<div class=\"elementor-button-wrapper\">\n\t\t\t<a href=\"http:\/\/obotodexico.com.br\/index.php\/capitulo-18\/\" class=\"elementor-button-link elementor-button elementor-size-sm\" role=\"button\">\n\t\t\t\t\t\t<span class=\"elementor-button-content-wrapper\">\n\t\t\t\t\t\t<span class=\"elementor-button-icon elementor-align-icon-right\">\n\t\t\t\t<i aria-hidden=\"true\" class=\"far fa-arrow-alt-circle-right\"><\/i>\t\t\t<\/span>\n\t\t\t\t\t\t<span class=\"elementor-button-text\">Pr\u00f3ximo<\/span>\n\t\t<\/span>\n\t\t\t\t\t<\/a>\n\t\t<\/div>\n\t\t\t\t<\/div>\n\t\t\t\t<\/div>\n\t\t\t\t\t<\/div>\n\t\t<\/div>\n\t\t\t\t\t\t\t<\/div>\n\t\t<\/section>\n\t\t\t\t<section class=\"elementor-section elementor-top-section elementor-element elementor-element-0ff16ff elementor-section-boxed elementor-section-height-default elementor-section-height-default\" data-id=\"0ff16ff\" data-element_type=\"section\">\n\t\t\t\t\t\t<div class=\"elementor-container elementor-column-gap-default\">\n\t\t\t\t\t<div class=\"elementor-column elementor-col-100 elementor-top-column elementor-element elementor-element-80e0529\" data-id=\"80e0529\" data-element_type=\"column\">\n\t\t\t<div class=\"elementor-widget-wrap elementor-element-populated\">\n\t\t\t\t\t\t\t\t<div class=\"elementor-element elementor-element-f2b9eaf elementor-widget elementor-widget-heading\" data-id=\"f2b9eaf\" data-element_type=\"widget\" data-widget_type=\"heading.default\">\n\t\t\t\t<div class=\"elementor-widget-container\">\n\t\t\t<h2 class=\"elementor-heading-title elementor-size-default\">XVII.\tGato escaldado<\/h2>\t\t<\/div>\n\t\t\t\t<\/div>\n\t\t\t\t\t<\/div>\n\t\t<\/div>\n\t\t\t\t\t\t\t<\/div>\n\t\t<\/section>\n\t\t\t\t<section class=\"elementor-section elementor-top-section elementor-element elementor-element-a4a46cf elementor-section-boxed elementor-section-height-default elementor-section-height-default\" data-id=\"a4a46cf\" data-element_type=\"section\">\n\t\t\t\t\t\t<div class=\"elementor-container elementor-column-gap-default\">\n\t\t\t\t\t<div class=\"elementor-column elementor-col-100 elementor-top-column elementor-element elementor-element-86705ba\" data-id=\"86705ba\" data-element_type=\"column\">\n\t\t\t<div class=\"elementor-widget-wrap elementor-element-populated\">\n\t\t\t\t\t\t\t\t<div class=\"elementor-element elementor-element-108a2e6 elementor-widget elementor-widget-text-editor\" data-id=\"108a2e6\" data-element_type=\"widget\" data-widget_type=\"text-editor.default\">\n\t\t\t\t<div class=\"elementor-widget-container\">\n\t\t\t\t\t\t\t<p>Os dias que correm na floresta s\u00e3o sempre iguais.\u00a0 Menos por uma coisa: a subida das \u00e1guas. Telma anda esquiva, sumida. O professor, absorto no mundo de descobertas recentes, nem toma conhecimento dos epis\u00f3dios estranhos ocorridos nos vilarejos da redondeza.<\/p>\t\t\t\t\t\t<\/div>\n\t\t\t\t<\/div>\n\t\t\t\t\t<\/div>\n\t\t<\/div>\n\t\t\t\t\t\t\t<\/div>\n\t\t<\/section>\n\t\t\t\t<section class=\"elementor-section elementor-top-section elementor-element elementor-element-33091b5 elementor-section-boxed elementor-section-height-default elementor-section-height-default\" data-id=\"33091b5\" data-element_type=\"section\">\n\t\t\t\t\t\t<div class=\"elementor-container elementor-column-gap-default\">\n\t\t\t\t\t<div class=\"elementor-column elementor-col-100 elementor-top-column elementor-element elementor-element-acf1ecd\" data-id=\"acf1ecd\" data-element_type=\"column\">\n\t\t\t<div class=\"elementor-widget-wrap elementor-element-populated\">\n\t\t\t\t\t\t\t\t<div class=\"elementor-element elementor-element-32d6fb5 elementor-widget elementor-widget-image\" data-id=\"32d6fb5\" data-element_type=\"widget\" data-widget_type=\"image.default\">\n\t\t\t\t<div class=\"elementor-widget-container\">\n\t\t\t\t\t\t\t\t\t\t\t\t\t\t\t<img loading=\"lazy\" decoding=\"async\" width=\"1024\" height=\"729\" src=\"http:\/\/obotodexico.com.br\/wp-content\/uploads\/2022\/01\/17-1024x729.jpg\" class=\"attachment-large size-large\" alt=\"\" srcset=\"http:\/\/obotodexico.com.br\/wp-content\/uploads\/2022\/01\/17-1024x729.jpg 1024w, http:\/\/obotodexico.com.br\/wp-content\/uploads\/2022\/01\/17-300x214.jpg 300w, http:\/\/obotodexico.com.br\/wp-content\/uploads\/2022\/01\/17-768x547.jpg 768w, http:\/\/obotodexico.com.br\/wp-content\/uploads\/2022\/01\/17.jpg 1300w\" sizes=\"auto, (max-width: 1024px) 100vw, 1024px\" \/>\t\t\t\t\t\t\t\t\t\t\t\t\t\t\t<\/div>\n\t\t\t\t<\/div>\n\t\t\t\t\t<\/div>\n\t\t<\/div>\n\t\t\t\t\t\t\t<\/div>\n\t\t<\/section>\n\t\t\t\t<section class=\"elementor-section elementor-top-section elementor-element elementor-element-dcb89a1 elementor-section-boxed elementor-section-height-default elementor-section-height-default\" data-id=\"dcb89a1\" data-element_type=\"section\">\n\t\t\t\t\t\t<div class=\"elementor-container elementor-column-gap-default\">\n\t\t\t\t\t<div class=\"elementor-column elementor-col-100 elementor-top-column elementor-element elementor-element-ca18f13\" data-id=\"ca18f13\" data-element_type=\"column\">\n\t\t\t<div class=\"elementor-widget-wrap elementor-element-populated\">\n\t\t\t\t\t\t\t\t<div class=\"elementor-element elementor-element-ec0615f elementor-widget elementor-widget-text-editor\" data-id=\"ec0615f\" data-element_type=\"widget\" data-widget_type=\"text-editor.default\">\n\t\t\t\t<div class=\"elementor-widget-container\">\n\t\t\t\t\t\t\t<p style=\"font-size: 16px; font-style: normal; font-weight: 400;\">Batem \u00e0 porta, um grupo. \u00c0 frente, um homem fala que sabe de coisas relacionadas ao boto, ataques e investidas contra homens e mulheres. O tumulto repentino provoca aglomera\u00e7\u00e3o e aumenta a confus\u00e3o.<\/p><p style=\"font-size: 16px; font-style: normal; font-weight: 400;\">Telma aparece para ver o motivo de tanto barulho. As pessoas misturam vozes e a deixam muito assustada. Havia tempos que n\u00e3o ouvia falar de algo assim na regi\u00e3o.<\/p><p style=\"font-size: 16px; font-style: normal; font-weight: 400;\">\u2014 Voc\u00eas t\u00eam certeza disso?<\/p><p style=\"font-size: 16px; font-style: normal; font-weight: 400;\">Telma, cercada pelas mulheres alvoro\u00e7adas, aborda o delegado. Ja\u00edlson responde sem rodeios.\u00a0<\/p><p style=\"font-size: 16px; font-style: normal; font-weight: 400;\">\u2014 Parece que \u00e9 verdade. Foram mais de dois ataques.<\/p><p style=\"font-size: 16px; font-style: normal; font-weight: 400;\">O professor aparece na porta da casa e nota a presen\u00e7a daquela gente apreensiva, com sinais de medo e p\u00e2nico.<\/p><p style=\"font-size: 16px; font-style: normal; font-weight: 400;\">\u2014 O que est\u00e1 acontecendo aqui?<\/p><p style=\"font-size: 16px; font-style: normal; font-weight: 400;\">Francisco olha para Telma. Contudo, dessa vez, a vizinha assume uma postura diferente, inamistosa, e se dirige, de forma esnobe, na dire\u00e7\u00e3o daquele com quem se deitou:<\/p><p style=\"font-size: 16px; font-style: normal; font-weight: 400;\">\u2014 Foi um boto. Um boto!<\/p><p style=\"font-size: 16px; font-style: normal; font-weight: 400;\">Estranho \u00e0quela realidade, o professor ignora a gravidade da situa\u00e7\u00e3o.<\/p><p style=\"font-size: 16px; font-style: normal; font-weight: 400;\">\u2014 O qu\u00ea? Como assim, um boto? O que tem um boto a ver com isso?<\/p><p style=\"font-size: 16px; font-style: normal; font-weight: 400;\">Menos antip\u00e1tica, Telma explica:<\/p><p style=\"font-size: 16px; font-style: normal; font-weight: 400;\">\u2014 Essas pessoas vieram falar com o senhor, est\u00e3o dizendo que um boto atacou no vilarejo. J\u00e1 foram dois ataques.<\/p><p style=\"font-size: 16px; font-style: normal; font-weight: 400;\">Francisco ouviu, mas n\u00e3o compreendeu em que medida tal fato se relacionaria com ele.<\/p><p style=\"font-size: 16px; font-style: normal; font-weight: 400;\">\u2014 E o que elas querem de mim?<\/p><p style=\"font-size: 16px; font-style: normal; font-weight: 400;\">Ja\u00edlson se aproxima:<\/p><p style=\"font-size: 16px; font-style: normal; font-weight: 400;\">\u2014 Vou precisar da ajuda do senhor.<\/p><p style=\"font-size: 16px; font-style: normal; font-weight: 400;\">Telma se surpreende com a atitude do delegado. Humildade nunca foi o ponto forte da personalidade de Ja\u00edlson.<\/p><p style=\"font-size: 16px; font-style: normal; font-weight: 400;\">O professor se mostra sol\u00edcito, mas intimamente teme o envolvimento com aquele universo de mitos, lendas e imagina\u00e7\u00e3o. Ainda mais se h\u00e1 fanatismo e viol\u00eancia.<\/p><p style=\"font-size: 16px; font-style: normal; font-weight: 400;\">\u2014 Mas, em que eu poderia ajudar?<\/p><p style=\"font-size: 16px; font-style: normal; font-weight: 400;\">Ja\u00edlson exp\u00f5e a ideia:<\/p><p style=\"font-size: 16px; font-style: normal; font-weight: 400;\">\u2014 O senhor pode ajudar muito. O senhor \u00e9 um estudioso da lenda. As pessoas sabem disso e n\u00e3o o veem como uma amea\u00e7a p\u00fablica. Assim podemos saber se esse cabra \u00e9 um boto ou um bandido que est\u00e1 se aproveitando da lenda \u2013 diz, olhando friamente para o mestre.<\/p><p style=\"font-size: 16px; font-style: normal; font-weight: 400;\">\u2014 Farei o que estiver ao meu alcance para colaborar com o senhor e com o povo deste lugar.<\/p><p style=\"font-size: 16px; font-style: normal; font-weight: 400;\">A vizinha vai dar a not\u00edcia. Logo as mulheres rodeiam o professor, em alvoro\u00e7o. Elas o benzem e o beijam na testa. Francisco fica incomodado e s\u00f3 relaxa ao se ver na mira do olhar meigo de Telma.<\/p><p style=\"font-size: 16px; font-style: normal; font-weight: 400;\">Francisco exibe entusiasmo com a perspectiva de investigar os ataques do boto. No cais, por\u00e9m, levado para uma primeira incurs\u00e3o pelo rio, para diante da canoa, com sinais vis\u00edveis de um estado de choque, sequela do acidente que sofrera. O corpo pesa e um arrepio lhe desce da cabe\u00e7a aos p\u00e9s, num vaiv\u00e9m cont\u00ednuo e desesperador<\/p><p style=\"font-size: 16px; font-style: normal; font-weight: 400;\">\u2014 O senhor est\u00e1 bem?<\/p><p style=\"font-size: 16px; font-style: normal; font-weight: 400;\">Telma se preocupa. O canoeiro continua \u00e0 espera do embarque. Ja\u00edlson se aproxima dos dois:<\/p><p style=\"font-size: 16px; font-style: normal; font-weight: 400;\">\u2014 O que est\u00e1 havendo? O que ele tem?<\/p><p style=\"font-size: 16px; font-style: normal; font-weight: 400;\">Ela responde, quase sussurrando:<\/p><p style=\"font-size: 16px; font-style: normal; font-weight: 400;\">\u2014 Ele t\u00e1 tremendo de medo. Acho que n\u00e3o vai conseguir entrar nessa canoa.<\/p><p style=\"font-size: 16px; font-style: normal; font-weight: 400;\">Ja\u00edlson se irrita:<\/p><p style=\"font-size: 16px; font-style: normal; font-weight: 400;\">\u2014 E o que vamos fazer?<\/p>\t\t\t\t\t\t<\/div>\n\t\t\t\t<\/div>\n\t\t\t\t\t<\/div>\n\t\t<\/div>\n\t\t\t\t\t\t\t<\/div>\n\t\t<\/section>\n\t\t\t\t<section class=\"elementor-section elementor-top-section elementor-element elementor-element-273039b elementor-section-boxed elementor-section-height-default elementor-section-height-default\" data-id=\"273039b\" data-element_type=\"section\">\n\t\t\t\t\t\t<div class=\"elementor-container elementor-column-gap-default\">\n\t\t\t\t\t<div class=\"elementor-column elementor-col-100 elementor-top-column elementor-element elementor-element-1afd3c1\" data-id=\"1afd3c1\" data-element_type=\"column\">\n\t\t\t<div class=\"elementor-widget-wrap elementor-element-populated\">\n\t\t\t\t\t\t\t\t<div class=\"elementor-element elementor-element-3198c21 elementor-aspect-ratio-169 elementor-widget elementor-widget-video\" data-id=\"3198c21\" data-element_type=\"widget\" data-settings=\"{&quot;youtube_url&quot;:&quot;https:\\\/\\\/www.youtube.com\\\/watch?v=7YmZ-FerqFw&amp;list=UUWPlCzQm65A_ygJsFFOyTeA&amp;index=37&quot;,&quot;video_type&quot;:&quot;youtube&quot;,&quot;controls&quot;:&quot;yes&quot;,&quot;aspect_ratio&quot;:&quot;169&quot;}\" data-widget_type=\"video.default\">\n\t\t\t\t<div class=\"elementor-widget-container\">\n\t\t\t\t\t<div class=\"elementor-wrapper elementor-fit-aspect-ratio elementor-open-inline\">\n\t\t\t<div class=\"elementor-video\"><\/div>\t\t<\/div>\n\t\t\t\t<\/div>\n\t\t\t\t<\/div>\n\t\t\t\t\t<\/div>\n\t\t<\/div>\n\t\t\t\t\t\t\t<\/div>\n\t\t<\/section>\n\t\t\t\t<section class=\"elementor-section elementor-top-section elementor-element elementor-element-76ccee7 elementor-section-boxed elementor-section-height-default elementor-section-height-default\" data-id=\"76ccee7\" data-element_type=\"section\">\n\t\t\t\t\t\t<div class=\"elementor-container elementor-column-gap-default\">\n\t\t\t\t\t<div class=\"elementor-column elementor-col-100 elementor-top-column elementor-element elementor-element-c89a642\" data-id=\"c89a642\" data-element_type=\"column\">\n\t\t\t<div class=\"elementor-widget-wrap elementor-element-populated\">\n\t\t\t\t\t\t\t\t<div class=\"elementor-element elementor-element-37c0491 elementor-widget elementor-widget-text-editor\" data-id=\"37c0491\" data-element_type=\"widget\" data-widget_type=\"text-editor.default\">\n\t\t\t\t<div class=\"elementor-widget-container\">\n\t\t\t\t\t\t\t<p style=\"font-size: 16px; font-style: normal; font-weight: 400;\">O trauma gera uma assustadora tremedeira no professor, cuja fobia de \u00e1gua recrudesce. Nada mais o far\u00e1 sair de Xavier por vias fluviais. Avi\u00e3o custa caro, n\u00e3o h\u00e1 pista de pouso nos vilarejos do delta amaz\u00f4nico, e quando algu\u00e9m se atreve a sobrevoar nesse quadrante sente muita instabilidade, e as b\u00fassolas da aeronave ficam desnorteadas.<\/p><p style=\"font-size: 16px; font-style: normal; font-weight: 400;\">O pesquisador admite que que o trabalho estar\u00e1 prejudicado, mas ter\u00e1 de se conformar apenas com os relatos. Ele precisa se curar, at\u00e9 mesmo para voltar um dia para Manaus.<\/p><p style=\"font-size: 16px; font-style: normal; font-weight: 400;\">\u2014 Vamos sair daqui, vamos.<\/p><p style=\"font-size: 16px; font-style: normal; font-weight: 400;\">Segurando-o pelo bra\u00e7o, Telma o leva para terra firme, e os dois caminham por alguns metros. Apaixonada, ela sugere com humildade uma solu\u00e7\u00e3o para o problema.<\/p><p style=\"font-size: 16px; font-style: normal; font-weight: 400;\">\u2014 Eu vou no lugar dele e anoto tudo, depois transmito as informa\u00e7\u00f5es.<\/p><p style=\"font-size: 16px; font-style: normal; font-weight: 400;\">O delegado aceita.<\/p><p style=\"font-size: 16px; font-style: normal; font-weight: 400;\">Recuperado, e j\u00e1 na pra\u00e7a da cidade, Francisco experimenta o al\u00edvio de tirar uma carga dos ombros. Vai para casa, levado pela vizinha, que o observa bem de perto e com muita preocupa\u00e7\u00e3o.<\/p><p style=\"font-size: 16px; font-style: normal; font-weight: 400;\">Ja\u00edlson pede \u00e0 cabocla que volte, insinuando que precisa lhe dizer algo importante. Ela vai at\u00e9 ele:<\/p><p style=\"font-size: 16px; font-style: normal; font-weight: 400;\">\u2014 Gato escaldado tem medo de \u00e1gua fria. Quero s\u00f3 ver como vai ser daqui pra frente.<\/p><p style=\"font-size: 16px; font-style: normal; font-weight: 400;\">Telma fecha a cara. Ela volta a pensar que o delegado n\u00e3o passa de um idiota.<\/p>\t\t\t\t\t\t<\/div>\n\t\t\t\t<\/div>\n\t\t\t\t\t<\/div>\n\t\t<\/div>\n\t\t\t\t\t\t\t<\/div>\n\t\t<\/section>\n\t\t\t\t<section class=\"elementor-section elementor-top-section elementor-element elementor-element-ca17e7a elementor-section-full_width elementor-section-height-default elementor-section-height-default\" data-id=\"ca17e7a\" data-element_type=\"section\">\n\t\t\t\t\t\t<div class=\"elementor-container elementor-column-gap-default\">\n\t\t\t\t\t<div class=\"elementor-column elementor-col-33 elementor-top-column elementor-element elementor-element-fb71a18\" data-id=\"fb71a18\" data-element_type=\"column\">\n\t\t\t<div class=\"elementor-widget-wrap elementor-element-populated\">\n\t\t\t\t\t\t\t\t<div class=\"elementor-element elementor-element-62e0caa elementor-align-center elementor-widget elementor-widget-button\" data-id=\"62e0caa\" data-element_type=\"widget\" data-widget_type=\"button.default\">\n\t\t\t\t<div class=\"elementor-widget-container\">\n\t\t\t\t\t<div class=\"elementor-button-wrapper\">\n\t\t\t<a href=\"http:\/\/obotodexico.com.br\/index.php\/capitulo-16\/\" class=\"elementor-button-link elementor-button elementor-size-sm\" role=\"button\">\n\t\t\t\t\t\t<span class=\"elementor-button-content-wrapper\">\n\t\t\t\t\t\t<span class=\"elementor-button-icon elementor-align-icon-left\">\n\t\t\t\t<i aria-hidden=\"true\" class=\"far fa-arrow-alt-circle-left\"><\/i>\t\t\t<\/span>\n\t\t\t\t\t\t<span class=\"elementor-button-text\">Anterior<\/span>\n\t\t<\/span>\n\t\t\t\t\t<\/a>\n\t\t<\/div>\n\t\t\t\t<\/div>\n\t\t\t\t<\/div>\n\t\t\t\t\t<\/div>\n\t\t<\/div>\n\t\t\t\t<div class=\"elementor-column elementor-col-33 elementor-top-column elementor-element elementor-element-143a731\" data-id=\"143a731\" data-element_type=\"column\">\n\t\t\t<div class=\"elementor-widget-wrap elementor-element-populated\">\n\t\t\t\t\t\t\t\t<div class=\"elementor-element elementor-element-de7eb95 elementor-align-center elementor-mobile-align-left elementor-widget elementor-widget-button\" data-id=\"de7eb95\" data-element_type=\"widget\" data-widget_type=\"button.default\">\n\t\t\t\t<div class=\"elementor-widget-container\">\n\t\t\t\t\t<div class=\"elementor-button-wrapper\">\n\t\t\t<a href=\"http:\/\/obotodexico.com.br\/\" class=\"elementor-button-link elementor-button elementor-size-sm\" role=\"button\">\n\t\t\t\t\t\t<span class=\"elementor-button-content-wrapper\">\n\t\t\t\t\t\t<span class=\"elementor-button-icon elementor-align-icon-right\">\n\t\t\t\t<i aria-hidden=\"true\" class=\"fas fa-home\"><\/i>\t\t\t<\/span>\n\t\t\t\t\t\t<span class=\"elementor-button-text\">\u00cdndice<\/span>\n\t\t<\/span>\n\t\t\t\t\t<\/a>\n\t\t<\/div>\n\t\t\t\t<\/div>\n\t\t\t\t<\/div>\n\t\t\t\t\t<\/div>\n\t\t<\/div>\n\t\t\t\t<div class=\"elementor-column elementor-col-33 elementor-top-column elementor-element elementor-element-ba0880e\" data-id=\"ba0880e\" data-element_type=\"column\">\n\t\t\t<div class=\"elementor-widget-wrap elementor-element-populated\">\n\t\t\t\t\t\t\t\t<div class=\"elementor-element elementor-element-2fa6669 elementor-align-center elementor-widget elementor-widget-button\" data-id=\"2fa6669\" data-element_type=\"widget\" data-widget_type=\"button.default\">\n\t\t\t\t<div class=\"elementor-widget-container\">\n\t\t\t\t\t<div class=\"elementor-button-wrapper\">\n\t\t\t<a href=\"http:\/\/obotodexico.com.br\/index.php\/capitulo-18\/\" class=\"elementor-button-link elementor-button elementor-size-sm\" role=\"button\">\n\t\t\t\t\t\t<span class=\"elementor-button-content-wrapper\">\n\t\t\t\t\t\t<span class=\"elementor-button-icon elementor-align-icon-right\">\n\t\t\t\t<i aria-hidden=\"true\" class=\"far fa-arrow-alt-circle-right\"><\/i>\t\t\t<\/span>\n\t\t\t\t\t\t<span class=\"elementor-button-text\">Pr\u00f3ximo<\/span>\n\t\t<\/span>\n\t\t\t\t\t<\/a>\n\t\t<\/div>\n\t\t\t\t<\/div>\n\t\t\t\t<\/div>\n\t\t\t\t\t<\/div>\n\t\t<\/div>\n\t\t\t\t\t\t\t<\/div>\n\t\t<\/section>\n\t\t\t\t\t\t<\/div>\n\t\t\t\t\t<\/div>\n\t\t","protected":false},"excerpt":{"rendered":"<p>O Cobrador da Amaz\u00f4nia Autor: Chicco Moreira Anterior \u00cdndice Pr\u00f3ximo XVII. Gato escaldado Os dias que correm na floresta s\u00e3o sempre iguais.\u00a0 Menos por uma coisa: a subida das \u00e1guas. Telma anda esquiva, sumida. O professor, absorto no mundo de descobertas recentes, nem toma conhecimento dos epis\u00f3dios estranhos ocorridos nos vilarejos da redondeza. Batem \u00e0 &hellip;<\/p>\n<p class=\"read-more\"> <a class=\"\" href=\"http:\/\/obotodexico.com.br\/index.php\/capitulo-17\/\"> <span class=\"screen-reader-text\">cap\u00edtulo 17<\/span> Leia mais &raquo;<\/a><\/p>\n","protected":false},"author":1,"featured_media":0,"parent":0,"menu_order":0,"comment_status":"closed","ping_status":"closed","template":"","meta":{"footnotes":""},"class_list":["post-529","page","type-page","status-publish","hentry"],"uagb_featured_image_src":{"full":false,"thumbnail":false,"medium":false,"medium_large":false,"large":false,"1536x1536":false,"2048x2048":false},"uagb_author_info":{"display_name":"obotodexico","author_link":"http:\/\/obotodexico.com.br\/index.php\/author\/obotodexico\/"},"uagb_comment_info":0,"uagb_excerpt":"O Cobrador da Amaz\u00f4nia Autor: Chicco Moreira Anterior \u00cdndice Pr\u00f3ximo XVII. Gato escaldado Os dias que correm na floresta s\u00e3o sempre iguais.\u00a0 Menos por uma coisa: a subida das \u00e1guas. Telma anda esquiva, sumida. O professor, absorto no mundo de descobertas recentes, nem toma conhecimento dos epis\u00f3dios estranhos ocorridos nos vilarejos da redondeza. Batem \u00e0&hellip;","_links":{"self":[{"href":"http:\/\/obotodexico.com.br\/index.php\/wp-json\/wp\/v2\/pages\/529","targetHints":{"allow":["GET"]}}],"collection":[{"href":"http:\/\/obotodexico.com.br\/index.php\/wp-json\/wp\/v2\/pages"}],"about":[{"href":"http:\/\/obotodexico.com.br\/index.php\/wp-json\/wp\/v2\/types\/page"}],"author":[{"embeddable":true,"href":"http:\/\/obotodexico.com.br\/index.php\/wp-json\/wp\/v2\/users\/1"}],"replies":[{"embeddable":true,"href":"http:\/\/obotodexico.com.br\/index.php\/wp-json\/wp\/v2\/comments?post=529"}],"version-history":[{"count":16,"href":"http:\/\/obotodexico.com.br\/index.php\/wp-json\/wp\/v2\/pages\/529\/revisions"}],"predecessor-version":[{"id":1039,"href":"http:\/\/obotodexico.com.br\/index.php\/wp-json\/wp\/v2\/pages\/529\/revisions\/1039"}],"wp:attachment":[{"href":"http:\/\/obotodexico.com.br\/index.php\/wp-json\/wp\/v2\/media?parent=529"}],"curies":[{"name":"wp","href":"https:\/\/api.w.org\/{rel}","templated":true}]}}