{"id":516,"date":"2021-12-18T19:22:41","date_gmt":"2021-12-18T23:22:41","guid":{"rendered":"http:\/\/obotodexico.com.br\/?page_id=516"},"modified":"2022-01-16T22:23:27","modified_gmt":"2022-01-17T02:23:27","slug":"capitulo-15","status":"publish","type":"page","link":"http:\/\/obotodexico.com.br\/index.php\/capitulo-15\/","title":{"rendered":"cap\u00edtulo 15"},"content":{"rendered":"\t\t<div data-elementor-type=\"wp-page\" data-elementor-id=\"516\" class=\"elementor elementor-516\" data-elementor-settings=\"[]\">\n\t\t\t\t\t\t\t<div class=\"elementor-section-wrap\">\n\t\t\t\t\t\t\t<section class=\"elementor-section elementor-top-section elementor-element elementor-element-71a46376 elementor-section-full_width elementor-section-stretched elementor-section-height-default elementor-section-height-default\" data-id=\"71a46376\" data-element_type=\"section\" data-settings=\"{&quot;stretch_section&quot;:&quot;section-stretched&quot;,&quot;background_background&quot;:&quot;classic&quot;}\">\n\t\t\t\t\t\t<div class=\"elementor-container elementor-column-gap-default\">\n\t\t\t\t\t<div class=\"elementor-column elementor-col-100 elementor-top-column elementor-element elementor-element-4bfc7189\" data-id=\"4bfc7189\" data-element_type=\"column\">\n\t\t\t<div class=\"elementor-widget-wrap elementor-element-populated\">\n\t\t\t\t\t\t\t\t<div class=\"elementor-element elementor-element-16024566 elementor-widget elementor-widget-heading\" data-id=\"16024566\" data-element_type=\"widget\" data-widget_type=\"heading.default\">\n\t\t\t\t<div class=\"elementor-widget-container\">\n\t\t\t<h2 class=\"elementor-heading-title elementor-size-default\">O Cobrador da Amaz\u00f4nia\n<\/h2>\t\t<\/div>\n\t\t\t\t<\/div>\n\t\t\t\t<div class=\"elementor-element elementor-element-6bcd9c30 elementor-widget elementor-widget-text-editor\" data-id=\"6bcd9c30\" data-element_type=\"widget\" data-widget_type=\"text-editor.default\">\n\t\t\t\t<div class=\"elementor-widget-container\">\n\t\t\t\t\t\t\t<p>Autor: Chicco Moreira<\/p>\t\t\t\t\t\t<\/div>\n\t\t\t\t<\/div>\n\t\t\t\t\t<\/div>\n\t\t<\/div>\n\t\t\t\t\t\t\t<\/div>\n\t\t<\/section>\n\t\t\t\t<section class=\"elementor-section elementor-top-section elementor-element elementor-element-1f9cb00 elementor-section-full_width elementor-section-height-default elementor-section-height-default\" data-id=\"1f9cb00\" data-element_type=\"section\">\n\t\t\t\t\t\t<div class=\"elementor-container elementor-column-gap-default\">\n\t\t\t\t\t<div class=\"elementor-column elementor-col-33 elementor-top-column elementor-element elementor-element-940a2c7\" data-id=\"940a2c7\" data-element_type=\"column\">\n\t\t\t<div class=\"elementor-widget-wrap elementor-element-populated\">\n\t\t\t\t\t\t\t\t<div class=\"elementor-element elementor-element-15307c4 elementor-align-center elementor-widget elementor-widget-button\" data-id=\"15307c4\" data-element_type=\"widget\" data-widget_type=\"button.default\">\n\t\t\t\t<div class=\"elementor-widget-container\">\n\t\t\t\t\t<div class=\"elementor-button-wrapper\">\n\t\t\t<a href=\"http:\/\/obotodexico.com.br\/index.php\/capitulo-14\/\" class=\"elementor-button-link elementor-button elementor-size-sm\" role=\"button\">\n\t\t\t\t\t\t<span class=\"elementor-button-content-wrapper\">\n\t\t\t\t\t\t<span class=\"elementor-button-icon elementor-align-icon-left\">\n\t\t\t\t<i aria-hidden=\"true\" class=\"far fa-arrow-alt-circle-left\"><\/i>\t\t\t<\/span>\n\t\t\t\t\t\t<span class=\"elementor-button-text\">Anterior<\/span>\n\t\t<\/span>\n\t\t\t\t\t<\/a>\n\t\t<\/div>\n\t\t\t\t<\/div>\n\t\t\t\t<\/div>\n\t\t\t\t\t<\/div>\n\t\t<\/div>\n\t\t\t\t<div class=\"elementor-column elementor-col-33 elementor-top-column elementor-element elementor-element-a23be57\" data-id=\"a23be57\" data-element_type=\"column\">\n\t\t\t<div class=\"elementor-widget-wrap elementor-element-populated\">\n\t\t\t\t\t\t\t\t<div class=\"elementor-element elementor-element-cc7bf6e elementor-align-center elementor-mobile-align-left elementor-widget elementor-widget-button\" data-id=\"cc7bf6e\" data-element_type=\"widget\" data-widget_type=\"button.default\">\n\t\t\t\t<div class=\"elementor-widget-container\">\n\t\t\t\t\t<div class=\"elementor-button-wrapper\">\n\t\t\t<a href=\"http:\/\/obotodexico.com.br\/\" class=\"elementor-button-link elementor-button elementor-size-sm\" role=\"button\">\n\t\t\t\t\t\t<span class=\"elementor-button-content-wrapper\">\n\t\t\t\t\t\t<span class=\"elementor-button-icon elementor-align-icon-right\">\n\t\t\t\t<i aria-hidden=\"true\" class=\"fas fa-home\"><\/i>\t\t\t<\/span>\n\t\t\t\t\t\t<span class=\"elementor-button-text\">\u00cdndice<\/span>\n\t\t<\/span>\n\t\t\t\t\t<\/a>\n\t\t<\/div>\n\t\t\t\t<\/div>\n\t\t\t\t<\/div>\n\t\t\t\t\t<\/div>\n\t\t<\/div>\n\t\t\t\t<div class=\"elementor-column elementor-col-33 elementor-top-column elementor-element elementor-element-b9aa9bd\" data-id=\"b9aa9bd\" data-element_type=\"column\">\n\t\t\t<div class=\"elementor-widget-wrap elementor-element-populated\">\n\t\t\t\t\t\t\t\t<div class=\"elementor-element elementor-element-187aefe elementor-align-center elementor-widget elementor-widget-button\" data-id=\"187aefe\" data-element_type=\"widget\" data-widget_type=\"button.default\">\n\t\t\t\t<div class=\"elementor-widget-container\">\n\t\t\t\t\t<div class=\"elementor-button-wrapper\">\n\t\t\t<a href=\"http:\/\/obotodexico.com.br\/index.php\/capitulo-16\/\" class=\"elementor-button-link elementor-button elementor-size-sm\" role=\"button\">\n\t\t\t\t\t\t<span class=\"elementor-button-content-wrapper\">\n\t\t\t\t\t\t<span class=\"elementor-button-icon elementor-align-icon-right\">\n\t\t\t\t<i aria-hidden=\"true\" class=\"far fa-arrow-alt-circle-right\"><\/i>\t\t\t<\/span>\n\t\t\t\t\t\t<span class=\"elementor-button-text\">Pr\u00f3ximo<\/span>\n\t\t<\/span>\n\t\t\t\t\t<\/a>\n\t\t<\/div>\n\t\t\t\t<\/div>\n\t\t\t\t<\/div>\n\t\t\t\t\t<\/div>\n\t\t<\/div>\n\t\t\t\t\t\t\t<\/div>\n\t\t<\/section>\n\t\t\t\t<section class=\"elementor-section elementor-top-section elementor-element elementor-element-0ff16ff elementor-section-boxed elementor-section-height-default elementor-section-height-default\" data-id=\"0ff16ff\" data-element_type=\"section\">\n\t\t\t\t\t\t<div class=\"elementor-container elementor-column-gap-default\">\n\t\t\t\t\t<div class=\"elementor-column elementor-col-100 elementor-top-column elementor-element elementor-element-80e0529\" data-id=\"80e0529\" data-element_type=\"column\">\n\t\t\t<div class=\"elementor-widget-wrap elementor-element-populated\">\n\t\t\t\t\t\t\t\t<div class=\"elementor-element elementor-element-f2b9eaf elementor-widget elementor-widget-heading\" data-id=\"f2b9eaf\" data-element_type=\"widget\" data-widget_type=\"heading.default\">\n\t\t\t\t<div class=\"elementor-widget-container\">\n\t\t\t<h2 class=\"elementor-heading-title elementor-size-default\">XV.\tSem limites para o prazer<\/h2>\t\t<\/div>\n\t\t\t\t<\/div>\n\t\t\t\t\t<\/div>\n\t\t<\/div>\n\t\t\t\t\t\t\t<\/div>\n\t\t<\/section>\n\t\t\t\t<section class=\"elementor-section elementor-top-section elementor-element elementor-element-a4a46cf elementor-section-boxed elementor-section-height-default elementor-section-height-default\" data-id=\"a4a46cf\" data-element_type=\"section\">\n\t\t\t\t\t\t<div class=\"elementor-container elementor-column-gap-default\">\n\t\t\t\t\t<div class=\"elementor-column elementor-col-100 elementor-top-column elementor-element elementor-element-86705ba\" data-id=\"86705ba\" data-element_type=\"column\">\n\t\t\t<div class=\"elementor-widget-wrap elementor-element-populated\">\n\t\t\t\t\t\t\t\t<div class=\"elementor-element elementor-element-108a2e6 elementor-widget elementor-widget-text-editor\" data-id=\"108a2e6\" data-element_type=\"widget\" data-widget_type=\"text-editor.default\">\n\t\t\t\t<div class=\"elementor-widget-container\">\n\t\t\t\t\t\t\t<p>Cuidando muito bem do professor, como se fora o pr\u00f3prio filho, Telma toma para si as r\u00e9deas da vida desse estrangeiro e transp\u00f5e, de vez, os limites impostos pelo homem fragilizado. Aparece nas horas necess\u00e1rias, sem importunar. O mestre demorou mas saiu do surto, e reconhece que deve parte de sua vida \u00e0quela mulher.<\/p><p>Os cochilos do mestre s\u00e3o sempre povoados pelos mesmos pesadelos confusos. Quando est\u00e1 se afogando, v\u00ea sua mulher, Clara, aparecendo em seus sonhos na cidade de S\u00e3o Paulo ao lado do amante, a casa totalmente debaixo d\u2019\u00e1gua, maculada pelo adult\u00e9rio.<\/p><p>\u00a0<\/p>\t\t\t\t\t\t<\/div>\n\t\t\t\t<\/div>\n\t\t\t\t\t<\/div>\n\t\t<\/div>\n\t\t\t\t\t\t\t<\/div>\n\t\t<\/section>\n\t\t\t\t<section class=\"elementor-section elementor-top-section elementor-element elementor-element-4b4a732 elementor-section-boxed elementor-section-height-default elementor-section-height-default\" data-id=\"4b4a732\" data-element_type=\"section\">\n\t\t\t\t\t\t<div class=\"elementor-container elementor-column-gap-default\">\n\t\t\t\t\t<div class=\"elementor-column elementor-col-100 elementor-top-column elementor-element elementor-element-769fe62\" data-id=\"769fe62\" data-element_type=\"column\">\n\t\t\t<div class=\"elementor-widget-wrap elementor-element-populated\">\n\t\t\t\t\t\t\t\t<div class=\"elementor-element elementor-element-bbd4e10 elementor-widget elementor-widget-image\" data-id=\"bbd4e10\" data-element_type=\"widget\" data-widget_type=\"image.default\">\n\t\t\t\t<div class=\"elementor-widget-container\">\n\t\t\t\t\t\t\t\t\t\t\t\t\t\t\t<img loading=\"lazy\" decoding=\"async\" width=\"1024\" height=\"729\" src=\"http:\/\/obotodexico.com.br\/wp-content\/uploads\/2022\/01\/15-1024x729.jpg\" class=\"attachment-large size-large\" alt=\"\" srcset=\"http:\/\/obotodexico.com.br\/wp-content\/uploads\/2022\/01\/15-1024x729.jpg 1024w, http:\/\/obotodexico.com.br\/wp-content\/uploads\/2022\/01\/15-300x214.jpg 300w, http:\/\/obotodexico.com.br\/wp-content\/uploads\/2022\/01\/15-768x547.jpg 768w, http:\/\/obotodexico.com.br\/wp-content\/uploads\/2022\/01\/15.jpg 1300w\" sizes=\"auto, (max-width: 1024px) 100vw, 1024px\" \/>\t\t\t\t\t\t\t\t\t\t\t\t\t\t\t<\/div>\n\t\t\t\t<\/div>\n\t\t\t\t\t<\/div>\n\t\t<\/div>\n\t\t\t\t\t\t\t<\/div>\n\t\t<\/section>\n\t\t\t\t<section class=\"elementor-section elementor-top-section elementor-element elementor-element-ebdd466 elementor-section-boxed elementor-section-height-default elementor-section-height-default\" data-id=\"ebdd466\" data-element_type=\"section\">\n\t\t\t\t\t\t<div class=\"elementor-container elementor-column-gap-default\">\n\t\t\t\t\t<div class=\"elementor-column elementor-col-100 elementor-top-column elementor-element elementor-element-b14247d\" data-id=\"b14247d\" data-element_type=\"column\">\n\t\t\t<div class=\"elementor-widget-wrap elementor-element-populated\">\n\t\t\t\t\t\t\t\t<div class=\"elementor-element elementor-element-82113fb elementor-widget elementor-widget-text-editor\" data-id=\"82113fb\" data-element_type=\"widget\" data-widget_type=\"text-editor.default\">\n\t\t\t\t<div class=\"elementor-widget-container\">\n\t\t\t\t\t\t\t<p style=\"font-size: 16px; font-style: normal; font-weight: 400;\">O desejo de morrer em raz\u00e3o da cena presenciada e a instintiva vontade de viver, sair daquela \u00e1gua e respirar deflagram no professor um conflito absoluto. Logo as impress\u00f5es se mesclam mais uma vez, e aquela sensa\u00e7\u00e3o de terror e p\u00e2nico \u00e9 amenizada por uma agrad\u00e1vel paz interior suscitada pela presen\u00e7a, novamente, do boto salvador. O amor pelo animal \u00e9 instant\u00e2neo e lhe arranca um sorriso, fazendo-o crer que, diante do ocorrido, estar\u00e1 ligado para sempre \u00e0quele animal, por gratid\u00e3o.<\/p><p style=\"font-size: 16px; font-style: normal; font-weight: 400;\">Acorda com um sorriso no rosto, o est\u00f4mago azedo e a boca amarga. A penumbra do quarto, iluminado apenas por uma lamparina no corredor, o deixa mais calmo e sereno. N\u00e3o tem no\u00e7\u00e3o das horas, nem do dia da semana, sendo capaz de reconhecer t\u00e3o somente a casa e a cama. Telma, escancarando a porta de uma s\u00f3 vez, deixa a luz da chama se espalhar na escurid\u00e3o do quarto. A claridade ultrapassa o vestido transparente e a silhueta sensual desperta o professor.<\/p><p style=\"font-size: 16px; font-style: normal; font-weight: 400;\">Ela se achega e, delicadamente, oferece-lhe um copo com leite, quase for\u00e7ando-o a beber o l\u00edquido, tamanha \u00e9 a sua singeleza. O mestre obedece. A sensa\u00e7\u00e3o de perda que abatia a vizinha pelo desaparecimento do pesquisador se desfaz e Telma decide n\u00e3o perder mais tempo.<\/p><p style=\"font-size: 16px; font-style: normal; font-weight: 400;\">Pega o copo vazio da m\u00e3o de Francisco e coloca no criado-mudo. Em seguida, levanta o len\u00e7ol para entrar por baixo. De forma insidiosa, vai se enfiando e se aconchegando, aos poucos.<\/p><p style=\"font-size: 16px; font-style: normal; font-weight: 400;\">Introspectivo, o professor aguarda as novas atitudes da mulher. A noite est\u00e1 quente. Pensa no desejo, e sabe que precisa libertar-se das amarras que estigmatizaram sua hist\u00f3ria de vida. A libido domina seus movimentos e o corpo aguarda o toque. Quando estava prestes a morrer afogado, pensava nas oportunidades perdidas; mas agora, j\u00e1 a salvo, espera por um outro desfecho.<\/p><p style=\"font-size: 16px; font-style: normal; font-weight: 400;\">As iniciativas partem dela, deitando-se sobre o peito do homem que ela j\u00e1 havia escolhido na chegada. Fica ali, olhando, admirando o queixo dele, acariciando a barba, os l\u00e1bios tocam seu pesco\u00e7o. Aproveitando-se da carne branca e fria, busca o calor do cora\u00e7\u00e3o. Apaixonada, entrega-se mais e mais, envolvendo o parceiro completamente.<\/p><p style=\"font-size: 16px; font-style: normal; font-weight: 400;\">Francisco n\u00e3o se esquiva. Depois de uma vida inteira de controles e autopuni\u00e7\u00f5es, permite-se, no momento, usufruir da lux\u00faria, de cara limpa, sem bebidas ex\u00f3ticas ou ervas, sob o efeito apenas de um copo de leite e da excita\u00e7\u00e3o provocada por um belo corpo selvagem. Deitada ao lado dele, Telma o beija com carinho, com a cabe\u00e7a ora no peito, ora no pesco\u00e7o ou no queixo.<\/p><p style=\"font-size: 16px; font-style: normal; font-weight: 400;\">A presen\u00e7a daquela mulher, h\u00e1 muito desejada, \u00e9 o que ele mais almejava em seu \u00edntimo nos \u00faltimos tempos, embora sob os disfarces do pudor. Contudo, uma apatia abate seu semblante, enquanto Telma sente uma ang\u00fastia ao relembrar os momentos tenebrosos dos \u00faltimos dias e, sobre o peito dele, deixa cair uma l\u00e1grima, de felicidade,<\/p><p style=\"font-size: 16px; font-style: normal; font-weight: 400;\">Vivos e juntos. Essa realidade a deixa quieta e muda, embora ainda sofra pela obviedade da concretiza\u00e7\u00e3o da \u00fanica certeza da vida, que \u00e9 o fenecer, e sobre o qual, paradoxalmente, nada sabemos.<\/p><p style=\"font-size: 16px; font-style: normal; font-weight: 400;\">Aos poucos, ela vai se aproximando mais do mestre. Disfar\u00e7ando as inten\u00e7\u00f5es, diz:<\/p><p style=\"font-size: 16px; font-style: normal; font-weight: 400;\">\u2014 Boa noite, professor. N\u00e3o vai me beliscar quando eu estiver dormindo.<\/p><p style=\"font-size: 16px; font-style: normal; font-weight: 400;\">Lan\u00e7a a brincadeira, mas ele n\u00e3o reage do jeito esperado.<\/p><p style=\"font-size: 16px; font-style: normal; font-weight: 400;\">\u2014 N\u00e3o se preocupe, n\u00e3o vou beliscar.<\/p><p style=\"font-size: 16px; font-style: normal; font-weight: 400;\">Ele responde seco e sem criatividade. Telma, chamando toda a responsabilidade para si, segura no queixo dele e o beija, acelerando os batimentos card\u00edacos do mestre, que abre os olhos de surpresa. Embora n\u00e3o esperasse por isso, ele come\u00e7a a relaxar, entregando-se ao beijo demorado da morena. Ela ataca:<\/p><p style=\"font-size: 16px; font-style: normal; font-weight: 400;\">\u2014 Prefiro um beijo que um belisc\u00e3o.<\/p><p style=\"font-size: 16px; font-style: normal; font-weight: 400;\">Eles sorriem e recome\u00e7am tudo, intensamente. T\u00eam todo o tempo do mundo para ficarem ali, na cama, aos beijos. Incendiado, Francisco se liberta de falsos pudores e aceita as condi\u00e7\u00f5es impostas pelo amor.<\/p><p style=\"font-size: 16px; font-style: normal; font-weight: 400;\">Telma acaba fazendo o que o professor nunca permitiu \u00e0 esposa fazer, mesmo quando ela se insinuava. Francisco jamais deixou Clara avan\u00e7ar sobre seu corpo com tamanha vol\u00fapia. A trava sexual n\u00e3o permitiria. Mas com Telma as coisas s\u00e3o diferentes.<\/p><p style=\"font-size: 16px; font-style: normal; font-weight: 400;\">Para evitar faz\u00ea-lo chegar ao \u00eaxtase em segundos, a vizinha resolve dar uma pausa. Os dois se abra\u00e7am com for\u00e7a. As duas bocas se encontrarem, emaranhadas em beijos. Entregue mas energizada, Telma se sente segura e realizada, como se a umidade e o calor da floresta fundissem os corpos sobre o leito.<\/p><p style=\"font-size: 16px; font-style: normal; font-weight: 400;\">Ficam assim, inebriados por incr\u00edveis sensa\u00e7\u00f5es de prazer, at\u00e9 Francisco ser invadido por s\u00fabitas recorda\u00e7\u00f5es. O inconsciente dele trabalha e a cena de Clara com o amante na cama, os dois num s\u00f3, vem-lhe \u00e0 mente. Em vez da raiva, o professor sente um certo relaxamento, enquanto Telma o acolhe com carinho e apaga as imagens tenebrosas do passado.<\/p><p style=\"font-size: 16px; font-style: normal; font-weight: 400;\">Francisco ferve. A emo\u00e7\u00e3o se expande e o sangue circula como torrente por suas art\u00e9rias at\u00e9 o ponto sem retorno, o berro abafado revelador de emo\u00e7\u00f5es nunca vividas, e ele se delicia com o prazer de estar vivo. Cai ao lado de Telma na cama, exausto, suado e, por mais estranho que pare\u00e7a, come\u00e7a a chorar copiosamente, do nada. Ela, que n\u00e3o conseguiu chegar ao \u00eaxtase, se assusta com o choro. Fica alguns segundos olhando sem saber como proceder, sem fazer perguntas, acarinhando o parceiro, fazendo com que, aos poucos, a intensidade das emo\u00e7\u00f5es v\u00e1 diminuindo e o pranto se estanque.<\/p><p style=\"font-size: 16px; font-style: normal; font-weight: 400;\">Francisco ressona. A noite de sexo chegou ao fim e Telma relaxa, ainda que um pouco frustrada. Nessa hora, uma m\u00fasica de carnaval \u00e9 ouvida no fundo, a festa rola solta em Xavier. Na alcova, por\u00e9m, a dan\u00e7a tinha sido bem mais prazerosa; pelo menos para o professor.<\/p>\n<p><\/p>\t\t\t\t\t\t<\/div>\n\t\t\t\t<\/div>\n\t\t\t\t\t<\/div>\n\t\t<\/div>\n\t\t\t\t\t\t\t<\/div>\n\t\t<\/section>\n\t\t\t\t<section class=\"elementor-section elementor-top-section elementor-element elementor-element-d8cd162 elementor-section-boxed elementor-section-height-default elementor-section-height-default\" data-id=\"d8cd162\" data-element_type=\"section\">\n\t\t\t\t\t\t<div class=\"elementor-container elementor-column-gap-default\">\n\t\t\t\t\t<div class=\"elementor-column elementor-col-100 elementor-top-column elementor-element elementor-element-9f8b4cb\" data-id=\"9f8b4cb\" data-element_type=\"column\">\n\t\t\t<div class=\"elementor-widget-wrap elementor-element-populated\">\n\t\t\t\t\t\t\t\t<div class=\"elementor-element elementor-element-ef10615 elementor-aspect-ratio-169 elementor-widget elementor-widget-video\" data-id=\"ef10615\" data-element_type=\"widget\" data-settings=\"{&quot;youtube_url&quot;:&quot;https:\\\/\\\/www.youtube.com\\\/watch?v=ag5kYKOJmqE&amp;list=UUWPlCzQm65A_ygJsFFOyTeA&amp;index=26&quot;,&quot;video_type&quot;:&quot;youtube&quot;,&quot;controls&quot;:&quot;yes&quot;,&quot;aspect_ratio&quot;:&quot;169&quot;}\" data-widget_type=\"video.default\">\n\t\t\t\t<div class=\"elementor-widget-container\">\n\t\t\t\t\t<div class=\"elementor-wrapper elementor-fit-aspect-ratio elementor-open-inline\">\n\t\t\t<div class=\"elementor-video\"><\/div>\t\t<\/div>\n\t\t\t\t<\/div>\n\t\t\t\t<\/div>\n\t\t\t\t\t<\/div>\n\t\t<\/div>\n\t\t\t\t\t\t\t<\/div>\n\t\t<\/section>\n\t\t\t\t<section class=\"elementor-section elementor-top-section elementor-element elementor-element-44bea35 elementor-section-full_width elementor-section-height-default elementor-section-height-default\" data-id=\"44bea35\" data-element_type=\"section\">\n\t\t\t\t\t\t<div class=\"elementor-container elementor-column-gap-default\">\n\t\t\t\t\t<div class=\"elementor-column elementor-col-33 elementor-top-column elementor-element elementor-element-07cb6d4\" data-id=\"07cb6d4\" data-element_type=\"column\">\n\t\t\t<div class=\"elementor-widget-wrap elementor-element-populated\">\n\t\t\t\t\t\t\t\t<div class=\"elementor-element elementor-element-1935cab elementor-align-center elementor-widget elementor-widget-button\" data-id=\"1935cab\" data-element_type=\"widget\" data-widget_type=\"button.default\">\n\t\t\t\t<div class=\"elementor-widget-container\">\n\t\t\t\t\t<div class=\"elementor-button-wrapper\">\n\t\t\t<a href=\"http:\/\/obotodexico.com.br\/index.php\/capitulo-14\/\" class=\"elementor-button-link elementor-button elementor-size-sm\" role=\"button\">\n\t\t\t\t\t\t<span class=\"elementor-button-content-wrapper\">\n\t\t\t\t\t\t<span class=\"elementor-button-icon elementor-align-icon-left\">\n\t\t\t\t<i aria-hidden=\"true\" class=\"far fa-arrow-alt-circle-left\"><\/i>\t\t\t<\/span>\n\t\t\t\t\t\t<span class=\"elementor-button-text\">Anterior<\/span>\n\t\t<\/span>\n\t\t\t\t\t<\/a>\n\t\t<\/div>\n\t\t\t\t<\/div>\n\t\t\t\t<\/div>\n\t\t\t\t\t<\/div>\n\t\t<\/div>\n\t\t\t\t<div class=\"elementor-column elementor-col-33 elementor-top-column elementor-element elementor-element-8ec79d2\" data-id=\"8ec79d2\" data-element_type=\"column\">\n\t\t\t<div class=\"elementor-widget-wrap elementor-element-populated\">\n\t\t\t\t\t\t\t\t<div class=\"elementor-element elementor-element-f02becc elementor-align-center elementor-mobile-align-left elementor-widget elementor-widget-button\" data-id=\"f02becc\" data-element_type=\"widget\" data-widget_type=\"button.default\">\n\t\t\t\t<div class=\"elementor-widget-container\">\n\t\t\t\t\t<div class=\"elementor-button-wrapper\">\n\t\t\t<a href=\"http:\/\/obotodexico.com.br\/\" class=\"elementor-button-link elementor-button elementor-size-sm\" role=\"button\">\n\t\t\t\t\t\t<span class=\"elementor-button-content-wrapper\">\n\t\t\t\t\t\t<span class=\"elementor-button-icon elementor-align-icon-right\">\n\t\t\t\t<i aria-hidden=\"true\" class=\"fas fa-home\"><\/i>\t\t\t<\/span>\n\t\t\t\t\t\t<span class=\"elementor-button-text\">\u00cdndice<\/span>\n\t\t<\/span>\n\t\t\t\t\t<\/a>\n\t\t<\/div>\n\t\t\t\t<\/div>\n\t\t\t\t<\/div>\n\t\t\t\t\t<\/div>\n\t\t<\/div>\n\t\t\t\t<div class=\"elementor-column elementor-col-33 elementor-top-column elementor-element elementor-element-cb7c5f6\" data-id=\"cb7c5f6\" data-element_type=\"column\">\n\t\t\t<div class=\"elementor-widget-wrap elementor-element-populated\">\n\t\t\t\t\t\t\t\t<div class=\"elementor-element elementor-element-c7c80bf elementor-align-center elementor-widget elementor-widget-button\" data-id=\"c7c80bf\" data-element_type=\"widget\" data-widget_type=\"button.default\">\n\t\t\t\t<div class=\"elementor-widget-container\">\n\t\t\t\t\t<div class=\"elementor-button-wrapper\">\n\t\t\t<a href=\"http:\/\/obotodexico.com.br\/index.php\/capitulo-16\/\" class=\"elementor-button-link elementor-button elementor-size-sm\" role=\"button\">\n\t\t\t\t\t\t<span class=\"elementor-button-content-wrapper\">\n\t\t\t\t\t\t<span class=\"elementor-button-icon elementor-align-icon-right\">\n\t\t\t\t<i aria-hidden=\"true\" class=\"far fa-arrow-alt-circle-right\"><\/i>\t\t\t<\/span>\n\t\t\t\t\t\t<span class=\"elementor-button-text\">Pr\u00f3ximo<\/span>\n\t\t<\/span>\n\t\t\t\t\t<\/a>\n\t\t<\/div>\n\t\t\t\t<\/div>\n\t\t\t\t<\/div>\n\t\t\t\t\t<\/div>\n\t\t<\/div>\n\t\t\t\t\t\t\t<\/div>\n\t\t<\/section>\n\t\t\t\t\t\t<\/div>\n\t\t\t\t\t<\/div>\n\t\t","protected":false},"excerpt":{"rendered":"<p>O Cobrador da Amaz\u00f4nia Autor: Chicco Moreira Anterior \u00cdndice Pr\u00f3ximo XV. Sem limites para o prazer Cuidando muito bem do professor, como se fora o pr\u00f3prio filho, Telma toma para si as r\u00e9deas da vida desse estrangeiro e transp\u00f5e, de vez, os limites impostos pelo homem fragilizado. Aparece nas horas necess\u00e1rias, sem importunar. O mestre &hellip;<\/p>\n<p class=\"read-more\"> <a class=\"\" href=\"http:\/\/obotodexico.com.br\/index.php\/capitulo-15\/\"> <span class=\"screen-reader-text\">cap\u00edtulo 15<\/span> Leia mais &raquo;<\/a><\/p>\n","protected":false},"author":1,"featured_media":0,"parent":0,"menu_order":0,"comment_status":"closed","ping_status":"closed","template":"","meta":{"footnotes":""},"class_list":["post-516","page","type-page","status-publish","hentry"],"uagb_featured_image_src":{"full":false,"thumbnail":false,"medium":false,"medium_large":false,"large":false,"1536x1536":false,"2048x2048":false},"uagb_author_info":{"display_name":"obotodexico","author_link":"http:\/\/obotodexico.com.br\/index.php\/author\/obotodexico\/"},"uagb_comment_info":0,"uagb_excerpt":"O Cobrador da Amaz\u00f4nia Autor: Chicco Moreira Anterior \u00cdndice Pr\u00f3ximo XV. Sem limites para o prazer Cuidando muito bem do professor, como se fora o pr\u00f3prio filho, Telma toma para si as r\u00e9deas da vida desse estrangeiro e transp\u00f5e, de vez, os limites impostos pelo homem fragilizado. Aparece nas horas necess\u00e1rias, sem importunar. O mestre&hellip;","_links":{"self":[{"href":"http:\/\/obotodexico.com.br\/index.php\/wp-json\/wp\/v2\/pages\/516","targetHints":{"allow":["GET"]}}],"collection":[{"href":"http:\/\/obotodexico.com.br\/index.php\/wp-json\/wp\/v2\/pages"}],"about":[{"href":"http:\/\/obotodexico.com.br\/index.php\/wp-json\/wp\/v2\/types\/page"}],"author":[{"embeddable":true,"href":"http:\/\/obotodexico.com.br\/index.php\/wp-json\/wp\/v2\/users\/1"}],"replies":[{"embeddable":true,"href":"http:\/\/obotodexico.com.br\/index.php\/wp-json\/wp\/v2\/comments?post=516"}],"version-history":[{"count":16,"href":"http:\/\/obotodexico.com.br\/index.php\/wp-json\/wp\/v2\/pages\/516\/revisions"}],"predecessor-version":[{"id":1033,"href":"http:\/\/obotodexico.com.br\/index.php\/wp-json\/wp\/v2\/pages\/516\/revisions\/1033"}],"wp:attachment":[{"href":"http:\/\/obotodexico.com.br\/index.php\/wp-json\/wp\/v2\/media?parent=516"}],"curies":[{"name":"wp","href":"https:\/\/api.w.org\/{rel}","templated":true}]}}