{"id":511,"date":"2021-12-18T19:18:27","date_gmt":"2021-12-18T23:18:27","guid":{"rendered":"http:\/\/obotodexico.com.br\/?page_id=511"},"modified":"2022-01-16T22:21:46","modified_gmt":"2022-01-17T02:21:46","slug":"capitulo-14","status":"publish","type":"page","link":"http:\/\/obotodexico.com.br\/index.php\/capitulo-14\/","title":{"rendered":"cap\u00edtulo 14"},"content":{"rendered":"\t\t<div data-elementor-type=\"wp-page\" data-elementor-id=\"511\" class=\"elementor elementor-511\" data-elementor-settings=\"[]\">\n\t\t\t\t\t\t\t<div class=\"elementor-section-wrap\">\n\t\t\t\t\t\t\t<section class=\"elementor-section elementor-top-section elementor-element elementor-element-71a46376 elementor-section-full_width elementor-section-stretched elementor-section-height-default elementor-section-height-default\" data-id=\"71a46376\" data-element_type=\"section\" data-settings=\"{&quot;stretch_section&quot;:&quot;section-stretched&quot;,&quot;background_background&quot;:&quot;classic&quot;}\">\n\t\t\t\t\t\t<div class=\"elementor-container elementor-column-gap-default\">\n\t\t\t\t\t<div class=\"elementor-column elementor-col-100 elementor-top-column elementor-element elementor-element-4bfc7189\" data-id=\"4bfc7189\" data-element_type=\"column\">\n\t\t\t<div class=\"elementor-widget-wrap elementor-element-populated\">\n\t\t\t\t\t\t\t\t<div class=\"elementor-element elementor-element-16024566 elementor-widget elementor-widget-heading\" data-id=\"16024566\" data-element_type=\"widget\" data-widget_type=\"heading.default\">\n\t\t\t\t<div class=\"elementor-widget-container\">\n\t\t\t<h2 class=\"elementor-heading-title elementor-size-default\">O Cobrador da Amaz\u00f4nia\n<\/h2>\t\t<\/div>\n\t\t\t\t<\/div>\n\t\t\t\t<div class=\"elementor-element elementor-element-6bcd9c30 elementor-widget elementor-widget-text-editor\" data-id=\"6bcd9c30\" data-element_type=\"widget\" data-widget_type=\"text-editor.default\">\n\t\t\t\t<div class=\"elementor-widget-container\">\n\t\t\t\t\t\t\t<p>Autor: Chicco Moreira<\/p>\t\t\t\t\t\t<\/div>\n\t\t\t\t<\/div>\n\t\t\t\t\t<\/div>\n\t\t<\/div>\n\t\t\t\t\t\t\t<\/div>\n\t\t<\/section>\n\t\t\t\t<section class=\"elementor-section elementor-top-section elementor-element elementor-element-1f9cb00 elementor-section-full_width elementor-section-height-default elementor-section-height-default\" data-id=\"1f9cb00\" data-element_type=\"section\">\n\t\t\t\t\t\t<div class=\"elementor-container elementor-column-gap-default\">\n\t\t\t\t\t<div class=\"elementor-column elementor-col-33 elementor-top-column elementor-element elementor-element-940a2c7\" data-id=\"940a2c7\" data-element_type=\"column\">\n\t\t\t<div class=\"elementor-widget-wrap elementor-element-populated\">\n\t\t\t\t\t\t\t\t<div class=\"elementor-element elementor-element-15307c4 elementor-align-center elementor-widget elementor-widget-button\" data-id=\"15307c4\" data-element_type=\"widget\" data-widget_type=\"button.default\">\n\t\t\t\t<div class=\"elementor-widget-container\">\n\t\t\t\t\t<div class=\"elementor-button-wrapper\">\n\t\t\t<a href=\"http:\/\/obotodexico.com.br\/index.php\/capitulo-13\/\" class=\"elementor-button-link elementor-button elementor-size-sm\" role=\"button\">\n\t\t\t\t\t\t<span class=\"elementor-button-content-wrapper\">\n\t\t\t\t\t\t<span class=\"elementor-button-icon elementor-align-icon-left\">\n\t\t\t\t<i aria-hidden=\"true\" class=\"far fa-arrow-alt-circle-left\"><\/i>\t\t\t<\/span>\n\t\t\t\t\t\t<span class=\"elementor-button-text\">Anterior<\/span>\n\t\t<\/span>\n\t\t\t\t\t<\/a>\n\t\t<\/div>\n\t\t\t\t<\/div>\n\t\t\t\t<\/div>\n\t\t\t\t\t<\/div>\n\t\t<\/div>\n\t\t\t\t<div class=\"elementor-column elementor-col-33 elementor-top-column elementor-element elementor-element-a23be57\" data-id=\"a23be57\" data-element_type=\"column\">\n\t\t\t<div class=\"elementor-widget-wrap elementor-element-populated\">\n\t\t\t\t\t\t\t\t<div class=\"elementor-element elementor-element-cc7bf6e elementor-align-center elementor-mobile-align-left elementor-widget elementor-widget-button\" data-id=\"cc7bf6e\" data-element_type=\"widget\" data-widget_type=\"button.default\">\n\t\t\t\t<div class=\"elementor-widget-container\">\n\t\t\t\t\t<div class=\"elementor-button-wrapper\">\n\t\t\t<a href=\"http:\/\/obotodexico.com.br\/\" class=\"elementor-button-link elementor-button elementor-size-sm\" role=\"button\">\n\t\t\t\t\t\t<span class=\"elementor-button-content-wrapper\">\n\t\t\t\t\t\t<span class=\"elementor-button-icon elementor-align-icon-right\">\n\t\t\t\t<i aria-hidden=\"true\" class=\"fas fa-home\"><\/i>\t\t\t<\/span>\n\t\t\t\t\t\t<span class=\"elementor-button-text\">\u00cdndice<\/span>\n\t\t<\/span>\n\t\t\t\t\t<\/a>\n\t\t<\/div>\n\t\t\t\t<\/div>\n\t\t\t\t<\/div>\n\t\t\t\t\t<\/div>\n\t\t<\/div>\n\t\t\t\t<div class=\"elementor-column elementor-col-33 elementor-top-column elementor-element elementor-element-b9aa9bd\" data-id=\"b9aa9bd\" data-element_type=\"column\">\n\t\t\t<div class=\"elementor-widget-wrap elementor-element-populated\">\n\t\t\t\t\t\t\t\t<div class=\"elementor-element elementor-element-187aefe elementor-align-center elementor-widget elementor-widget-button\" data-id=\"187aefe\" data-element_type=\"widget\" data-widget_type=\"button.default\">\n\t\t\t\t<div class=\"elementor-widget-container\">\n\t\t\t\t\t<div class=\"elementor-button-wrapper\">\n\t\t\t<a href=\"http:\/\/obotodexico.com.br\/index.php\/capitulo-15\/\" class=\"elementor-button-link elementor-button elementor-size-sm\" role=\"button\">\n\t\t\t\t\t\t<span class=\"elementor-button-content-wrapper\">\n\t\t\t\t\t\t<span class=\"elementor-button-icon elementor-align-icon-right\">\n\t\t\t\t<i aria-hidden=\"true\" class=\"far fa-arrow-alt-circle-right\"><\/i>\t\t\t<\/span>\n\t\t\t\t\t\t<span class=\"elementor-button-text\">Pr\u00f3ximo<\/span>\n\t\t<\/span>\n\t\t\t\t\t<\/a>\n\t\t<\/div>\n\t\t\t\t<\/div>\n\t\t\t\t<\/div>\n\t\t\t\t\t<\/div>\n\t\t<\/div>\n\t\t\t\t\t\t\t<\/div>\n\t\t<\/section>\n\t\t\t\t<section class=\"elementor-section elementor-top-section elementor-element elementor-element-0ff16ff elementor-section-boxed elementor-section-height-default elementor-section-height-default\" data-id=\"0ff16ff\" data-element_type=\"section\">\n\t\t\t\t\t\t<div class=\"elementor-container elementor-column-gap-default\">\n\t\t\t\t\t<div class=\"elementor-column elementor-col-100 elementor-top-column elementor-element elementor-element-80e0529\" data-id=\"80e0529\" data-element_type=\"column\">\n\t\t\t<div class=\"elementor-widget-wrap elementor-element-populated\">\n\t\t\t\t\t\t\t\t<div class=\"elementor-element elementor-element-f2b9eaf elementor-widget elementor-widget-heading\" data-id=\"f2b9eaf\" data-element_type=\"widget\" data-widget_type=\"heading.default\">\n\t\t\t\t<div class=\"elementor-widget-container\">\n\t\t\t<h2 class=\"elementor-heading-title elementor-size-default\">XIV.\tUm sobrevivente<\/h2>\t\t<\/div>\n\t\t\t\t<\/div>\n\t\t\t\t\t<\/div>\n\t\t<\/div>\n\t\t\t\t\t\t\t<\/div>\n\t\t<\/section>\n\t\t\t\t<section class=\"elementor-section elementor-top-section elementor-element elementor-element-a4a46cf elementor-section-boxed elementor-section-height-default elementor-section-height-default\" data-id=\"a4a46cf\" data-element_type=\"section\">\n\t\t\t\t\t\t<div class=\"elementor-container elementor-column-gap-default\">\n\t\t\t\t\t<div class=\"elementor-column elementor-col-100 elementor-top-column elementor-element elementor-element-86705ba\" data-id=\"86705ba\" data-element_type=\"column\">\n\t\t\t<div class=\"elementor-widget-wrap elementor-element-populated\">\n\t\t\t\t\t\t\t\t<div class=\"elementor-element elementor-element-108a2e6 elementor-widget elementor-widget-text-editor\" data-id=\"108a2e6\" data-element_type=\"widget\" data-widget_type=\"text-editor.default\">\n\t\t\t\t<div class=\"elementor-widget-container\">\n\t\t\t\t\t\t\t<p>Telma conversa com a vizinha e sente que a tempestade est\u00e1 passando bem perto. Apesar dos gritos do vento, ouve a pergunta:<\/p><p>\u2014 E o professor?<\/p><p>\u2014 Esse homem \u00e9 diferente dos outros. Ele t\u00e1 mais interessado no trabalho dele que outra coisa. Acho que ele n\u00e3o quer se envolver com ningu\u00e9m.<\/p><p>A vizinha nota os olhos tristes de Telma:<\/p><p>\u2014 Se ele ti quisesse tu ia com ele, num ia?<\/p><p>\u2014 At\u00e9 pra guerra! Onde ele deixasse qu\u2019eu fosse.<\/p><p>O vento e a poeira fazem as duas fecharem os olhos. Telma sente uma dor muito forte no peito, quando lhe vem \u00e0 mente a imagem de Francisco. Sem entender aquela estranha premoni\u00e7\u00e3o, ela se segura na cerca, e exclama:<\/p><p>\u2014 Nossa, mana, me deu uma coisa aqui no meu peito. Parece aviso.<\/p><p>Telma nem se despede e vai caminhando, sentindo-se mal na dire\u00e7\u00e3o da casa de Francisco.<\/p><p>A vizinha dela observa e desdenha:<\/p><p>\u2014 Essa da\u00ed t\u00e1 apaixonada e nem sabe. Ningu\u00e9m me engana. N\u00e3o vai demorar muito pra pegar uma barriga desse da\u00ed.<\/p><p>Anoiteceu mais cedo em raz\u00e3o da tempestade que agora afinou um pouco. Messias, que estava no boteco do Miro, aparece pelo terreno. Telma, aflita, na janela, percebe a presen\u00e7a do amigo e vai logo perguntando por Francisco, mas o caseiro n\u00e3o tem a resposta. Depois de uma r\u00e1pida vistoria na casa, os dois v\u00e3o at\u00e9 a beira do rio. Percebem que algu\u00e9m pegou a canoa; a corrente est\u00e1 ca\u00edda no ch\u00e3o, junto ao tronco com o cadeado aberto. S\u00f3 pode ter sido o mestre.<\/p><p>Com aperto no cora\u00e7\u00e3o, Telma fica \u00e0 beira de perder os sentidos, tonta. N\u00e3o sente a liga\u00e7\u00e3o que tinha com o professor, e lembra de ter experimentado a mesma sensa\u00e7\u00e3o quando perdeu o marido, assassinado num bar de Xavier.<\/p><p>A evoca\u00e7\u00e3o dessa recorda\u00e7\u00e3o nefasta faz com que a cabocla comece a chorar. Desesperada, ela pede socorro:<\/p><p>\u2014 Meu Deus! N\u00e3o pode ser! Messias, me ajuda! Eu t\u00f4 sentindo que ele pode ter morrido.<\/p><p>Messias n\u00e3o sabe o que fazer, mas tenta acalm\u00e1-la.<\/p><p>\u2014 N\u00f3s vamos encontr\u00e1-lo, Telma.<\/p><p>Ele consegue lev\u00e1-la at\u00e9 a varanda, onde ambos se protegem da chuva agora fininha, sentados na cadeira com vista para o rio. Telma adormece, enquanto Messias observa o cen\u00e1rio, e reza para que o professor apare\u00e7a vivo.<\/p><p>No outro dia, na delegacia, Telma e Messias conversam com o delegado Ja\u00edlson. A preocupa\u00e7\u00e3o e o desespero s\u00f3 aumentam. Messias andou pelos barrancos da redondeza, na tentativa de encontrar algum resqu\u00edcio ou pista da canoa desaparecida. \u00c9 muito dif\u00edcil encontrar ind\u00edcios nas \u00e1guas. A corrente leva tudo para o fundo e para longe.<\/p><p>Ja\u00edlson n\u00e3o sente a menor vontade de procurar pelo forasteiro. A incerteza e a apreens\u00e3o v\u00e3o deixando o clima cada vez pior. A porta se abre bruscamente. \u00c9 Oliveira, assustado. Ele diz que um pescador no balc\u00e3o, um tal Oleg\u00e1rio, tem informa\u00e7\u00f5es sobre o desaparecido.<\/p><p>O ribeirinho confessa que se sente culpado por ter deixado o professor sair daquele barranco sozinho na canoa. Agora oferece ajuda e est\u00e1 disposto a lev\u00e1-los ao local exato onde viu o professor pela \u00faltima vez, antes da tormenta tropical.<\/p><p>Na beira de um barranco, Francisco est\u00e1 do jeito que Telma havia previsto: ensopado, sujo e em completo estado de choque. De p\u00e9 e curvado pra frente, olha est\u00e1tico para o rio. O professor percebe a aproxima\u00e7\u00e3o de um pequeno barco regional, mas n\u00e3o reage, at\u00e9 porque n\u00e3o lembra que est\u00e1 perdido ou que naufragou. N\u00e3o sabe quem ele \u00e9 nem o que est\u00e1 fazendo ali.<\/p><p>Messias, Oleg\u00e1rio e o comandante est\u00e3o na cabine da embarca\u00e7\u00e3o que se aproxima do n\u00e1ufrago. Telma e o delegado est\u00e3o na proa e Ja\u00edlson nota que os olhos da mulher se enchem de l\u00e1grimas mais uma vez, por ver o mestre com vida. O delegado n\u00e3o consegue disfar\u00e7ar sua frustra\u00e7\u00e3o de ter de transport\u00e1-lo respirando, e n\u00e3o num saco preto.<\/p><p>O comandante encosta o motor. Ningu\u00e9m sabe como Francisco passou tantas horas na mata, sem alimento e sem qualquer no\u00e7\u00e3o de como sobreviver em condi\u00e7\u00f5es t\u00e3o adversas. Ningu\u00e9m faz ideia de como ele conseguiu escapar das tais for\u00e7as aqu\u00e1ticas, implac\u00e1veis na arte de levar tudo para o fundo.<\/p><p>Telma corre para abra\u00e7\u00e1-lo, mas o mestre permanece im\u00f3vel por algum tempo, at\u00e9 ser conduzido para dentro da embarca\u00e7\u00e3o. Tudo est\u00e1 muito confuso na mente de Francisco, um terror que marcar\u00e1, para sempre, sua hist\u00f3ria.<\/p><p>O pequeno barco se desloca. A acelera\u00e7\u00e3o levanta muita lama preta embaixo da popa, envolvendo o barco. Enrolado em uma coberta, o homem resgatado come\u00e7a a voltar \u00e0 realidade, gradativamente. At\u00f4nito, indaga a raz\u00e3o da sua presen\u00e7a ali, no barco, enquanto que, aos poucos, percebe o ambiente ao seu redor, e vai retomando a sua tonalidade de pele. Apesar do trauma, o mestre consegue se sentir um pouco melhor, o sol aquecendo o corpo g\u00e9lido.<\/p><p>Em meio \u00e0 vis\u00e3o de ja\u00e7an\u00e3s na beira de um charco, como se estivesse assistindo a um filme, o professor repassa as imagens do acidente.<\/p><p>\u00a0\u201cA canoa come\u00e7a a encher d\u2019\u00e1gua e ele percebe a correnteza ficando mais forte. Esfor\u00e7a-se para aproximar-se da margem, chegar na beira, mas, a cada remada, a canoa enche mais e afunda. Luta contra as \u00e1guas agitadas, que o afastam dos troncos e ra\u00edzes. Mais alguns segundos e tudo estar\u00e1 perdido, acabado no fundo do rio.\u201d<\/p><p>O professor arregala os olhos; est\u00e1 revivendo tudo novamente, toda aquela agonia.<\/p><p>\u201cNesse momento de desespero, j\u00e1 sem for\u00e7as, despede-se da vida. \u00danica imagem capturada pelos olhos afogados s\u00e3o as bolhas de ar formadas pela \u00e1gua debatida por ele\u201d.<\/p><p>Lembra do resto do acidente em fragmentos, como se fossem recortes de jornal mergulhados no lodo da morte.<\/p><p>\u201c\u00c9 quando percebe alguma coisa a cutucar-lhe as costas. Perdido em um verdadeiro turbilh\u00e3o de emo\u00e7\u00f5es, treme, o cora\u00e7\u00e3o bate aceleradamente, parece uma fanfarra muito vista em Xavier nesses \u00faltimos dias. Por um milagre, a correnteza o leva \u00e0 tona e o faz respirar.\u201d<\/p><p>\u00a0<\/p>\t\t\t\t\t\t<\/div>\n\t\t\t\t<\/div>\n\t\t\t\t\t<\/div>\n\t\t<\/div>\n\t\t\t\t\t\t\t<\/div>\n\t\t<\/section>\n\t\t\t\t<section class=\"elementor-section elementor-top-section elementor-element elementor-element-4437420 elementor-section-boxed elementor-section-height-default elementor-section-height-default\" data-id=\"4437420\" data-element_type=\"section\">\n\t\t\t\t\t\t<div class=\"elementor-container elementor-column-gap-default\">\n\t\t\t\t\t<div class=\"elementor-column elementor-col-100 elementor-top-column elementor-element elementor-element-9279cc9\" data-id=\"9279cc9\" data-element_type=\"column\">\n\t\t\t<div class=\"elementor-widget-wrap elementor-element-populated\">\n\t\t\t\t\t\t\t\t<div class=\"elementor-element elementor-element-23ff29e elementor-widget elementor-widget-image\" data-id=\"23ff29e\" data-element_type=\"widget\" data-widget_type=\"image.default\">\n\t\t\t\t<div class=\"elementor-widget-container\">\n\t\t\t\t\t\t\t\t\t\t\t\t\t\t\t<img loading=\"lazy\" decoding=\"async\" width=\"1024\" height=\"729\" src=\"http:\/\/obotodexico.com.br\/wp-content\/uploads\/2022\/01\/14-1024x729.jpg\" class=\"attachment-large size-large\" alt=\"\" srcset=\"http:\/\/obotodexico.com.br\/wp-content\/uploads\/2022\/01\/14-1024x729.jpg 1024w, http:\/\/obotodexico.com.br\/wp-content\/uploads\/2022\/01\/14-300x214.jpg 300w, http:\/\/obotodexico.com.br\/wp-content\/uploads\/2022\/01\/14-768x547.jpg 768w, http:\/\/obotodexico.com.br\/wp-content\/uploads\/2022\/01\/14.jpg 1300w\" sizes=\"auto, (max-width: 1024px) 100vw, 1024px\" \/>\t\t\t\t\t\t\t\t\t\t\t\t\t\t\t<\/div>\n\t\t\t\t<\/div>\n\t\t\t\t\t<\/div>\n\t\t<\/div>\n\t\t\t\t\t\t\t<\/div>\n\t\t<\/section>\n\t\t\t\t<section class=\"elementor-section elementor-top-section elementor-element elementor-element-8f7d438 elementor-section-boxed elementor-section-height-default elementor-section-height-default\" data-id=\"8f7d438\" data-element_type=\"section\">\n\t\t\t\t\t\t<div class=\"elementor-container elementor-column-gap-default\">\n\t\t\t\t\t<div class=\"elementor-column elementor-col-100 elementor-top-column elementor-element elementor-element-189c6b0\" data-id=\"189c6b0\" data-element_type=\"column\">\n\t\t\t<div class=\"elementor-widget-wrap elementor-element-populated\">\n\t\t\t\t\t\t\t\t<div class=\"elementor-element elementor-element-e24bfae elementor-widget elementor-widget-text-editor\" data-id=\"e24bfae\" data-element_type=\"widget\" data-widget_type=\"text-editor.default\">\n\t\t\t\t<div class=\"elementor-widget-container\">\n\t\t\t\t\t\t\t<p>Agora come\u00e7a a lembrar o que houve realmente.<\/p><p>\u201cVolta a respirar e a ver os troncos e ra\u00edzes na margem. O pavor e a vontade de viver n\u00e3o o levam a investigar a forma como emergiu. No momento em que Francisco est\u00e1 prestes a afundar novamente, surge ao lado dele um boto, que nada pra l\u00e1 e pra c\u00e1, assustando-o. Sem titubear, o mestre se agarra em uma das nadadeiras e o boto o leva, gentilmente, para a beira.\u201d<\/p><p>At\u00f4nito e sem querer muita conversa, o professor continua recordando.<\/p><p>\u201cSegurando nas ra\u00edzes, recupera o f\u00f4lego. Como se fosse um animal de estima\u00e7\u00e3o, o boto o afaga, tentando anim\u00e1-lo. Em estado de choque, e respirando energicamente, Francisco n\u00e3o consegue reagir. A chuva diminui, at\u00e9 passar totalmente. Quanto ao animal, depois de cumprir a miss\u00e3o, retira-se com muita honra e humildade, deixando na alma do professor um misto de gratid\u00e3o e surpresa. Quando recupera totalmente o f\u00f4lego, o mestre sai da \u00e1gua, se arrasta e consegue sair do barranco, embrenhando-se na mata, completamente atordoado.\u201d<\/p><p>O professor come\u00e7a a estranhar a situa\u00e7\u00e3o no meio do rio, a bordo de um barco. Fita as \u00e1guas turvas, sente um pavor medonho. A ideia da morte o assola mais uma vez. De uma hora para outra, sente-se dominado por uma fobia de \u00e1gua que se instala rapidamente, e percebe que aquela coragem de aventureiro havia sucumbido nas profundezas. Assustado, levanta-se, esconde-se por tr\u00e1s de algumas caixas amarradas ao lado dele e berra para ser tirado dali.<\/p><p>Falando com o delegado sobre o estado do professor, Telma corre para prestar socorro. Francisco, enfim, a reconhece, e se deixa abra\u00e7ar por ela.<\/p><p>\u2014 Calma, j\u00e1 passou, j\u00e1 passou.<\/p><p>Telma tenta acalent\u00e1-lo, enquanto o delegado, enciumado, fixa o olhar no casal. Messias observa o rio e avista um boto. Cutuca o delegado, mas o boto, muito mais r\u00e1pido, submerge antes de ser visto.<\/p>\t\t\t\t\t\t<\/div>\n\t\t\t\t<\/div>\n\t\t\t\t\t<\/div>\n\t\t<\/div>\n\t\t\t\t\t\t\t<\/div>\n\t\t<\/section>\n\t\t\t\t<section class=\"elementor-section elementor-top-section elementor-element elementor-element-2219ea8 elementor-section-boxed elementor-section-height-default elementor-section-height-default\" data-id=\"2219ea8\" data-element_type=\"section\">\n\t\t\t\t\t\t<div class=\"elementor-container elementor-column-gap-default\">\n\t\t\t\t\t<div class=\"elementor-column elementor-col-100 elementor-top-column elementor-element elementor-element-f16a7da\" data-id=\"f16a7da\" data-element_type=\"column\">\n\t\t\t<div class=\"elementor-widget-wrap elementor-element-populated\">\n\t\t\t\t\t\t\t\t<div class=\"elementor-element elementor-element-f45dca4 elementor-aspect-ratio-169 elementor-widget elementor-widget-video\" data-id=\"f45dca4\" data-element_type=\"widget\" data-settings=\"{&quot;youtube_url&quot;:&quot;https:\\\/\\\/www.youtube.com\\\/watch?v=rgan6kVrg3U&quot;,&quot;video_type&quot;:&quot;youtube&quot;,&quot;controls&quot;:&quot;yes&quot;,&quot;aspect_ratio&quot;:&quot;169&quot;}\" data-widget_type=\"video.default\">\n\t\t\t\t<div class=\"elementor-widget-container\">\n\t\t\t\t\t<div class=\"elementor-wrapper elementor-fit-aspect-ratio elementor-open-inline\">\n\t\t\t<div class=\"elementor-video\"><\/div>\t\t<\/div>\n\t\t\t\t<\/div>\n\t\t\t\t<\/div>\n\t\t\t\t\t<\/div>\n\t\t<\/div>\n\t\t\t\t\t\t\t<\/div>\n\t\t<\/section>\n\t\t\t\t<section class=\"elementor-section elementor-top-section elementor-element elementor-element-4cb5126 elementor-section-full_width elementor-section-height-default elementor-section-height-default\" data-id=\"4cb5126\" data-element_type=\"section\">\n\t\t\t\t\t\t<div class=\"elementor-container elementor-column-gap-default\">\n\t\t\t\t\t<div class=\"elementor-column elementor-col-33 elementor-top-column elementor-element elementor-element-9c1adb3\" data-id=\"9c1adb3\" data-element_type=\"column\">\n\t\t\t<div class=\"elementor-widget-wrap elementor-element-populated\">\n\t\t\t\t\t\t\t\t<div class=\"elementor-element elementor-element-1ec0ef9 elementor-align-center elementor-widget elementor-widget-button\" data-id=\"1ec0ef9\" data-element_type=\"widget\" data-widget_type=\"button.default\">\n\t\t\t\t<div class=\"elementor-widget-container\">\n\t\t\t\t\t<div class=\"elementor-button-wrapper\">\n\t\t\t<a href=\"http:\/\/obotodexico.com.br\/index.php\/capitulo-13\/\" class=\"elementor-button-link elementor-button elementor-size-sm\" role=\"button\">\n\t\t\t\t\t\t<span class=\"elementor-button-content-wrapper\">\n\t\t\t\t\t\t<span class=\"elementor-button-icon elementor-align-icon-left\">\n\t\t\t\t<i aria-hidden=\"true\" class=\"far fa-arrow-alt-circle-left\"><\/i>\t\t\t<\/span>\n\t\t\t\t\t\t<span class=\"elementor-button-text\">Anterior<\/span>\n\t\t<\/span>\n\t\t\t\t\t<\/a>\n\t\t<\/div>\n\t\t\t\t<\/div>\n\t\t\t\t<\/div>\n\t\t\t\t\t<\/div>\n\t\t<\/div>\n\t\t\t\t<div class=\"elementor-column elementor-col-33 elementor-top-column elementor-element elementor-element-eb4d96d\" data-id=\"eb4d96d\" data-element_type=\"column\">\n\t\t\t<div class=\"elementor-widget-wrap elementor-element-populated\">\n\t\t\t\t\t\t\t\t<div class=\"elementor-element elementor-element-e265f02 elementor-align-center elementor-mobile-align-left elementor-widget elementor-widget-button\" data-id=\"e265f02\" data-element_type=\"widget\" data-widget_type=\"button.default\">\n\t\t\t\t<div class=\"elementor-widget-container\">\n\t\t\t\t\t<div class=\"elementor-button-wrapper\">\n\t\t\t<a href=\"http:\/\/obotodexico.com.br\/\" class=\"elementor-button-link elementor-button elementor-size-sm\" role=\"button\">\n\t\t\t\t\t\t<span class=\"elementor-button-content-wrapper\">\n\t\t\t\t\t\t<span class=\"elementor-button-icon elementor-align-icon-right\">\n\t\t\t\t<i aria-hidden=\"true\" class=\"fas fa-home\"><\/i>\t\t\t<\/span>\n\t\t\t\t\t\t<span class=\"elementor-button-text\">\u00cdndice<\/span>\n\t\t<\/span>\n\t\t\t\t\t<\/a>\n\t\t<\/div>\n\t\t\t\t<\/div>\n\t\t\t\t<\/div>\n\t\t\t\t\t<\/div>\n\t\t<\/div>\n\t\t\t\t<div class=\"elementor-column elementor-col-33 elementor-top-column elementor-element elementor-element-6f97d8c\" data-id=\"6f97d8c\" data-element_type=\"column\">\n\t\t\t<div class=\"elementor-widget-wrap elementor-element-populated\">\n\t\t\t\t\t\t\t\t<div class=\"elementor-element elementor-element-8e3a9c0 elementor-align-center elementor-widget elementor-widget-button\" data-id=\"8e3a9c0\" data-element_type=\"widget\" data-widget_type=\"button.default\">\n\t\t\t\t<div class=\"elementor-widget-container\">\n\t\t\t\t\t<div class=\"elementor-button-wrapper\">\n\t\t\t<a href=\"http:\/\/obotodexico.com.br\/index.php\/capitulo-15\/\" class=\"elementor-button-link elementor-button elementor-size-sm\" role=\"button\">\n\t\t\t\t\t\t<span class=\"elementor-button-content-wrapper\">\n\t\t\t\t\t\t<span class=\"elementor-button-icon elementor-align-icon-right\">\n\t\t\t\t<i aria-hidden=\"true\" class=\"far fa-arrow-alt-circle-right\"><\/i>\t\t\t<\/span>\n\t\t\t\t\t\t<span class=\"elementor-button-text\">Pr\u00f3ximo<\/span>\n\t\t<\/span>\n\t\t\t\t\t<\/a>\n\t\t<\/div>\n\t\t\t\t<\/div>\n\t\t\t\t<\/div>\n\t\t\t\t\t<\/div>\n\t\t<\/div>\n\t\t\t\t\t\t\t<\/div>\n\t\t<\/section>\n\t\t\t\t\t\t<\/div>\n\t\t\t\t\t<\/div>\n\t\t","protected":false},"excerpt":{"rendered":"<p>O Cobrador da Amaz\u00f4nia Autor: Chicco Moreira Anterior \u00cdndice Pr\u00f3ximo XIV. Um sobrevivente Telma conversa com a vizinha e sente que a tempestade est\u00e1 passando bem perto. Apesar dos gritos do vento, ouve a pergunta: \u2014 E o professor? \u2014 Esse homem \u00e9 diferente dos outros. Ele t\u00e1 mais interessado no trabalho dele que outra &hellip;<\/p>\n<p class=\"read-more\"> <a class=\"\" href=\"http:\/\/obotodexico.com.br\/index.php\/capitulo-14\/\"> <span class=\"screen-reader-text\">cap\u00edtulo 14<\/span> Leia mais &raquo;<\/a><\/p>\n","protected":false},"author":1,"featured_media":0,"parent":0,"menu_order":0,"comment_status":"closed","ping_status":"closed","template":"","meta":{"footnotes":""},"class_list":["post-511","page","type-page","status-publish","hentry"],"uagb_featured_image_src":{"full":false,"thumbnail":false,"medium":false,"medium_large":false,"large":false,"1536x1536":false,"2048x2048":false},"uagb_author_info":{"display_name":"obotodexico","author_link":"http:\/\/obotodexico.com.br\/index.php\/author\/obotodexico\/"},"uagb_comment_info":0,"uagb_excerpt":"O Cobrador da Amaz\u00f4nia Autor: Chicco Moreira Anterior \u00cdndice Pr\u00f3ximo XIV. Um sobrevivente Telma conversa com a vizinha e sente que a tempestade est\u00e1 passando bem perto. Apesar dos gritos do vento, ouve a pergunta: \u2014 E o professor? \u2014 Esse homem \u00e9 diferente dos outros. Ele t\u00e1 mais interessado no trabalho dele que outra&hellip;","_links":{"self":[{"href":"http:\/\/obotodexico.com.br\/index.php\/wp-json\/wp\/v2\/pages\/511","targetHints":{"allow":["GET"]}}],"collection":[{"href":"http:\/\/obotodexico.com.br\/index.php\/wp-json\/wp\/v2\/pages"}],"about":[{"href":"http:\/\/obotodexico.com.br\/index.php\/wp-json\/wp\/v2\/types\/page"}],"author":[{"embeddable":true,"href":"http:\/\/obotodexico.com.br\/index.php\/wp-json\/wp\/v2\/users\/1"}],"replies":[{"embeddable":true,"href":"http:\/\/obotodexico.com.br\/index.php\/wp-json\/wp\/v2\/comments?post=511"}],"version-history":[{"count":18,"href":"http:\/\/obotodexico.com.br\/index.php\/wp-json\/wp\/v2\/pages\/511\/revisions"}],"predecessor-version":[{"id":1030,"href":"http:\/\/obotodexico.com.br\/index.php\/wp-json\/wp\/v2\/pages\/511\/revisions\/1030"}],"wp:attachment":[{"href":"http:\/\/obotodexico.com.br\/index.php\/wp-json\/wp\/v2\/media?parent=511"}],"curies":[{"name":"wp","href":"https:\/\/api.w.org\/{rel}","templated":true}]}}