{"id":506,"date":"2021-12-18T19:16:57","date_gmt":"2021-12-18T23:16:57","guid":{"rendered":"http:\/\/obotodexico.com.br\/?page_id=506"},"modified":"2022-01-16T22:17:54","modified_gmt":"2022-01-17T02:17:54","slug":"capitulo-13","status":"publish","type":"page","link":"http:\/\/obotodexico.com.br\/index.php\/capitulo-13\/","title":{"rendered":"cap\u00edtulo 13"},"content":{"rendered":"\t\t<div data-elementor-type=\"wp-page\" data-elementor-id=\"506\" class=\"elementor elementor-506\" data-elementor-settings=\"[]\">\n\t\t\t\t\t\t\t<div class=\"elementor-section-wrap\">\n\t\t\t\t\t\t\t<section class=\"elementor-section elementor-top-section elementor-element elementor-element-71a46376 elementor-section-full_width elementor-section-stretched elementor-section-height-default elementor-section-height-default\" data-id=\"71a46376\" data-element_type=\"section\" data-settings=\"{&quot;stretch_section&quot;:&quot;section-stretched&quot;,&quot;background_background&quot;:&quot;classic&quot;}\">\n\t\t\t\t\t\t<div class=\"elementor-container elementor-column-gap-default\">\n\t\t\t\t\t<div class=\"elementor-column elementor-col-100 elementor-top-column elementor-element elementor-element-4bfc7189\" data-id=\"4bfc7189\" data-element_type=\"column\">\n\t\t\t<div class=\"elementor-widget-wrap elementor-element-populated\">\n\t\t\t\t\t\t\t\t<div class=\"elementor-element elementor-element-16024566 elementor-widget elementor-widget-heading\" data-id=\"16024566\" data-element_type=\"widget\" data-widget_type=\"heading.default\">\n\t\t\t\t<div class=\"elementor-widget-container\">\n\t\t\t<h2 class=\"elementor-heading-title elementor-size-default\">O Cobrador da Amaz\u00f4nia\n<\/h2>\t\t<\/div>\n\t\t\t\t<\/div>\n\t\t\t\t<div class=\"elementor-element elementor-element-6bcd9c30 elementor-widget elementor-widget-text-editor\" data-id=\"6bcd9c30\" data-element_type=\"widget\" data-widget_type=\"text-editor.default\">\n\t\t\t\t<div class=\"elementor-widget-container\">\n\t\t\t\t\t\t\t<p>Autor: Chicco Moreira<\/p>\t\t\t\t\t\t<\/div>\n\t\t\t\t<\/div>\n\t\t\t\t\t<\/div>\n\t\t<\/div>\n\t\t\t\t\t\t\t<\/div>\n\t\t<\/section>\n\t\t\t\t<section class=\"elementor-section elementor-top-section elementor-element elementor-element-1f9cb00 elementor-section-full_width elementor-section-height-default elementor-section-height-default\" data-id=\"1f9cb00\" data-element_type=\"section\">\n\t\t\t\t\t\t<div class=\"elementor-container elementor-column-gap-default\">\n\t\t\t\t\t<div class=\"elementor-column elementor-col-33 elementor-top-column elementor-element elementor-element-940a2c7\" data-id=\"940a2c7\" data-element_type=\"column\">\n\t\t\t<div class=\"elementor-widget-wrap elementor-element-populated\">\n\t\t\t\t\t\t\t\t<div class=\"elementor-element elementor-element-15307c4 elementor-align-center elementor-widget elementor-widget-button\" data-id=\"15307c4\" data-element_type=\"widget\" data-widget_type=\"button.default\">\n\t\t\t\t<div class=\"elementor-widget-container\">\n\t\t\t\t\t<div class=\"elementor-button-wrapper\">\n\t\t\t<a href=\"http:\/\/obotodexico.com.br\/index.php\/capitulo-12\/\" class=\"elementor-button-link elementor-button elementor-size-sm\" role=\"button\">\n\t\t\t\t\t\t<span class=\"elementor-button-content-wrapper\">\n\t\t\t\t\t\t<span class=\"elementor-button-icon elementor-align-icon-left\">\n\t\t\t\t<i aria-hidden=\"true\" class=\"far fa-arrow-alt-circle-left\"><\/i>\t\t\t<\/span>\n\t\t\t\t\t\t<span class=\"elementor-button-text\">Anterior<\/span>\n\t\t<\/span>\n\t\t\t\t\t<\/a>\n\t\t<\/div>\n\t\t\t\t<\/div>\n\t\t\t\t<\/div>\n\t\t\t\t\t<\/div>\n\t\t<\/div>\n\t\t\t\t<div class=\"elementor-column elementor-col-33 elementor-top-column elementor-element elementor-element-a23be57\" data-id=\"a23be57\" data-element_type=\"column\">\n\t\t\t<div class=\"elementor-widget-wrap elementor-element-populated\">\n\t\t\t\t\t\t\t\t<div class=\"elementor-element elementor-element-cc7bf6e elementor-align-center elementor-mobile-align-left elementor-widget elementor-widget-button\" data-id=\"cc7bf6e\" data-element_type=\"widget\" data-widget_type=\"button.default\">\n\t\t\t\t<div class=\"elementor-widget-container\">\n\t\t\t\t\t<div class=\"elementor-button-wrapper\">\n\t\t\t<a href=\"http:\/\/obotodexico.com.br\/\" class=\"elementor-button-link elementor-button elementor-size-sm\" role=\"button\">\n\t\t\t\t\t\t<span class=\"elementor-button-content-wrapper\">\n\t\t\t\t\t\t<span class=\"elementor-button-icon elementor-align-icon-right\">\n\t\t\t\t<i aria-hidden=\"true\" class=\"fas fa-home\"><\/i>\t\t\t<\/span>\n\t\t\t\t\t\t<span class=\"elementor-button-text\">\u00cdndice<\/span>\n\t\t<\/span>\n\t\t\t\t\t<\/a>\n\t\t<\/div>\n\t\t\t\t<\/div>\n\t\t\t\t<\/div>\n\t\t\t\t\t<\/div>\n\t\t<\/div>\n\t\t\t\t<div class=\"elementor-column elementor-col-33 elementor-top-column elementor-element elementor-element-b9aa9bd\" data-id=\"b9aa9bd\" data-element_type=\"column\">\n\t\t\t<div class=\"elementor-widget-wrap elementor-element-populated\">\n\t\t\t\t\t\t\t\t<div class=\"elementor-element elementor-element-187aefe elementor-align-center elementor-widget elementor-widget-button\" data-id=\"187aefe\" data-element_type=\"widget\" data-widget_type=\"button.default\">\n\t\t\t\t<div class=\"elementor-widget-container\">\n\t\t\t\t\t<div class=\"elementor-button-wrapper\">\n\t\t\t<a href=\"http:\/\/obotodexico.com.br\/index.php\/capitulo-14\/\" class=\"elementor-button-link elementor-button elementor-size-sm\" role=\"button\">\n\t\t\t\t\t\t<span class=\"elementor-button-content-wrapper\">\n\t\t\t\t\t\t<span class=\"elementor-button-icon elementor-align-icon-right\">\n\t\t\t\t<i aria-hidden=\"true\" class=\"far fa-arrow-alt-circle-right\"><\/i>\t\t\t<\/span>\n\t\t\t\t\t\t<span class=\"elementor-button-text\">Pr\u00f3ximo<\/span>\n\t\t<\/span>\n\t\t\t\t\t<\/a>\n\t\t<\/div>\n\t\t\t\t<\/div>\n\t\t\t\t<\/div>\n\t\t\t\t\t<\/div>\n\t\t<\/div>\n\t\t\t\t\t\t\t<\/div>\n\t\t<\/section>\n\t\t\t\t<section class=\"elementor-section elementor-top-section elementor-element elementor-element-0ff16ff elementor-section-boxed elementor-section-height-default elementor-section-height-default\" data-id=\"0ff16ff\" data-element_type=\"section\">\n\t\t\t\t\t\t<div class=\"elementor-container elementor-column-gap-default\">\n\t\t\t\t\t<div class=\"elementor-column elementor-col-100 elementor-top-column elementor-element elementor-element-80e0529\" data-id=\"80e0529\" data-element_type=\"column\">\n\t\t\t<div class=\"elementor-widget-wrap elementor-element-populated\">\n\t\t\t\t\t\t\t\t<div class=\"elementor-element elementor-element-f2b9eaf elementor-widget elementor-widget-heading\" data-id=\"f2b9eaf\" data-element_type=\"widget\" data-widget_type=\"heading.default\">\n\t\t\t\t<div class=\"elementor-widget-container\">\n\t\t\t<h2 class=\"elementor-heading-title elementor-size-default\">XIII.\tTempestade na mata<\/h2>\t\t<\/div>\n\t\t\t\t<\/div>\n\t\t\t\t\t<\/div>\n\t\t<\/div>\n\t\t\t\t\t\t\t<\/div>\n\t\t<\/section>\n\t\t\t\t<section class=\"elementor-section elementor-top-section elementor-element elementor-element-a4a46cf elementor-section-boxed elementor-section-height-default elementor-section-height-default\" data-id=\"a4a46cf\" data-element_type=\"section\">\n\t\t\t\t\t\t<div class=\"elementor-container elementor-column-gap-default\">\n\t\t\t\t\t<div class=\"elementor-column elementor-col-100 elementor-top-column elementor-element elementor-element-86705ba\" data-id=\"86705ba\" data-element_type=\"column\">\n\t\t\t<div class=\"elementor-widget-wrap elementor-element-populated\">\n\t\t\t\t\t\t\t\t<div class=\"elementor-element elementor-element-108a2e6 elementor-widget elementor-widget-text-editor\" data-id=\"108a2e6\" data-element_type=\"widget\" data-widget_type=\"text-editor.default\">\n\t\t\t\t<div class=\"elementor-widget-container\">\n\t\t\t\t\t\t\t<p>O professor Francisco Bonart\u00e9rio completou um m\u00eas em Xavier. As \u00e1guas do rio n\u00e3o param de subir. Os crimes e a repercuss\u00e3o na cidade, mais as inquieta\u00e7\u00f5es do mestre, interromperam a pesquisa por uns dias. A retomada se atrasa ainda mais porque explode, no cora\u00e7\u00e3o da selva amaz\u00f4nica, uma grande farra que o professor nem percebeu que se aproximava: o carnaval.<\/p><p>Blocos em algazarra levantam poeira, no ritmo de m\u00fasicas da \u00e9poca e em meio a plumagens coloridas e fantasias espalhafatosas. Ao lado de Telma, o mestre se espanta:<\/p><p>&#8211; J\u00e1 estamos no carnaval?<\/p><p>A vizinha responde:<\/p><p>\u2014 Aqui o carnaval chega mais cedo e termina muito mais tarde que nos outros lugares.<\/p><p>Indiferente, o professor v\u00ea os foli\u00f5es passarem. Telma ignora o mau jeito e se anima. Cr\u00edtico dessas manifesta\u00e7\u00f5es, Francisco se recolhe. Carnaval \u00e9 um luxo n\u00e3o cobi\u00e7ado nem desfrutado pelo intelectual. Francisco sabe que Telma \u00e9 uma boa mulher, e sofre calado por sentir uma atra\u00e7\u00e3o t\u00e3o forte por ela.<\/p><p>Sozinho, impaciente, o professor se permite um arroubo de liberdade. Resolve se aventurar no rio, em busca de sossego para arrumar as ideias. A primeira experi\u00eancia serviu de li\u00e7\u00e3o. Francisco faz a canoa deslizar sobre as \u00e1guas com habilidade e seguran\u00e7a. N\u00e3o tem muita dificuldade para dar as remadas iniciais. Durante algum tempo, passeia e admira a beleza dos igap\u00f3s, igarap\u00e9s e da vegeta\u00e7\u00e3o do lugar, enquanto se afasta, cada vez mais, da orgia carnavalesca que impera em Xavier.<\/p><p>Inesperadamente, tra\u00eddo pelo vaiv\u00e9m da mar\u00e9, sai da enseada e entra na correnteza. Sente a press\u00e3o e se assusta com a velocidade da catraia no leito do rio. Mais por instinto do que por conhecimento, consegue encostar a canoa na primeira margem acess\u00edvel, sem pedras nem paus. Desce e pisa no barral da margem. Amarra a canoa no galho de uma \u00e1rvore e segue por uma trilha. Subindo uma colina, encontra uma centen\u00e1ria castanheira que lhe oferece a sombra desejada para refletir.<\/p><p>Ouvindo o cantar de centenas de aves de beleza desconhecida, deslumbrado com a beleza natural, o mestre analisa suas anota\u00e7\u00f5es. Sentado ao p\u00e9 da \u00e1rvore com mais de quarenta metros, com vista para o rio, analisa, de forma fria e sem ju\u00edzos de valor, suas anota\u00e7\u00f5es, produto de todo o seu trabalho, e deduz que a lenda do boto surgiu apenas para encobrir os deslizes das caboclinhas ou isentar de culpa algum coronel. \u00c9 uma lenda perfeitamente aceit\u00e1vel e necess\u00e1ria nessa regi\u00e3o do delta, cujos habitantes n\u00e3o enxergam qualquer pecado ou culpa no ato sexual.<\/p><p>Concluindo a miss\u00e3o do dia e, sentindo-se realizado e merecedor de um pr\u00eamio, levanta-se, com o ego inflamado, e caminha, como se estivesse nas nuvens, de volta para a canoa, imaginando os convites que receber\u00e1 das universidades para dar as suas palestras. O momento de \u00eaxtase \u00e9 quebrado por um farfalhar n\u00e3o muito distante. O professor se sente observado. Seu cora\u00e7\u00e3o acelera, ele se levanta e segue apavorado na dire\u00e7\u00e3o da beira, onde a canoa est\u00e1 amarrada. Ainda com as pernas tr\u00eamulas, toma novo susto enquanto desamarra o transporte. \u00c9 Oleg\u00e1rio, um pescador da vila que, bradando com um vozeir\u00e3o alto e firme, alerta:<\/p><p>\u2014 Vem chuva forte por a\u00ed. Se vai remar agora, professor, v\u00e1 bem pela beira.<\/p><p>\u2014 Ah, sim, muito obrigado.<\/p><p>\u00a0<\/p>\t\t\t\t\t\t<\/div>\n\t\t\t\t<\/div>\n\t\t\t\t\t<\/div>\n\t\t<\/div>\n\t\t\t\t\t\t\t<\/div>\n\t\t<\/section>\n\t\t\t\t<section class=\"elementor-section elementor-top-section elementor-element elementor-element-0cd9252 elementor-section-boxed elementor-section-height-default elementor-section-height-default\" data-id=\"0cd9252\" data-element_type=\"section\">\n\t\t\t\t\t\t<div class=\"elementor-container elementor-column-gap-default\">\n\t\t\t\t\t<div class=\"elementor-column elementor-col-100 elementor-top-column elementor-element elementor-element-8d955d3\" data-id=\"8d955d3\" data-element_type=\"column\">\n\t\t\t<div class=\"elementor-widget-wrap elementor-element-populated\">\n\t\t\t\t\t\t\t\t<div class=\"elementor-element elementor-element-c782388 elementor-aspect-ratio-169 elementor-widget elementor-widget-video\" data-id=\"c782388\" data-element_type=\"widget\" data-settings=\"{&quot;youtube_url&quot;:&quot;https:\\\/\\\/www.youtube.com\\\/watch?v=thwrRAHlCdE&quot;,&quot;video_type&quot;:&quot;youtube&quot;,&quot;controls&quot;:&quot;yes&quot;,&quot;aspect_ratio&quot;:&quot;169&quot;}\" data-widget_type=\"video.default\">\n\t\t\t\t<div class=\"elementor-widget-container\">\n\t\t\t\t\t<div class=\"elementor-wrapper elementor-fit-aspect-ratio elementor-open-inline\">\n\t\t\t<div class=\"elementor-video\"><\/div>\t\t<\/div>\n\t\t\t\t<\/div>\n\t\t\t\t<\/div>\n\t\t\t\t\t<\/div>\n\t\t<\/div>\n\t\t\t\t\t\t\t<\/div>\n\t\t<\/section>\n\t\t\t\t<section class=\"elementor-section elementor-top-section elementor-element elementor-element-29d25e0 elementor-section-boxed elementor-section-height-default elementor-section-height-default\" data-id=\"29d25e0\" data-element_type=\"section\">\n\t\t\t\t\t\t<div class=\"elementor-container elementor-column-gap-default\">\n\t\t\t\t\t<div class=\"elementor-column elementor-col-100 elementor-top-column elementor-element elementor-element-8193577\" data-id=\"8193577\" data-element_type=\"column\">\n\t\t\t<div class=\"elementor-widget-wrap elementor-element-populated\">\n\t\t\t\t\t\t\t\t<div class=\"elementor-element elementor-element-1e59f76 elementor-widget elementor-widget-text-editor\" data-id=\"1e59f76\" data-element_type=\"widget\" data-widget_type=\"text-editor.default\">\n\t\t\t\t<div class=\"elementor-widget-container\">\n\t\t\t\t\t\t\t<p style=\"font-size: 16px; font-style: normal; font-weight: 400;\">Rapidamente, o c\u00e9u come\u00e7a a ficar cinzento. Folhas, mato e palhas de tucum\u00e3 voam sobre as \u00e1guas. As \u00e1rvores se deitam com a for\u00e7a das rajadas. O vento afasta mais a canoa da margem. Assustado, Francisco rema com for\u00e7a. A tempestade despenca. Gotas enormes atingem a cabe\u00e7a do mestre desprotegido:<\/p><p style=\"font-size: 16px; font-style: normal; font-weight: 400;\">\u2014 O caboclo tinha raz\u00e3o.<\/p><p style=\"font-size: 16px; font-style: normal; font-weight: 400;\">O temporal est\u00e1 formado. As palhas dos p\u00e9s de tucum\u00e3, que se desprenderam, decolam do ch\u00e3o e acertam em cheio o rosto do professor, furando sua face amedrontada com seus espinhos resistentes. A dor e o sangue o fazem remar com mais for\u00e7a e com menos habilidade ainda. A canoa come\u00e7a a se encher d\u2019\u00e1gua, e ele observa que a correnteza adquire mais for\u00e7a; ele sente que a embarca\u00e7\u00e3o n\u00e3o resistir\u00e1 por muito mais tempo.<\/p><p style=\"font-size: 16px; font-style: normal; font-weight: 400;\">Em seu terror, Francisco v\u00ea as ra\u00edzes expostas na beira do barranco sendo engolidas, aos poucos. Mais uma semana e as \u00e1rvores estar\u00e3o dentro d\u2019\u00e1gua com suas ra\u00edzes arrancadas. Nesse momento, s\u00f3 elas podem salvar a sua vida, desde que ele as alcance a tempo.<\/p><p style=\"font-size: 16px; font-style: normal; font-weight: 400;\">O mestre se esfor\u00e7a para aproximar-se o mais r\u00e1pido poss\u00edvel, com as \u00faltimas for\u00e7as que ainda lhe restam. \u00c9 a \u00fanica chance de sobreviver. Ele respira fundo e espera o amargo desfecho. O rosto sangra. Antes de chegar ao barranco, a velha canoa afunda. Apavorado, Francisco sente toda a fragilidade da sua ci\u00eancia diante dos caprichos da natureza e se debate com a correnteza sem soltar o ar dos pulm\u00f5es. Fica no meio de galhos que descem o rio com viol\u00eancia e v\u00ea que seus bra\u00e7os e pernas, seu corpo inteiro, at\u00e9 sua consci\u00eancia, misturam-se ao rio, e que bastam mais alguns segundos para que tudo esteja perdido. Sem for\u00e7as, o professor v\u00ea que ele e todo o seu \u00e1rduo trabalho est\u00e3o se misturando ao rio.<\/p><p>\u00a0<\/p>\t\t\t\t\t\t<\/div>\n\t\t\t\t<\/div>\n\t\t\t\t\t<\/div>\n\t\t<\/div>\n\t\t\t\t\t\t\t<\/div>\n\t\t<\/section>\n\t\t\t\t<section class=\"elementor-section elementor-top-section elementor-element elementor-element-833e31b elementor-section-boxed elementor-section-height-default elementor-section-height-default\" data-id=\"833e31b\" data-element_type=\"section\">\n\t\t\t\t\t\t<div class=\"elementor-container elementor-column-gap-default\">\n\t\t\t\t\t<div class=\"elementor-column elementor-col-100 elementor-top-column elementor-element elementor-element-6dfa398\" data-id=\"6dfa398\" data-element_type=\"column\">\n\t\t\t<div class=\"elementor-widget-wrap elementor-element-populated\">\n\t\t\t\t\t\t\t\t<div class=\"elementor-element elementor-element-2b469f8 elementor-widget elementor-widget-image\" data-id=\"2b469f8\" data-element_type=\"widget\" data-widget_type=\"image.default\">\n\t\t\t\t<div class=\"elementor-widget-container\">\n\t\t\t\t\t\t\t\t\t\t\t\t\t\t\t<img loading=\"lazy\" decoding=\"async\" width=\"1024\" height=\"729\" src=\"http:\/\/obotodexico.com.br\/wp-content\/uploads\/2022\/01\/13-1024x729.jpg\" class=\"attachment-large size-large\" alt=\"\" srcset=\"http:\/\/obotodexico.com.br\/wp-content\/uploads\/2022\/01\/13-1024x729.jpg 1024w, http:\/\/obotodexico.com.br\/wp-content\/uploads\/2022\/01\/13-300x214.jpg 300w, http:\/\/obotodexico.com.br\/wp-content\/uploads\/2022\/01\/13-768x547.jpg 768w, http:\/\/obotodexico.com.br\/wp-content\/uploads\/2022\/01\/13.jpg 1300w\" sizes=\"auto, (max-width: 1024px) 100vw, 1024px\" \/>\t\t\t\t\t\t\t\t\t\t\t\t\t\t\t<\/div>\n\t\t\t\t<\/div>\n\t\t\t\t\t<\/div>\n\t\t<\/div>\n\t\t\t\t\t\t\t<\/div>\n\t\t<\/section>\n\t\t\t\t<section class=\"elementor-section elementor-top-section elementor-element elementor-element-ba89bfe elementor-section-boxed elementor-section-height-default elementor-section-height-default\" data-id=\"ba89bfe\" data-element_type=\"section\">\n\t\t\t\t\t\t<div class=\"elementor-container elementor-column-gap-default\">\n\t\t\t\t\t<div class=\"elementor-column elementor-col-100 elementor-top-column elementor-element elementor-element-343609c\" data-id=\"343609c\" data-element_type=\"column\">\n\t\t\t<div class=\"elementor-widget-wrap elementor-element-populated\">\n\t\t\t\t\t\t\t\t<div class=\"elementor-element elementor-element-63b63fe elementor-widget elementor-widget-text-editor\" data-id=\"63b63fe\" data-element_type=\"widget\" data-widget_type=\"text-editor.default\">\n\t\t\t\t<div class=\"elementor-widget-container\">\n\t\t\t\t\t\t\t<p>Nesse momento de desespero, abatido, Francisco despede-se da vida. A \u00fanica imagem que consegue registrar \u00e9 a de bolhas de ar formadas pelas \u00e1guas debatidas que rasgam as folhas do seu precioso trabalho. Tomado de p\u00e2nico, encontra um fio de esperan\u00e7a na \u00faltima linha de seus pensamentos: Telma.<br><\/p>\n<p><\/p>\t\t\t\t\t\t<\/div>\n\t\t\t\t<\/div>\n\t\t\t\t\t<\/div>\n\t\t<\/div>\n\t\t\t\t\t\t\t<\/div>\n\t\t<\/section>\n\t\t\t\t<section class=\"elementor-section elementor-top-section elementor-element elementor-element-1e72553 elementor-section-full_width elementor-section-height-default elementor-section-height-default\" data-id=\"1e72553\" data-element_type=\"section\">\n\t\t\t\t\t\t<div class=\"elementor-container elementor-column-gap-default\">\n\t\t\t\t\t<div class=\"elementor-column elementor-col-33 elementor-top-column elementor-element elementor-element-5e2e30f\" data-id=\"5e2e30f\" data-element_type=\"column\">\n\t\t\t<div class=\"elementor-widget-wrap elementor-element-populated\">\n\t\t\t\t\t\t\t\t<div class=\"elementor-element elementor-element-7679b66 elementor-align-center elementor-widget elementor-widget-button\" data-id=\"7679b66\" data-element_type=\"widget\" data-widget_type=\"button.default\">\n\t\t\t\t<div class=\"elementor-widget-container\">\n\t\t\t\t\t<div class=\"elementor-button-wrapper\">\n\t\t\t<a href=\"http:\/\/obotodexico.com.br\/index.php\/capitulo-12\/\" class=\"elementor-button-link elementor-button elementor-size-sm\" role=\"button\">\n\t\t\t\t\t\t<span class=\"elementor-button-content-wrapper\">\n\t\t\t\t\t\t<span class=\"elementor-button-icon elementor-align-icon-left\">\n\t\t\t\t<i aria-hidden=\"true\" class=\"far fa-arrow-alt-circle-left\"><\/i>\t\t\t<\/span>\n\t\t\t\t\t\t<span class=\"elementor-button-text\">Anterior<\/span>\n\t\t<\/span>\n\t\t\t\t\t<\/a>\n\t\t<\/div>\n\t\t\t\t<\/div>\n\t\t\t\t<\/div>\n\t\t\t\t\t<\/div>\n\t\t<\/div>\n\t\t\t\t<div class=\"elementor-column elementor-col-33 elementor-top-column elementor-element elementor-element-fbd1ffa\" data-id=\"fbd1ffa\" data-element_type=\"column\">\n\t\t\t<div class=\"elementor-widget-wrap elementor-element-populated\">\n\t\t\t\t\t\t\t\t<div class=\"elementor-element elementor-element-9cc5e62 elementor-align-center elementor-mobile-align-left elementor-widget elementor-widget-button\" data-id=\"9cc5e62\" data-element_type=\"widget\" data-widget_type=\"button.default\">\n\t\t\t\t<div class=\"elementor-widget-container\">\n\t\t\t\t\t<div class=\"elementor-button-wrapper\">\n\t\t\t<a href=\"http:\/\/obotodexico.com.br\/\" class=\"elementor-button-link elementor-button elementor-size-sm\" role=\"button\">\n\t\t\t\t\t\t<span class=\"elementor-button-content-wrapper\">\n\t\t\t\t\t\t<span class=\"elementor-button-icon elementor-align-icon-right\">\n\t\t\t\t<i aria-hidden=\"true\" class=\"fas fa-home\"><\/i>\t\t\t<\/span>\n\t\t\t\t\t\t<span class=\"elementor-button-text\">\u00cdndice<\/span>\n\t\t<\/span>\n\t\t\t\t\t<\/a>\n\t\t<\/div>\n\t\t\t\t<\/div>\n\t\t\t\t<\/div>\n\t\t\t\t\t<\/div>\n\t\t<\/div>\n\t\t\t\t<div class=\"elementor-column elementor-col-33 elementor-top-column elementor-element elementor-element-09e498d\" data-id=\"09e498d\" data-element_type=\"column\">\n\t\t\t<div class=\"elementor-widget-wrap elementor-element-populated\">\n\t\t\t\t\t\t\t\t<div class=\"elementor-element elementor-element-6e19a7f elementor-align-center elementor-widget elementor-widget-button\" data-id=\"6e19a7f\" data-element_type=\"widget\" data-widget_type=\"button.default\">\n\t\t\t\t<div class=\"elementor-widget-container\">\n\t\t\t\t\t<div class=\"elementor-button-wrapper\">\n\t\t\t<a href=\"http:\/\/obotodexico.com.br\/index.php\/capitulo-14\/\" class=\"elementor-button-link elementor-button elementor-size-sm\" role=\"button\">\n\t\t\t\t\t\t<span class=\"elementor-button-content-wrapper\">\n\t\t\t\t\t\t<span class=\"elementor-button-icon elementor-align-icon-right\">\n\t\t\t\t<i aria-hidden=\"true\" class=\"far fa-arrow-alt-circle-right\"><\/i>\t\t\t<\/span>\n\t\t\t\t\t\t<span class=\"elementor-button-text\">Pr\u00f3ximo<\/span>\n\t\t<\/span>\n\t\t\t\t\t<\/a>\n\t\t<\/div>\n\t\t\t\t<\/div>\n\t\t\t\t<\/div>\n\t\t\t\t\t<\/div>\n\t\t<\/div>\n\t\t\t\t\t\t\t<\/div>\n\t\t<\/section>\n\t\t\t\t\t\t<\/div>\n\t\t\t\t\t<\/div>\n\t\t","protected":false},"excerpt":{"rendered":"<p>O Cobrador da Amaz\u00f4nia Autor: Chicco Moreira Anterior \u00cdndice Pr\u00f3ximo XIII. Tempestade na mata O professor Francisco Bonart\u00e9rio completou um m\u00eas em Xavier. As \u00e1guas do rio n\u00e3o param de subir. Os crimes e a repercuss\u00e3o na cidade, mais as inquieta\u00e7\u00f5es do mestre, interromperam a pesquisa por uns dias. A retomada se atrasa ainda mais &hellip;<\/p>\n<p class=\"read-more\"> <a class=\"\" href=\"http:\/\/obotodexico.com.br\/index.php\/capitulo-13\/\"> <span class=\"screen-reader-text\">cap\u00edtulo 13<\/span> Leia mais &raquo;<\/a><\/p>\n","protected":false},"author":1,"featured_media":0,"parent":0,"menu_order":0,"comment_status":"closed","ping_status":"closed","template":"","meta":{"footnotes":""},"class_list":["post-506","page","type-page","status-publish","hentry"],"uagb_featured_image_src":{"full":false,"thumbnail":false,"medium":false,"medium_large":false,"large":false,"1536x1536":false,"2048x2048":false},"uagb_author_info":{"display_name":"obotodexico","author_link":"http:\/\/obotodexico.com.br\/index.php\/author\/obotodexico\/"},"uagb_comment_info":0,"uagb_excerpt":"O Cobrador da Amaz\u00f4nia Autor: Chicco Moreira Anterior \u00cdndice Pr\u00f3ximo XIII. Tempestade na mata O professor Francisco Bonart\u00e9rio completou um m\u00eas em Xavier. As \u00e1guas do rio n\u00e3o param de subir. Os crimes e a repercuss\u00e3o na cidade, mais as inquieta\u00e7\u00f5es do mestre, interromperam a pesquisa por uns dias. A retomada se atrasa ainda mais&hellip;","_links":{"self":[{"href":"http:\/\/obotodexico.com.br\/index.php\/wp-json\/wp\/v2\/pages\/506","targetHints":{"allow":["GET"]}}],"collection":[{"href":"http:\/\/obotodexico.com.br\/index.php\/wp-json\/wp\/v2\/pages"}],"about":[{"href":"http:\/\/obotodexico.com.br\/index.php\/wp-json\/wp\/v2\/types\/page"}],"author":[{"embeddable":true,"href":"http:\/\/obotodexico.com.br\/index.php\/wp-json\/wp\/v2\/users\/1"}],"replies":[{"embeddable":true,"href":"http:\/\/obotodexico.com.br\/index.php\/wp-json\/wp\/v2\/comments?post=506"}],"version-history":[{"count":16,"href":"http:\/\/obotodexico.com.br\/index.php\/wp-json\/wp\/v2\/pages\/506\/revisions"}],"predecessor-version":[{"id":1027,"href":"http:\/\/obotodexico.com.br\/index.php\/wp-json\/wp\/v2\/pages\/506\/revisions\/1027"}],"wp:attachment":[{"href":"http:\/\/obotodexico.com.br\/index.php\/wp-json\/wp\/v2\/media?parent=506"}],"curies":[{"name":"wp","href":"https:\/\/api.w.org\/{rel}","templated":true}]}}