{"id":404,"date":"2021-12-18T18:39:19","date_gmt":"2021-12-18T22:39:19","guid":{"rendered":"http:\/\/obotodexico.com.br\/?page_id=404"},"modified":"2022-01-16T22:08:07","modified_gmt":"2022-01-17T02:08:07","slug":"capitulo-09","status":"publish","type":"page","link":"http:\/\/obotodexico.com.br\/index.php\/capitulo-09\/","title":{"rendered":"cap\u00edtulo 09"},"content":{"rendered":"\t\t<div data-elementor-type=\"wp-page\" data-elementor-id=\"404\" class=\"elementor elementor-404\" data-elementor-settings=\"[]\">\n\t\t\t\t\t\t\t<div class=\"elementor-section-wrap\">\n\t\t\t\t\t\t\t<section class=\"elementor-section elementor-top-section elementor-element elementor-element-71a46376 elementor-section-full_width elementor-section-stretched elementor-section-height-default elementor-section-height-default\" data-id=\"71a46376\" data-element_type=\"section\" data-settings=\"{&quot;stretch_section&quot;:&quot;section-stretched&quot;,&quot;background_background&quot;:&quot;classic&quot;}\">\n\t\t\t\t\t\t<div class=\"elementor-container elementor-column-gap-default\">\n\t\t\t\t\t<div class=\"elementor-column elementor-col-100 elementor-top-column elementor-element elementor-element-4bfc7189\" data-id=\"4bfc7189\" data-element_type=\"column\">\n\t\t\t<div class=\"elementor-widget-wrap elementor-element-populated\">\n\t\t\t\t\t\t\t\t<div class=\"elementor-element elementor-element-16024566 elementor-widget elementor-widget-heading\" data-id=\"16024566\" data-element_type=\"widget\" data-widget_type=\"heading.default\">\n\t\t\t\t<div class=\"elementor-widget-container\">\n\t\t\t<h2 class=\"elementor-heading-title elementor-size-default\">O Cobrador da Amaz\u00f4nia\n<\/h2>\t\t<\/div>\n\t\t\t\t<\/div>\n\t\t\t\t<div class=\"elementor-element elementor-element-6bcd9c30 elementor-widget elementor-widget-text-editor\" data-id=\"6bcd9c30\" data-element_type=\"widget\" data-widget_type=\"text-editor.default\">\n\t\t\t\t<div class=\"elementor-widget-container\">\n\t\t\t\t\t\t\t<p>Autor: Chicco Moreira<\/p>\t\t\t\t\t\t<\/div>\n\t\t\t\t<\/div>\n\t\t\t\t\t<\/div>\n\t\t<\/div>\n\t\t\t\t\t\t\t<\/div>\n\t\t<\/section>\n\t\t\t\t<section class=\"elementor-section elementor-top-section elementor-element elementor-element-1f9cb00 elementor-section-full_width elementor-section-height-default elementor-section-height-default\" data-id=\"1f9cb00\" data-element_type=\"section\">\n\t\t\t\t\t\t<div class=\"elementor-container elementor-column-gap-default\">\n\t\t\t\t\t<div class=\"elementor-column elementor-col-33 elementor-top-column elementor-element elementor-element-940a2c7\" data-id=\"940a2c7\" data-element_type=\"column\">\n\t\t\t<div class=\"elementor-widget-wrap elementor-element-populated\">\n\t\t\t\t\t\t\t\t<div class=\"elementor-element elementor-element-15307c4 elementor-align-center elementor-widget elementor-widget-button\" data-id=\"15307c4\" data-element_type=\"widget\" data-widget_type=\"button.default\">\n\t\t\t\t<div class=\"elementor-widget-container\">\n\t\t\t\t\t<div class=\"elementor-button-wrapper\">\n\t\t\t<a href=\"http:\/\/obotodexico.com.br\/index.php\/capitulo-08\/\" class=\"elementor-button-link elementor-button elementor-size-sm\" role=\"button\">\n\t\t\t\t\t\t<span class=\"elementor-button-content-wrapper\">\n\t\t\t\t\t\t<span class=\"elementor-button-icon elementor-align-icon-left\">\n\t\t\t\t<i aria-hidden=\"true\" class=\"far fa-arrow-alt-circle-left\"><\/i>\t\t\t<\/span>\n\t\t\t\t\t\t<span class=\"elementor-button-text\">Anterior<\/span>\n\t\t<\/span>\n\t\t\t\t\t<\/a>\n\t\t<\/div>\n\t\t\t\t<\/div>\n\t\t\t\t<\/div>\n\t\t\t\t\t<\/div>\n\t\t<\/div>\n\t\t\t\t<div class=\"elementor-column elementor-col-33 elementor-top-column elementor-element elementor-element-a23be57\" data-id=\"a23be57\" data-element_type=\"column\">\n\t\t\t<div class=\"elementor-widget-wrap elementor-element-populated\">\n\t\t\t\t\t\t\t\t<div class=\"elementor-element elementor-element-cc7bf6e elementor-align-center elementor-mobile-align-left elementor-widget elementor-widget-button\" data-id=\"cc7bf6e\" data-element_type=\"widget\" data-widget_type=\"button.default\">\n\t\t\t\t<div class=\"elementor-widget-container\">\n\t\t\t\t\t<div class=\"elementor-button-wrapper\">\n\t\t\t<a href=\"http:\/\/obotodexico.com.br\/\" class=\"elementor-button-link elementor-button elementor-size-sm\" role=\"button\">\n\t\t\t\t\t\t<span class=\"elementor-button-content-wrapper\">\n\t\t\t\t\t\t<span class=\"elementor-button-icon elementor-align-icon-right\">\n\t\t\t\t<i aria-hidden=\"true\" class=\"fas fa-home\"><\/i>\t\t\t<\/span>\n\t\t\t\t\t\t<span class=\"elementor-button-text\">\u00cdndice<\/span>\n\t\t<\/span>\n\t\t\t\t\t<\/a>\n\t\t<\/div>\n\t\t\t\t<\/div>\n\t\t\t\t<\/div>\n\t\t\t\t\t<\/div>\n\t\t<\/div>\n\t\t\t\t<div class=\"elementor-column elementor-col-33 elementor-top-column elementor-element elementor-element-b9aa9bd\" data-id=\"b9aa9bd\" data-element_type=\"column\">\n\t\t\t<div class=\"elementor-widget-wrap elementor-element-populated\">\n\t\t\t\t\t\t\t\t<div class=\"elementor-element elementor-element-187aefe elementor-align-center elementor-widget elementor-widget-button\" data-id=\"187aefe\" data-element_type=\"widget\" data-widget_type=\"button.default\">\n\t\t\t\t<div class=\"elementor-widget-container\">\n\t\t\t\t\t<div class=\"elementor-button-wrapper\">\n\t\t\t<a href=\"http:\/\/obotodexico.com.br\/index.php\/capitulo-10\/\" class=\"elementor-button-link elementor-button elementor-size-sm\" role=\"button\">\n\t\t\t\t\t\t<span class=\"elementor-button-content-wrapper\">\n\t\t\t\t\t\t<span class=\"elementor-button-icon elementor-align-icon-right\">\n\t\t\t\t<i aria-hidden=\"true\" class=\"far fa-arrow-alt-circle-right\"><\/i>\t\t\t<\/span>\n\t\t\t\t\t\t<span class=\"elementor-button-text\">Pr\u00f3ximo<\/span>\n\t\t<\/span>\n\t\t\t\t\t<\/a>\n\t\t<\/div>\n\t\t\t\t<\/div>\n\t\t\t\t<\/div>\n\t\t\t\t\t<\/div>\n\t\t<\/div>\n\t\t\t\t\t\t\t<\/div>\n\t\t<\/section>\n\t\t\t\t<section class=\"elementor-section elementor-top-section elementor-element elementor-element-0ff16ff elementor-section-boxed elementor-section-height-default elementor-section-height-default\" data-id=\"0ff16ff\" data-element_type=\"section\">\n\t\t\t\t\t\t<div class=\"elementor-container elementor-column-gap-default\">\n\t\t\t\t\t<div class=\"elementor-column elementor-col-100 elementor-top-column elementor-element elementor-element-80e0529\" data-id=\"80e0529\" data-element_type=\"column\">\n\t\t\t<div class=\"elementor-widget-wrap elementor-element-populated\">\n\t\t\t\t\t\t\t\t<div class=\"elementor-element elementor-element-f2b9eaf elementor-widget elementor-widget-heading\" data-id=\"f2b9eaf\" data-element_type=\"widget\" data-widget_type=\"heading.default\">\n\t\t\t\t<div class=\"elementor-widget-container\">\n\t\t\t<h2 class=\"elementor-heading-title elementor-size-default\">IX.\tAlvorada da libido<\/h2>\t\t<\/div>\n\t\t\t\t<\/div>\n\t\t\t\t\t<\/div>\n\t\t<\/div>\n\t\t\t\t\t\t\t<\/div>\n\t\t<\/section>\n\t\t\t\t<section class=\"elementor-section elementor-top-section elementor-element elementor-element-a4a46cf elementor-section-boxed elementor-section-height-default elementor-section-height-default\" data-id=\"a4a46cf\" data-element_type=\"section\">\n\t\t\t\t\t\t<div class=\"elementor-container elementor-column-gap-default\">\n\t\t\t\t\t<div class=\"elementor-column elementor-col-100 elementor-top-column elementor-element elementor-element-86705ba\" data-id=\"86705ba\" data-element_type=\"column\">\n\t\t\t<div class=\"elementor-widget-wrap elementor-element-populated\">\n\t\t\t\t\t\t\t\t<div class=\"elementor-element elementor-element-108a2e6 elementor-widget elementor-widget-text-editor\" data-id=\"108a2e6\" data-element_type=\"widget\" data-widget_type=\"text-editor.default\">\n\t\t\t\t<div class=\"elementor-widget-container\">\n\t\t\t\t\t\t\t<p>O sol chega com f\u00faria, e a natureza mostra mais uma vez a sua for\u00e7a. As \u00e1guas continuam subindo em ritmo fren\u00e9tico. A claridade invade o quarto pelas frestas das t\u00e1buas que ainda est\u00e3o mal vedadas, mostrando que j\u00e1 \u00e9 hora de pular da cama. Um demorado banho \u00e9 uma terapia relaxante nesse clima t\u00f3rrido, pr\u00f3ximo da linha do Equador.<\/p><p>O professor segue para sua saleta e recome\u00e7a suas leituras. Do lado de fora, Messias revira o capim, bem embaixo da janela da cozinha. Meio distra\u00eddo, sente uma sombra passar por tr\u00e1s dele. Vira-se e nota a presen\u00e7a da espevitada filha do patr\u00e3o, atravessando o quintal a passos largos.<\/p><p>Irina vai entrando e chamando pelo professor, que fica surpreso ao identificar uma voz feminina que n\u00e3o a de Telma. Cheia de energia, a menina aparece sem pedir licen\u00e7a, usando um vestidinho de pano leve, comum entre as garotas da regi\u00e3o, e que cobre, suavemente, as curvas bem definidas dos corpos morenos e cheirosos:<\/p><p>Irina anda pela casa, bisbilhotando. Logo confessa, com um certo enfado:<\/p><p>\u2014 Eu estava passando e resolvi fazer uma visita. Aqui a gente sempre v\u00ea as mesmas pessoas.<\/p><p>O professor tenta manter um di\u00e1logo de cortesia. Raciocina, ganhando tempo para livrar-se da encrenca amea\u00e7adora em forma de pernas perfeitas e bem vis\u00edveis.<\/p><p>\u2014 Voc\u00ea tem raz\u00e3o. Nas cidades pequenas tudo o que acontece acaba sendo do conhecimento de todos e a vis\u00e3o constante das mesmas caras \u00e9 inevit\u00e1vel.<\/p><p>A capital \u00e9 uma realidade distante por ali, na remota Xavier, e o que a jovem n\u00e3o sabe \u00e9 que o pai tem uma segunda fam\u00edlia, raz\u00e3o pela qual, no que depender dele, Irina jamais colocar\u00e1 os p\u00e9s em Manaus.<\/p><p>Grande parte das garotas dessa regi\u00e3o tem a sensibilidade muito apurada. Embora vivazes, atravessam a vida ref\u00e9ns do ch\u00e3o que pisam. A \u00fanica sa\u00edda, geralmente, \u00e9 um casamento afortunado.<\/p><p>Algumas at\u00e9 se arriscam nas capitais e, com muito esfor\u00e7o, conseguem espa\u00e7o para se manter com dignidade. Muitas, no entanto, lutam para n\u00e3o virarem prostitutas no porto de Manaus.<\/p><p>A filha de Lindemberg, com romances proibidos e algumas amizades impr\u00f3prias, revela uma rebeldia comum entre os jovens, com o realce da intelig\u00eancia e de uma impressionante beleza selvagem.<\/p><p>Irina escapou da gravidez na adolesc\u00eancia, contrariamente ao que costuma ocorrer com outras garotas. N\u00e3o \u00e9 infantil, mas uma mulher blindada pela sagacidade. Ciente das suas limita\u00e7\u00f5es no campo da erudi\u00e7\u00e3o, imagina-se um dia na faculdade. Nesse momento, por\u00e9m, movida por outros desejos, foge de assuntos que lhe s\u00e3o estranhos, como pesquisas antropol\u00f3gicas ou an\u00e1lises socioculturais, e desembainha suas armas.<\/p><p>Decidida, Irina vai para a janela e enxerga Messias limpando o quintal. Com o busto debru\u00e7ado para o lado de fora, deixa-se ver de costas pelo professor. O vestidinho curto sobe ainda mais, revelando duas bochechinhas que se assemelham a ma\u00e7\u00e3s untadas. Como num bal\u00e9 de sedu\u00e7\u00e3o, a jovem parecia ter ensaiado a noite inteira os movimentos da dan\u00e7a do acasalamento.<\/p><p>Francisco se arrepia. O impulso \u00e9 de partir para cima, perder-se de vez nos prazeres da carne. Inquieto, ele se recomp\u00f5e da ebuli\u00e7\u00e3o moment\u00e2nea provocada pelo jogo que o impede de manter sua concentra\u00e7\u00e3o. Precisa tirar Irina daquela posi\u00e7\u00e3o, e chama a aten\u00e7\u00e3o da mo\u00e7a para o tema da tal vaga na faculdade que ela tanto almeja em Manaus:<\/p><p>\u2014 Talvez fa\u00e7amos um teste para vermos at\u00e9 onde vai o conhecimento da senhorita, uma prova escrita, quem sabe?<\/p><p>Diz essas palavras sem conseguir parar de olhar e gagueja um pouco. Atordoado com a situa\u00e7\u00e3o, pega um bule de caf\u00e9 sobre o fog\u00e3o. Irina nota a fuga e, sentindo ser um bom momento, parte para a\u00e7\u00e3o direta:<\/p><p>\u2014 Posso provar o que for, o que quiser, pode ser aqui ou onde achar melhor. Depende s\u00f3 do senhor.<\/p><p>Surpreendido pela intimida\u00e7\u00e3o e pelo ataque da mo\u00e7a, o professor n\u00e3o faz mais nenhuma ideia de como agir. Nervoso, derruba o copo de alum\u00ednio. O movimento da jovem \u00e9 preciso e ligeiro:<\/p><p>\u2014 Deixa qu\u2019eu pego pro senhor.<\/p><p>Rapidamente, Irina deixa-o completamente encurralado, entre o seu corpo e a cadeira. Pegando o bule e o copo, serve o caf\u00e9, segura a m\u00e3o dele e a coloca sobre o pequeno corpo, sem que ele reaja. A fuma\u00e7a leve e cheirosa domina o ambiente. O mestre se sente paralisado e constrangido. Percebe que sua m\u00e3o est\u00e1 queimando.<\/p><p>Francisco briga com ele mesmo. Afastando-se bruscamente, num salto, derruba a cadeira, como se tivesse visto assombra\u00e7\u00e3o. O estrondo do objeto caindo no assoalho da cozinha o deixa ainda mais nervoso e sem jeito.<\/p><p>\u2014 Por favor, v\u00e1 embora, isso poder\u00e1 trazer problemas para mim com o seu pai.<\/p><p>A menina tenta acalm\u00e1-lo:<\/p><p>\u2014 N\u00e3o se preocupe&#8230;Ningu\u00e9m vai ficar sabendo, ou o senhor acha qu\u2019eu sou uma menina tola? Acha qu\u2019eu n\u00e3o sei o que estou fazendo?<\/p><p>Irina chega perto, mas o mestre se afasta, \u00e0 medida que a cunhant\u00e3 amea\u00e7a aproximar-se. Apavorado, livra-se de uma vez por todas da encrenca:<\/p><p>\u2014 S\u00f3 quero voc\u00ea fora daqui. Por favor, me desculpe, mas n\u00e3o posso fazer isso. Sua juventude n\u00e3o a deixa ver o problema que est\u00e1 me criando.<\/p><p>Ela n\u00e3o se d\u00e1 por satisfeita e, sem entender essa atitude, indaga:<\/p><p>\u2014 Por que n\u00e3o?<\/p><p>O professor se acalma, ela n\u00e3o cr\u00ea na situa\u00e7\u00e3o. N\u00e3o o culpa, afinal ele n\u00e3o \u00e9 da vila e n\u00e3o faz a menor ideia de como as coisas costumam acontecer por ali. Os relacionamentos s\u00e3o compartilhados com frequ\u00eancia. O ex-marido de uma \u00e9 casado com a irm\u00e3 da ex-mulher, que j\u00e1 foi casada com o primo, e assim vai. O importante por aqui \u00e9 resolver primeiro o inc\u00eandio dos corpos, depois o resto.<\/p><p>Atordoado, o mestre pensa na trai\u00e7\u00e3o. Clara, sempre ela. Instintivamente, leva a m\u00e3o \u00e0 testa. A garota, sem saber dos conflitos dele, n\u00e3o quer desculpas.<\/p><p>\u2014 Quem foi que disse que o senhor n\u00e3o pode? Foi meu pai, foi? N\u00e3o se preocupe com ele. Minha m\u00e3e d\u00e1 muito mais trabalho pra ele que eu, quer apostar?<\/p><p>Irina revela intimidades da fam\u00edlia, o jogo libertino, de infidelidades cont\u00ednuas, dentro e fora de casa, em que pai e m\u00e3e est\u00e3o mergulhados. Francisco reage:<\/p><p>\u2014 N\u00e3o me interessa a vida pessoal de voc\u00eas, s\u00f3 me fa\u00e7a o favor de me deixar trabalhar, tenho muitas anota\u00e7\u00f5es por fazer, queira me dar licen\u00e7a.<\/p><p>\u00a0<\/p>\t\t\t\t\t\t<\/div>\n\t\t\t\t<\/div>\n\t\t\t\t\t<\/div>\n\t\t<\/div>\n\t\t\t\t\t\t\t<\/div>\n\t\t<\/section>\n\t\t\t\t<section class=\"elementor-section elementor-top-section elementor-element elementor-element-e6d61cc elementor-section-boxed elementor-section-height-default elementor-section-height-default\" data-id=\"e6d61cc\" data-element_type=\"section\">\n\t\t\t\t\t\t<div class=\"elementor-container elementor-column-gap-default\">\n\t\t\t\t\t<div class=\"elementor-column elementor-col-100 elementor-top-column elementor-element elementor-element-df28a39\" data-id=\"df28a39\" data-element_type=\"column\">\n\t\t\t<div class=\"elementor-widget-wrap elementor-element-populated\">\n\t\t\t\t\t\t\t\t<div class=\"elementor-element elementor-element-b880f50 elementor-widget elementor-widget-image\" data-id=\"b880f50\" data-element_type=\"widget\" data-widget_type=\"image.default\">\n\t\t\t\t<div class=\"elementor-widget-container\">\n\t\t\t\t\t\t\t\t\t\t\t\t\t\t\t<img loading=\"lazy\" decoding=\"async\" width=\"1024\" height=\"729\" src=\"http:\/\/obotodexico.com.br\/wp-content\/uploads\/2022\/01\/09-1024x729.jpg\" class=\"attachment-large size-large\" alt=\"\" srcset=\"http:\/\/obotodexico.com.br\/wp-content\/uploads\/2022\/01\/09-1024x729.jpg 1024w, http:\/\/obotodexico.com.br\/wp-content\/uploads\/2022\/01\/09-300x214.jpg 300w, http:\/\/obotodexico.com.br\/wp-content\/uploads\/2022\/01\/09-768x547.jpg 768w, http:\/\/obotodexico.com.br\/wp-content\/uploads\/2022\/01\/09.jpg 1300w\" sizes=\"auto, (max-width: 1024px) 100vw, 1024px\" \/>\t\t\t\t\t\t\t\t\t\t\t\t\t\t\t<\/div>\n\t\t\t\t<\/div>\n\t\t\t\t\t<\/div>\n\t\t<\/div>\n\t\t\t\t\t\t\t<\/div>\n\t\t<\/section>\n\t\t\t\t<section class=\"elementor-section elementor-top-section elementor-element elementor-element-a9f893a elementor-section-boxed elementor-section-height-default elementor-section-height-default\" data-id=\"a9f893a\" data-element_type=\"section\">\n\t\t\t\t\t\t<div class=\"elementor-container elementor-column-gap-default\">\n\t\t\t\t\t<div class=\"elementor-column elementor-col-100 elementor-top-column elementor-element elementor-element-e5493b2\" data-id=\"e5493b2\" data-element_type=\"column\">\n\t\t\t<div class=\"elementor-widget-wrap elementor-element-populated\">\n\t\t\t\t\t\t\t\t<div class=\"elementor-element elementor-element-6ba5c64 elementor-widget elementor-widget-text-editor\" data-id=\"6ba5c64\" data-element_type=\"widget\" data-widget_type=\"text-editor.default\">\n\t\t\t\t<div class=\"elementor-widget-container\">\n\t\t\t\t\t\t\t<p>S\u00e9rio, estica o bra\u00e7o e aponta a sa\u00edda. Est\u00e1 visivelmente transtornado.<\/p><p>Irina lamenta, d\u00e1 de ombros, se vira para sair. Francisco agradece a Deus. Com um n\u00f3 na garganta, vai para a saleta e procura se concentrar no trabalho. Pega suas anota\u00e7\u00f5es, mas n\u00e3o tem aten\u00e7\u00e3o. A sedu\u00e7\u00e3o da garota mexeu com as suas estruturas. Esfrega os olhos e passa a m\u00e3o no cabelo e na testa. Respira fundo, solta o ar, como se estivesse no fim de uma longa jornada:<\/p><p>\u2014 Preciso sair daqui.<\/p><p>Desesperado, como se estivesse numa s\u00edndrome do p\u00e2nico, levanta-se. Do lado de fora, o caseiro repassa em detalhes o acontecido h\u00e1 pouco na cozinha. Messias observou a cena, a dist\u00e2ncia. Telma chega.<\/p><p>\u2014 Eu vi ele sair de perto da cunhant\u00e3, vizinha. Quase n\u00e3o acreditei, mas ele saiu voado!<\/p><p>\u2014 Ele \u00e9 digno de confian\u00e7a. Um homem que n\u00e3o cede \u00e0s tenta\u00e7\u00f5es da carne, isso \u00e9 bem raro.<\/p><p>Messias refor\u00e7a a sua surpresa, querendo insinuar alguma coisa que prefere n\u00e3o dizer. Telma defende o professor.<\/p><p>\u2014 N\u00e3o tem nada demais, n\u00e3o, Messias, ele \u00e9 muito respeitador.<\/p><p>\u2014 A senhora t\u00e1 certa disso? Se a senhora t\u00e1 dizendo, n\u00e3o vou discutir.<\/p><p>Telma e Messias param de falar quando Francisco resolve sair de casa e passa perto dos dois sem olh\u00e1-los e sem dizer nada.<\/p><p>Telma, ao observ\u00e1-lo saindo, deixa escapar suas quest\u00f5es \u00edntimas pela boca mal fechada.<\/p><p>\u2014 Mas o que faz esse homem ser assim? Ele deve ser casado. Por que n\u00e3o perguntei naquela noite? Mas eu vou descobrir.<\/p><p>Messias reflete:<\/p><p>\u2014 Onde existe mais mulher que homem, as coisas ficam desse jeito. Um homem de fora, de outra cidade, fascina as mulheres de Xavier.<\/p>\t\t\t\t\t\t<\/div>\n\t\t\t\t<\/div>\n\t\t\t\t\t<\/div>\n\t\t<\/div>\n\t\t\t\t\t\t\t<\/div>\n\t\t<\/section>\n\t\t\t\t<section class=\"elementor-section elementor-top-section elementor-element elementor-element-fa99033 elementor-section-boxed elementor-section-height-default elementor-section-height-default\" data-id=\"fa99033\" data-element_type=\"section\">\n\t\t\t\t\t\t<div class=\"elementor-container elementor-column-gap-default\">\n\t\t\t\t\t<div class=\"elementor-column elementor-col-100 elementor-top-column elementor-element elementor-element-b0bcc9e\" data-id=\"b0bcc9e\" data-element_type=\"column\">\n\t\t\t<div class=\"elementor-widget-wrap elementor-element-populated\">\n\t\t\t\t\t\t\t\t<div class=\"elementor-element elementor-element-592c362 elementor-aspect-ratio-169 elementor-widget elementor-widget-video\" data-id=\"592c362\" data-element_type=\"widget\" data-settings=\"{&quot;youtube_url&quot;:&quot;https:\\\/\\\/www.youtube.com\\\/watch?v=fxlVE4Ld4nA&quot;,&quot;video_type&quot;:&quot;youtube&quot;,&quot;controls&quot;:&quot;yes&quot;,&quot;aspect_ratio&quot;:&quot;169&quot;}\" data-widget_type=\"video.default\">\n\t\t\t\t<div class=\"elementor-widget-container\">\n\t\t\t\t\t<div class=\"elementor-wrapper elementor-fit-aspect-ratio elementor-open-inline\">\n\t\t\t<div class=\"elementor-video\"><\/div>\t\t<\/div>\n\t\t\t\t<\/div>\n\t\t\t\t<\/div>\n\t\t\t\t\t<\/div>\n\t\t<\/div>\n\t\t\t\t\t\t\t<\/div>\n\t\t<\/section>\n\t\t\t\t<section class=\"elementor-section elementor-top-section elementor-element elementor-element-4e7115b elementor-section-full_width elementor-section-height-default elementor-section-height-default\" data-id=\"4e7115b\" data-element_type=\"section\">\n\t\t\t\t\t\t<div class=\"elementor-container elementor-column-gap-default\">\n\t\t\t\t\t<div class=\"elementor-column elementor-col-33 elementor-top-column elementor-element elementor-element-1bbb32e\" data-id=\"1bbb32e\" data-element_type=\"column\">\n\t\t\t<div class=\"elementor-widget-wrap elementor-element-populated\">\n\t\t\t\t\t\t\t\t<div class=\"elementor-element elementor-element-b012a9c elementor-align-center elementor-widget elementor-widget-button\" data-id=\"b012a9c\" data-element_type=\"widget\" data-widget_type=\"button.default\">\n\t\t\t\t<div class=\"elementor-widget-container\">\n\t\t\t\t\t<div class=\"elementor-button-wrapper\">\n\t\t\t<a href=\"http:\/\/obotodexico.com.br\/index.php\/capitulo-08\/\" class=\"elementor-button-link elementor-button elementor-size-sm\" role=\"button\">\n\t\t\t\t\t\t<span class=\"elementor-button-content-wrapper\">\n\t\t\t\t\t\t<span class=\"elementor-button-icon elementor-align-icon-left\">\n\t\t\t\t<i aria-hidden=\"true\" class=\"far fa-arrow-alt-circle-left\"><\/i>\t\t\t<\/span>\n\t\t\t\t\t\t<span class=\"elementor-button-text\">Anterior<\/span>\n\t\t<\/span>\n\t\t\t\t\t<\/a>\n\t\t<\/div>\n\t\t\t\t<\/div>\n\t\t\t\t<\/div>\n\t\t\t\t\t<\/div>\n\t\t<\/div>\n\t\t\t\t<div class=\"elementor-column elementor-col-33 elementor-top-column elementor-element elementor-element-dd81d2e\" data-id=\"dd81d2e\" data-element_type=\"column\">\n\t\t\t<div class=\"elementor-widget-wrap elementor-element-populated\">\n\t\t\t\t\t\t\t\t<div class=\"elementor-element elementor-element-aa08f98 elementor-align-center elementor-mobile-align-left elementor-widget elementor-widget-button\" data-id=\"aa08f98\" data-element_type=\"widget\" data-widget_type=\"button.default\">\n\t\t\t\t<div class=\"elementor-widget-container\">\n\t\t\t\t\t<div class=\"elementor-button-wrapper\">\n\t\t\t<a href=\"http:\/\/obotodexico.com.br\/\" class=\"elementor-button-link elementor-button elementor-size-sm\" role=\"button\">\n\t\t\t\t\t\t<span class=\"elementor-button-content-wrapper\">\n\t\t\t\t\t\t<span class=\"elementor-button-icon elementor-align-icon-right\">\n\t\t\t\t<i aria-hidden=\"true\" class=\"fas fa-home\"><\/i>\t\t\t<\/span>\n\t\t\t\t\t\t<span class=\"elementor-button-text\">\u00cdndice<\/span>\n\t\t<\/span>\n\t\t\t\t\t<\/a>\n\t\t<\/div>\n\t\t\t\t<\/div>\n\t\t\t\t<\/div>\n\t\t\t\t\t<\/div>\n\t\t<\/div>\n\t\t\t\t<div class=\"elementor-column elementor-col-33 elementor-top-column elementor-element elementor-element-37ea048\" data-id=\"37ea048\" data-element_type=\"column\">\n\t\t\t<div class=\"elementor-widget-wrap elementor-element-populated\">\n\t\t\t\t\t\t\t\t<div class=\"elementor-element elementor-element-6bdd2fe elementor-align-center elementor-widget elementor-widget-button\" data-id=\"6bdd2fe\" data-element_type=\"widget\" data-widget_type=\"button.default\">\n\t\t\t\t<div class=\"elementor-widget-container\">\n\t\t\t\t\t<div class=\"elementor-button-wrapper\">\n\t\t\t<a href=\"http:\/\/obotodexico.com.br\/index.php\/capitulo-10\/\" class=\"elementor-button-link elementor-button elementor-size-sm\" role=\"button\">\n\t\t\t\t\t\t<span class=\"elementor-button-content-wrapper\">\n\t\t\t\t\t\t<span class=\"elementor-button-icon elementor-align-icon-right\">\n\t\t\t\t<i aria-hidden=\"true\" class=\"far fa-arrow-alt-circle-right\"><\/i>\t\t\t<\/span>\n\t\t\t\t\t\t<span class=\"elementor-button-text\">Pr\u00f3ximo<\/span>\n\t\t<\/span>\n\t\t\t\t\t<\/a>\n\t\t<\/div>\n\t\t\t\t<\/div>\n\t\t\t\t<\/div>\n\t\t\t\t\t<\/div>\n\t\t<\/div>\n\t\t\t\t\t\t\t<\/div>\n\t\t<\/section>\n\t\t\t\t\t\t<\/div>\n\t\t\t\t\t<\/div>\n\t\t","protected":false},"excerpt":{"rendered":"<p>O Cobrador da Amaz\u00f4nia Autor: Chicco Moreira Anterior \u00cdndice Pr\u00f3ximo IX. Alvorada da libido O sol chega com f\u00faria, e a natureza mostra mais uma vez a sua for\u00e7a. As \u00e1guas continuam subindo em ritmo fren\u00e9tico. A claridade invade o quarto pelas frestas das t\u00e1buas que ainda est\u00e3o mal vedadas, mostrando que j\u00e1 \u00e9 hora &hellip;<\/p>\n<p class=\"read-more\"> <a class=\"\" href=\"http:\/\/obotodexico.com.br\/index.php\/capitulo-09\/\"> <span class=\"screen-reader-text\">cap\u00edtulo 09<\/span> Leia mais &raquo;<\/a><\/p>\n","protected":false},"author":1,"featured_media":0,"parent":0,"menu_order":0,"comment_status":"closed","ping_status":"closed","template":"","meta":{"footnotes":""},"class_list":["post-404","page","type-page","status-publish","hentry"],"uagb_featured_image_src":{"full":false,"thumbnail":false,"medium":false,"medium_large":false,"large":false,"1536x1536":false,"2048x2048":false},"uagb_author_info":{"display_name":"obotodexico","author_link":"http:\/\/obotodexico.com.br\/index.php\/author\/obotodexico\/"},"uagb_comment_info":0,"uagb_excerpt":"O Cobrador da Amaz\u00f4nia Autor: Chicco Moreira Anterior \u00cdndice Pr\u00f3ximo IX. Alvorada da libido O sol chega com f\u00faria, e a natureza mostra mais uma vez a sua for\u00e7a. As \u00e1guas continuam subindo em ritmo fren\u00e9tico. A claridade invade o quarto pelas frestas das t\u00e1buas que ainda est\u00e3o mal vedadas, mostrando que j\u00e1 \u00e9 hora&hellip;","_links":{"self":[{"href":"http:\/\/obotodexico.com.br\/index.php\/wp-json\/wp\/v2\/pages\/404","targetHints":{"allow":["GET"]}}],"collection":[{"href":"http:\/\/obotodexico.com.br\/index.php\/wp-json\/wp\/v2\/pages"}],"about":[{"href":"http:\/\/obotodexico.com.br\/index.php\/wp-json\/wp\/v2\/types\/page"}],"author":[{"embeddable":true,"href":"http:\/\/obotodexico.com.br\/index.php\/wp-json\/wp\/v2\/users\/1"}],"replies":[{"embeddable":true,"href":"http:\/\/obotodexico.com.br\/index.php\/wp-json\/wp\/v2\/comments?post=404"}],"version-history":[{"count":19,"href":"http:\/\/obotodexico.com.br\/index.php\/wp-json\/wp\/v2\/pages\/404\/revisions"}],"predecessor-version":[{"id":1015,"href":"http:\/\/obotodexico.com.br\/index.php\/wp-json\/wp\/v2\/pages\/404\/revisions\/1015"}],"wp:attachment":[{"href":"http:\/\/obotodexico.com.br\/index.php\/wp-json\/wp\/v2\/media?parent=404"}],"curies":[{"name":"wp","href":"https:\/\/api.w.org\/{rel}","templated":true}]}}