{"id":363,"date":"2021-12-16T22:41:07","date_gmt":"2021-12-17T02:41:07","guid":{"rendered":"http:\/\/obotodexico.com.br\/?page_id=363"},"modified":"2022-01-16T21:28:03","modified_gmt":"2022-01-17T01:28:03","slug":"capitulo-06","status":"publish","type":"page","link":"http:\/\/obotodexico.com.br\/index.php\/capitulo-06\/","title":{"rendered":"cap\u00edtulo 06"},"content":{"rendered":"\t\t<div data-elementor-type=\"wp-page\" data-elementor-id=\"363\" class=\"elementor elementor-363\" data-elementor-settings=\"[]\">\n\t\t\t\t\t\t\t<div class=\"elementor-section-wrap\">\n\t\t\t\t\t\t\t<section class=\"elementor-section elementor-top-section elementor-element elementor-element-71a46376 elementor-section-full_width elementor-section-stretched elementor-section-height-default elementor-section-height-default\" data-id=\"71a46376\" data-element_type=\"section\" data-settings=\"{&quot;stretch_section&quot;:&quot;section-stretched&quot;,&quot;background_background&quot;:&quot;classic&quot;}\">\n\t\t\t\t\t\t<div class=\"elementor-container elementor-column-gap-default\">\n\t\t\t\t\t<div class=\"elementor-column elementor-col-100 elementor-top-column elementor-element elementor-element-4bfc7189\" data-id=\"4bfc7189\" data-element_type=\"column\">\n\t\t\t<div class=\"elementor-widget-wrap elementor-element-populated\">\n\t\t\t\t\t\t\t\t<div class=\"elementor-element elementor-element-16024566 elementor-widget elementor-widget-heading\" data-id=\"16024566\" data-element_type=\"widget\" data-widget_type=\"heading.default\">\n\t\t\t\t<div class=\"elementor-widget-container\">\n\t\t\t<h2 class=\"elementor-heading-title elementor-size-default\">O Cobrador da Amaz\u00f4nia\n<\/h2>\t\t<\/div>\n\t\t\t\t<\/div>\n\t\t\t\t<div class=\"elementor-element elementor-element-6bcd9c30 elementor-widget elementor-widget-text-editor\" data-id=\"6bcd9c30\" data-element_type=\"widget\" data-widget_type=\"text-editor.default\">\n\t\t\t\t<div class=\"elementor-widget-container\">\n\t\t\t\t\t\t\t<p>Autor: Chicco Moreira<\/p>\t\t\t\t\t\t<\/div>\n\t\t\t\t<\/div>\n\t\t\t\t\t<\/div>\n\t\t<\/div>\n\t\t\t\t\t\t\t<\/div>\n\t\t<\/section>\n\t\t\t\t<section class=\"elementor-section elementor-top-section elementor-element elementor-element-1f9cb00 elementor-section-full_width elementor-section-height-default elementor-section-height-default\" data-id=\"1f9cb00\" data-element_type=\"section\">\n\t\t\t\t\t\t<div class=\"elementor-container elementor-column-gap-default\">\n\t\t\t\t\t<div class=\"elementor-column elementor-col-33 elementor-top-column elementor-element elementor-element-940a2c7\" data-id=\"940a2c7\" data-element_type=\"column\">\n\t\t\t<div class=\"elementor-widget-wrap elementor-element-populated\">\n\t\t\t\t\t\t\t\t<div class=\"elementor-element elementor-element-15307c4 elementor-align-center elementor-widget elementor-widget-button\" data-id=\"15307c4\" data-element_type=\"widget\" data-widget_type=\"button.default\">\n\t\t\t\t<div class=\"elementor-widget-container\">\n\t\t\t\t\t<div class=\"elementor-button-wrapper\">\n\t\t\t<a href=\"http:\/\/obotodexico.com.br\/index.php\/capitulo-05\/\" class=\"elementor-button-link elementor-button elementor-size-sm\" role=\"button\">\n\t\t\t\t\t\t<span class=\"elementor-button-content-wrapper\">\n\t\t\t\t\t\t<span class=\"elementor-button-icon elementor-align-icon-left\">\n\t\t\t\t<i aria-hidden=\"true\" class=\"far fa-arrow-alt-circle-left\"><\/i>\t\t\t<\/span>\n\t\t\t\t\t\t<span class=\"elementor-button-text\">Anterior<\/span>\n\t\t<\/span>\n\t\t\t\t\t<\/a>\n\t\t<\/div>\n\t\t\t\t<\/div>\n\t\t\t\t<\/div>\n\t\t\t\t\t<\/div>\n\t\t<\/div>\n\t\t\t\t<div class=\"elementor-column elementor-col-33 elementor-top-column elementor-element elementor-element-a23be57\" data-id=\"a23be57\" data-element_type=\"column\">\n\t\t\t<div class=\"elementor-widget-wrap elementor-element-populated\">\n\t\t\t\t\t\t\t\t<div class=\"elementor-element elementor-element-cc7bf6e elementor-align-center elementor-mobile-align-left elementor-widget elementor-widget-button\" data-id=\"cc7bf6e\" data-element_type=\"widget\" data-widget_type=\"button.default\">\n\t\t\t\t<div class=\"elementor-widget-container\">\n\t\t\t\t\t<div class=\"elementor-button-wrapper\">\n\t\t\t<a href=\"http:\/\/obotodexico.com.br\/\" class=\"elementor-button-link elementor-button elementor-size-sm\" role=\"button\">\n\t\t\t\t\t\t<span class=\"elementor-button-content-wrapper\">\n\t\t\t\t\t\t<span class=\"elementor-button-icon elementor-align-icon-right\">\n\t\t\t\t<i aria-hidden=\"true\" class=\"fas fa-home\"><\/i>\t\t\t<\/span>\n\t\t\t\t\t\t<span class=\"elementor-button-text\">\u00cdndice<\/span>\n\t\t<\/span>\n\t\t\t\t\t<\/a>\n\t\t<\/div>\n\t\t\t\t<\/div>\n\t\t\t\t<\/div>\n\t\t\t\t\t<\/div>\n\t\t<\/div>\n\t\t\t\t<div class=\"elementor-column elementor-col-33 elementor-top-column elementor-element elementor-element-b9aa9bd\" data-id=\"b9aa9bd\" data-element_type=\"column\">\n\t\t\t<div class=\"elementor-widget-wrap elementor-element-populated\">\n\t\t\t\t\t\t\t\t<div class=\"elementor-element elementor-element-187aefe elementor-align-center elementor-widget elementor-widget-button\" data-id=\"187aefe\" data-element_type=\"widget\" data-widget_type=\"button.default\">\n\t\t\t\t<div class=\"elementor-widget-container\">\n\t\t\t\t\t<div class=\"elementor-button-wrapper\">\n\t\t\t<a href=\"http:\/\/obotodexico.com.br\/index.php\/capitulo-07\/\" class=\"elementor-button-link elementor-button elementor-size-sm\" role=\"button\">\n\t\t\t\t\t\t<span class=\"elementor-button-content-wrapper\">\n\t\t\t\t\t\t<span class=\"elementor-button-icon elementor-align-icon-right\">\n\t\t\t\t<i aria-hidden=\"true\" class=\"far fa-arrow-alt-circle-right\"><\/i>\t\t\t<\/span>\n\t\t\t\t\t\t<span class=\"elementor-button-text\">Pr\u00f3ximo<\/span>\n\t\t<\/span>\n\t\t\t\t\t<\/a>\n\t\t<\/div>\n\t\t\t\t<\/div>\n\t\t\t\t<\/div>\n\t\t\t\t\t<\/div>\n\t\t<\/div>\n\t\t\t\t\t\t\t<\/div>\n\t\t<\/section>\n\t\t\t\t<section class=\"elementor-section elementor-top-section elementor-element elementor-element-0ff16ff elementor-section-boxed elementor-section-height-default elementor-section-height-default\" data-id=\"0ff16ff\" data-element_type=\"section\">\n\t\t\t\t\t\t<div class=\"elementor-container elementor-column-gap-default\">\n\t\t\t\t\t<div class=\"elementor-column elementor-col-100 elementor-top-column elementor-element elementor-element-80e0529\" data-id=\"80e0529\" data-element_type=\"column\">\n\t\t\t<div class=\"elementor-widget-wrap elementor-element-populated\">\n\t\t\t\t\t\t\t\t<div class=\"elementor-element elementor-element-f2b9eaf elementor-widget elementor-widget-heading\" data-id=\"f2b9eaf\" data-element_type=\"widget\" data-widget_type=\"heading.default\">\n\t\t\t\t<div class=\"elementor-widget-container\">\n\t\t\t<h2 class=\"elementor-heading-title elementor-size-default\">VI.\t\u00c0 catraia <\/h2>\t\t<\/div>\n\t\t\t\t<\/div>\n\t\t\t\t\t<\/div>\n\t\t<\/div>\n\t\t\t\t\t\t\t<\/div>\n\t\t<\/section>\n\t\t\t\t<section class=\"elementor-section elementor-top-section elementor-element elementor-element-a4a46cf elementor-section-boxed elementor-section-height-default elementor-section-height-default\" data-id=\"a4a46cf\" data-element_type=\"section\">\n\t\t\t\t\t\t<div class=\"elementor-container elementor-column-gap-default\">\n\t\t\t\t\t<div class=\"elementor-column elementor-col-100 elementor-top-column elementor-element elementor-element-86705ba\" data-id=\"86705ba\" data-element_type=\"column\">\n\t\t\t<div class=\"elementor-widget-wrap elementor-element-populated\">\n\t\t\t\t\t\t\t\t<div class=\"elementor-element elementor-element-108a2e6 elementor-widget elementor-widget-text-editor\" data-id=\"108a2e6\" data-element_type=\"widget\" data-widget_type=\"text-editor.default\">\n\t\t\t\t<div class=\"elementor-widget-container\">\n\t\t\t\t\t\t\t<p>Depois de descerem a rampa barrenta, Messias carrega o motor de rabeta at\u00e9 a embarca\u00e7\u00e3o, passa a corrente e ajusta o parafuso. Desce a canoa, suavemente, at\u00e9 a \u00e1gua. Francisco n\u00e3o esconde o p\u00e2nico:<\/p><p>\u2014 \u00c9 nessa coisa que vamos? Isso n\u00e3o vai afundar? \u00c9 assim mesmo? Faltam dois cent\u00edmetros para a \u00e1gua entrar!<\/p><p>Sorrindo, Telma diz para ele n\u00e3o se preocupar.<\/p><p>\u2014 A canoa \u00e9 um transporte seguro e bastante usado nessa regi\u00e3o.<\/p><p>Ela \u00e9 a primeira a entrar. Estende a m\u00e3o para o pesquisador. Mostrando falta de habilidade, tremendo, o professor se imagina caindo na \u00e1gua, e fica com medo. N\u00e3o sabe se pula no rio ou se senta de uma vez. Messias se antecipa. Segurando o bra\u00e7o no inexperiente viajante, olha-o com firmeza, como um pai que repreende o filho, e acomoda-o no lugar certo, devolvendo o equil\u00edbrio imediato para pequena embarca\u00e7\u00e3o.<\/p><p>Messias prepara um lampi\u00e3o, solta as amarras e salta para dentro da catraia j\u00e1 em movimento, levada pela pouca correnteza da enseada, equilibrando-se numa disposi\u00e7\u00e3o de dar inveja. P\u00f5e o motor para funcionar e ruma at\u00e9 a comunidade ribeirinha para encontrar Ayr\u00e3o, a poucas milhas n\u00e1uticas dali.<\/p><p>Nos primeiros minutos da viagem, Francisco observa fixamente os limites do barco e da \u00e1gua, concentrando toda a sua aten\u00e7\u00e3o naqueles cent\u00edmetros que os separam de um naufr\u00e1gio. Tenso, deixa de apreciar as belas coisas ao redor. Telma, por exemplo, \u00e9 uma delas, com sua forma de chamar-lhe a aten\u00e7\u00e3o para a paisagem e de revelar, em tom de brincadeira, um segredo regional:<\/p><p>\u2014 Essas canoas s\u00f3 afundam quando ficamos olhando para as suas bordas.<\/p><p>O mestre olha s\u00e9rio, mas depois sorri. Aos poucos, o professor vai relaxando e entregando-se aos prazeres da jornada.<\/p><p>A conversa na canoa gira em torno do rio Madeira e das suas peculiaridades. Para algu\u00e9m com uma sensibilidade e um lirismo \u00e0 flor da pele, esse \u00e9 um papo agrad\u00e1vel. O mestre participa da conversa na condi\u00e7\u00e3o de mero ouvinte, gravando tudo na mem\u00f3ria e cuidando para n\u00e3o perder um s\u00f3 detalhe. Para ele, a Amaz\u00f4nia \u00e9 um mundo pronto a ser desbravado.<\/p><p>Sob um sol escaldante, Francisco sua feito uma chaleira. A canoa entra no rio Claro, esverdeado, estreito, sem grandes correntezas. Telma, com a naturalidade pr\u00f3pria dos nativos, molha um len\u00e7o na \u00e1gua e passa no rosto do professor, que tamb\u00e9m tenta encarar tal gesto com espontaneidade. Ela repete a gentileza, outra vez e mais outra. Enfeiti\u00e7ado, Francisco observa quando ela passa o len\u00e7o no pr\u00f3prio busto e nota a \u00e1gua escorrer para dentro do vestido, fazendo brotar os mamilos.<\/p><p>\u00c9 dif\u00edcil disfar\u00e7ar a forte atra\u00e7\u00e3o. A duras penas, o acad\u00eamico respira, se cont\u00e9m, dominando seus impulsos que, na selva exuberante, est\u00e3o muito mais aflorados. Sempre trancados a sete chaves, desejos reprimidos que nunca foram t\u00e3o ousados agora transbordam como uma torrente em f\u00faria.<\/p><p>O professor lembra dos seus interesses sempre voltados para o trabalho e, pelo menos por enquanto, tenta n\u00e3o ver Telma como uma poss\u00edvel amante. Precisa se concentrar na pesquisa. Retoma a postura.<\/p><p>A mo\u00e7a tenta entender o motivo de tanta seriedade. Compreende, dentro de seus conceitos simples, o fato de estar diante de um ser incomum e com v\u00e1rios resqu\u00edcios de uma vida marcada por regras que ela pr\u00f3pria desconhece. Por tr\u00e1s dessa apar\u00eancia sisuda, existe um homem triste, sedento por amor e brigando para se libertar dos grilh\u00f5es de uma vida inteira.<\/p><p>O instinto selvagem da guerreira \u00e9 o caminho e a verdade, nada mais importa; nem o cora\u00e7\u00e3o, nem a mente, nem os olhos, nem os ouvidos, nada engana, com exce\u00e7\u00e3o da sensibilidade da cabocla que, por sua vez, ao observar o olhar de contempla\u00e7\u00e3o for\u00e7ada, come\u00e7a um est\u00e1gio de ebuli\u00e7\u00e3o interna. Suas entranhas se retorcem. Lembra de ter sentido isso quando amou outro homem com caracter\u00edsticas muito similares.<\/p><p>Messias se diverte, pois j\u00e1 percebeu a atmosfera. Conhece bem a mo\u00e7a, sabe que ela \u00e9 dona do pr\u00f3prio nariz. Depois de uma conferida no casal, o comandante da pequena embarca\u00e7\u00e3o abre um sorriso ao ver o destino se revelando.<\/p><p>\u00a0<\/p>\t\t\t\t\t\t<\/div>\n\t\t\t\t<\/div>\n\t\t\t\t\t<\/div>\n\t\t<\/div>\n\t\t\t\t\t\t\t<\/div>\n\t\t<\/section>\n\t\t\t\t<section class=\"elementor-section elementor-top-section elementor-element elementor-element-216885d elementor-section-boxed elementor-section-height-default elementor-section-height-default\" data-id=\"216885d\" data-element_type=\"section\">\n\t\t\t\t\t\t<div class=\"elementor-container elementor-column-gap-default\">\n\t\t\t\t\t<div class=\"elementor-column elementor-col-100 elementor-top-column elementor-element elementor-element-0797249\" data-id=\"0797249\" data-element_type=\"column\">\n\t\t\t<div class=\"elementor-widget-wrap elementor-element-populated\">\n\t\t\t\t\t\t\t\t<div class=\"elementor-element elementor-element-8aaa815 elementor-aspect-ratio-169 elementor-widget elementor-widget-video\" data-id=\"8aaa815\" data-element_type=\"widget\" data-settings=\"{&quot;youtube_url&quot;:&quot;https:\\\/\\\/www.youtube.com\\\/watch?v=y1Uey7ACMS8&quot;,&quot;video_type&quot;:&quot;youtube&quot;,&quot;controls&quot;:&quot;yes&quot;,&quot;aspect_ratio&quot;:&quot;169&quot;}\" data-widget_type=\"video.default\">\n\t\t\t\t<div class=\"elementor-widget-container\">\n\t\t\t\t\t<div class=\"elementor-wrapper elementor-fit-aspect-ratio elementor-open-inline\">\n\t\t\t<div class=\"elementor-video\"><\/div>\t\t<\/div>\n\t\t\t\t<\/div>\n\t\t\t\t<\/div>\n\t\t\t\t\t<\/div>\n\t\t<\/div>\n\t\t\t\t\t\t\t<\/div>\n\t\t<\/section>\n\t\t\t\t<section class=\"elementor-section elementor-top-section elementor-element elementor-element-23e91d2 elementor-section-boxed elementor-section-height-default elementor-section-height-default\" data-id=\"23e91d2\" data-element_type=\"section\">\n\t\t\t\t\t\t<div class=\"elementor-container elementor-column-gap-default\">\n\t\t\t\t\t<div class=\"elementor-column elementor-col-100 elementor-top-column elementor-element elementor-element-a2483f8\" data-id=\"a2483f8\" data-element_type=\"column\">\n\t\t\t<div class=\"elementor-widget-wrap elementor-element-populated\">\n\t\t\t\t\t\t\t\t<div class=\"elementor-element elementor-element-6b3f21d elementor-widget elementor-widget-text-editor\" data-id=\"6b3f21d\" data-element_type=\"widget\" data-widget_type=\"text-editor.default\">\n\t\t\t\t<div class=\"elementor-widget-container\">\n\t\t\t\t\t\t\t<p style=\"font-size: 16px; font-style: normal; font-weight: 400;\">No curso do rio, \u00e0 frente, cresce a vila dos pescadores do delta amaz\u00f4nico. Palafitas exuberantes nas suas decora\u00e7\u00f5es ex\u00f3ticas, tropicais, cobertas de palhas, se abrem estampadas na mata, cores e redes de pesca real\u00e7am \u00e0 paisagem, \u00e1rvores com balan\u00e7os e uma praia bem escondida enchem de alegria os cora\u00e7\u00f5es dos visitantes.<\/p><p style=\"font-size: 16px; font-style: normal; font-weight: 400;\">Crian\u00e7as correm na areia branca pra l\u00e1 e pra c\u00e1, movimentando o povoado daquela aldeia. A brincadeira \u00e9 atirar caro\u00e7os de ing\u00e1 uns nos outros.<\/p><p style=\"font-size: 16px; font-style: normal; font-weight: 400;\">A canoa motorizada atraca com sutileza. Nesse terreno de areia fina fica f\u00e1cil de sair, e o mestre \u00e9 bem mais r\u00e1pido. Agora \u00e9 Francisco quem segura a m\u00e3o de Telma, que come\u00e7a a olh\u00e1-lo com mais determina\u00e7\u00e3o. Sedutora, ela agradece a ajuda. Ap\u00f3s algumas manobras para facilitar o desembarque, o chefe da vila e alguns pescadores se aproximam.<\/p><p style=\"font-size: 16px; font-style: normal; font-weight: 400;\">\u2014 A quem devo a honra dessa inesperada visita?<\/p><p style=\"font-size: 16px; font-style: normal; font-weight: 400;\">Francisco olha para Ayr\u00e3o e um sorriso lhe vem \u00e0 face. Envolvido em preconceitos viscerais, fermentados ao longo de tantos anos, n\u00e3o esperava ver algu\u00e9m falar assim por aquelas bandas.<\/p><p>\u00a0<\/p>\t\t\t\t\t\t<\/div>\n\t\t\t\t<\/div>\n\t\t\t\t\t<\/div>\n\t\t<\/div>\n\t\t\t\t\t\t\t<\/div>\n\t\t<\/section>\n\t\t\t\t<section class=\"elementor-section elementor-top-section elementor-element elementor-element-755ee7c elementor-section-full_width elementor-section-height-default elementor-section-height-default\" data-id=\"755ee7c\" data-element_type=\"section\">\n\t\t\t\t\t\t<div class=\"elementor-container elementor-column-gap-default\">\n\t\t\t\t\t<div class=\"elementor-column elementor-col-33 elementor-top-column elementor-element elementor-element-aad8ad8\" data-id=\"aad8ad8\" data-element_type=\"column\">\n\t\t\t<div class=\"elementor-widget-wrap elementor-element-populated\">\n\t\t\t\t\t\t\t\t<div class=\"elementor-element elementor-element-5487311 elementor-align-center elementor-widget elementor-widget-button\" data-id=\"5487311\" data-element_type=\"widget\" data-widget_type=\"button.default\">\n\t\t\t\t<div class=\"elementor-widget-container\">\n\t\t\t\t\t<div class=\"elementor-button-wrapper\">\n\t\t\t<a href=\"http:\/\/obotodexico.com.br\/index.php\/capitulo-05\/\" class=\"elementor-button-link elementor-button elementor-size-sm\" role=\"button\">\n\t\t\t\t\t\t<span class=\"elementor-button-content-wrapper\">\n\t\t\t\t\t\t<span class=\"elementor-button-icon elementor-align-icon-left\">\n\t\t\t\t<i aria-hidden=\"true\" class=\"far fa-arrow-alt-circle-left\"><\/i>\t\t\t<\/span>\n\t\t\t\t\t\t<span class=\"elementor-button-text\">Anterior<\/span>\n\t\t<\/span>\n\t\t\t\t\t<\/a>\n\t\t<\/div>\n\t\t\t\t<\/div>\n\t\t\t\t<\/div>\n\t\t\t\t\t<\/div>\n\t\t<\/div>\n\t\t\t\t<div class=\"elementor-column elementor-col-33 elementor-top-column elementor-element elementor-element-03ea41f\" data-id=\"03ea41f\" data-element_type=\"column\">\n\t\t\t<div class=\"elementor-widget-wrap elementor-element-populated\">\n\t\t\t\t\t\t\t\t<div class=\"elementor-element elementor-element-f4df334 elementor-align-center elementor-mobile-align-left elementor-widget elementor-widget-button\" data-id=\"f4df334\" data-element_type=\"widget\" data-widget_type=\"button.default\">\n\t\t\t\t<div class=\"elementor-widget-container\">\n\t\t\t\t\t<div class=\"elementor-button-wrapper\">\n\t\t\t<a href=\"http:\/\/obotodexico.com.br\/\" class=\"elementor-button-link elementor-button elementor-size-sm\" role=\"button\">\n\t\t\t\t\t\t<span class=\"elementor-button-content-wrapper\">\n\t\t\t\t\t\t<span class=\"elementor-button-icon elementor-align-icon-right\">\n\t\t\t\t<i aria-hidden=\"true\" class=\"fas fa-home\"><\/i>\t\t\t<\/span>\n\t\t\t\t\t\t<span class=\"elementor-button-text\">\u00cdndice<\/span>\n\t\t<\/span>\n\t\t\t\t\t<\/a>\n\t\t<\/div>\n\t\t\t\t<\/div>\n\t\t\t\t<\/div>\n\t\t\t\t\t<\/div>\n\t\t<\/div>\n\t\t\t\t<div class=\"elementor-column elementor-col-33 elementor-top-column elementor-element elementor-element-189263d\" data-id=\"189263d\" data-element_type=\"column\">\n\t\t\t<div class=\"elementor-widget-wrap elementor-element-populated\">\n\t\t\t\t\t\t\t\t<div class=\"elementor-element elementor-element-f21b463 elementor-align-center elementor-widget elementor-widget-button\" data-id=\"f21b463\" data-element_type=\"widget\" data-widget_type=\"button.default\">\n\t\t\t\t<div class=\"elementor-widget-container\">\n\t\t\t\t\t<div class=\"elementor-button-wrapper\">\n\t\t\t<a href=\"http:\/\/obotodexico.com.br\/index.php\/capitulo-07\/\" class=\"elementor-button-link elementor-button elementor-size-sm\" role=\"button\">\n\t\t\t\t\t\t<span class=\"elementor-button-content-wrapper\">\n\t\t\t\t\t\t<span class=\"elementor-button-icon elementor-align-icon-right\">\n\t\t\t\t<i aria-hidden=\"true\" class=\"far fa-arrow-alt-circle-right\"><\/i>\t\t\t<\/span>\n\t\t\t\t\t\t<span class=\"elementor-button-text\">Pr\u00f3ximo<\/span>\n\t\t<\/span>\n\t\t\t\t\t<\/a>\n\t\t<\/div>\n\t\t\t\t<\/div>\n\t\t\t\t<\/div>\n\t\t\t\t\t<\/div>\n\t\t<\/div>\n\t\t\t\t\t\t\t<\/div>\n\t\t<\/section>\n\t\t\t\t\t\t<\/div>\n\t\t\t\t\t<\/div>\n\t\t","protected":false},"excerpt":{"rendered":"<p>O Cobrador da Amaz\u00f4nia Autor: Chicco Moreira Anterior \u00cdndice Pr\u00f3ximo VI. \u00c0 catraia Depois de descerem a rampa barrenta, Messias carrega o motor de rabeta at\u00e9 a embarca\u00e7\u00e3o, passa a corrente e ajusta o parafuso. Desce a canoa, suavemente, at\u00e9 a \u00e1gua. Francisco n\u00e3o esconde o p\u00e2nico: \u2014 \u00c9 nessa coisa que vamos? Isso n\u00e3o &hellip;<\/p>\n<p class=\"read-more\"> <a class=\"\" href=\"http:\/\/obotodexico.com.br\/index.php\/capitulo-06\/\"> <span class=\"screen-reader-text\">cap\u00edtulo 06<\/span> Leia mais &raquo;<\/a><\/p>\n","protected":false},"author":1,"featured_media":0,"parent":0,"menu_order":0,"comment_status":"closed","ping_status":"closed","template":"","meta":{"footnotes":""},"class_list":["post-363","page","type-page","status-publish","hentry"],"uagb_featured_image_src":{"full":false,"thumbnail":false,"medium":false,"medium_large":false,"large":false,"1536x1536":false,"2048x2048":false},"uagb_author_info":{"display_name":"obotodexico","author_link":"http:\/\/obotodexico.com.br\/index.php\/author\/obotodexico\/"},"uagb_comment_info":0,"uagb_excerpt":"O Cobrador da Amaz\u00f4nia Autor: Chicco Moreira Anterior \u00cdndice Pr\u00f3ximo VI. \u00c0 catraia Depois de descerem a rampa barrenta, Messias carrega o motor de rabeta at\u00e9 a embarca\u00e7\u00e3o, passa a corrente e ajusta o parafuso. Desce a canoa, suavemente, at\u00e9 a \u00e1gua. Francisco n\u00e3o esconde o p\u00e2nico: \u2014 \u00c9 nessa coisa que vamos? Isso n\u00e3o&hellip;","_links":{"self":[{"href":"http:\/\/obotodexico.com.br\/index.php\/wp-json\/wp\/v2\/pages\/363","targetHints":{"allow":["GET"]}}],"collection":[{"href":"http:\/\/obotodexico.com.br\/index.php\/wp-json\/wp\/v2\/pages"}],"about":[{"href":"http:\/\/obotodexico.com.br\/index.php\/wp-json\/wp\/v2\/types\/page"}],"author":[{"embeddable":true,"href":"http:\/\/obotodexico.com.br\/index.php\/wp-json\/wp\/v2\/users\/1"}],"replies":[{"embeddable":true,"href":"http:\/\/obotodexico.com.br\/index.php\/wp-json\/wp\/v2\/comments?post=363"}],"version-history":[{"count":32,"href":"http:\/\/obotodexico.com.br\/index.php\/wp-json\/wp\/v2\/pages\/363\/revisions"}],"predecessor-version":[{"id":993,"href":"http:\/\/obotodexico.com.br\/index.php\/wp-json\/wp\/v2\/pages\/363\/revisions\/993"}],"wp:attachment":[{"href":"http:\/\/obotodexico.com.br\/index.php\/wp-json\/wp\/v2\/media?parent=363"}],"curies":[{"name":"wp","href":"https:\/\/api.w.org\/{rel}","templated":true}]}}