{"id":224,"date":"2021-10-17T21:48:50","date_gmt":"2021-10-18T01:48:50","guid":{"rendered":"http:\/\/obotodexico.com.br\/?page_id=224"},"modified":"2022-01-16T21:15:59","modified_gmt":"2022-01-17T01:15:59","slug":"capitulo-02","status":"publish","type":"page","link":"http:\/\/obotodexico.com.br\/index.php\/capitulo-02\/","title":{"rendered":"cap\u00edtulo 02"},"content":{"rendered":"\t\t<div data-elementor-type=\"wp-page\" data-elementor-id=\"224\" class=\"elementor elementor-224\" data-elementor-settings=\"[]\">\n\t\t\t\t\t\t\t<div class=\"elementor-section-wrap\">\n\t\t\t\t\t\t\t<section class=\"elementor-section elementor-top-section elementor-element elementor-element-71a46376 elementor-section-full_width elementor-section-stretched elementor-section-height-default elementor-section-height-default\" data-id=\"71a46376\" data-element_type=\"section\" data-settings=\"{&quot;stretch_section&quot;:&quot;section-stretched&quot;,&quot;background_background&quot;:&quot;classic&quot;}\">\n\t\t\t\t\t\t<div class=\"elementor-container elementor-column-gap-default\">\n\t\t\t\t\t<div class=\"elementor-column elementor-col-100 elementor-top-column elementor-element elementor-element-4bfc7189\" data-id=\"4bfc7189\" data-element_type=\"column\">\n\t\t\t<div class=\"elementor-widget-wrap elementor-element-populated\">\n\t\t\t\t\t\t\t\t<div class=\"elementor-element elementor-element-16024566 elementor-widget elementor-widget-heading\" data-id=\"16024566\" data-element_type=\"widget\" data-widget_type=\"heading.default\">\n\t\t\t\t<div class=\"elementor-widget-container\">\n\t\t\t<h2 class=\"elementor-heading-title elementor-size-default\">O Cobrador da Amaz\u00f4nia\n<\/h2>\t\t<\/div>\n\t\t\t\t<\/div>\n\t\t\t\t<div class=\"elementor-element elementor-element-6bcd9c30 elementor-widget elementor-widget-text-editor\" data-id=\"6bcd9c30\" data-element_type=\"widget\" data-widget_type=\"text-editor.default\">\n\t\t\t\t<div class=\"elementor-widget-container\">\n\t\t\t\t\t\t\t<p>Autor: Chicco Moreira<\/p>\t\t\t\t\t\t<\/div>\n\t\t\t\t<\/div>\n\t\t\t\t\t<\/div>\n\t\t<\/div>\n\t\t\t\t\t\t\t<\/div>\n\t\t<\/section>\n\t\t\t\t<section class=\"elementor-section elementor-top-section elementor-element elementor-element-1f9cb00 elementor-section-full_width elementor-section-height-default elementor-section-height-default\" data-id=\"1f9cb00\" data-element_type=\"section\">\n\t\t\t\t\t\t<div class=\"elementor-container elementor-column-gap-default\">\n\t\t\t\t\t<div class=\"elementor-column elementor-col-33 elementor-top-column elementor-element elementor-element-940a2c7\" data-id=\"940a2c7\" data-element_type=\"column\">\n\t\t\t<div class=\"elementor-widget-wrap elementor-element-populated\">\n\t\t\t\t\t\t\t\t<div class=\"elementor-element elementor-element-15307c4 elementor-align-center elementor-widget elementor-widget-button\" data-id=\"15307c4\" data-element_type=\"widget\" data-widget_type=\"button.default\">\n\t\t\t\t<div class=\"elementor-widget-container\">\n\t\t\t\t\t<div class=\"elementor-button-wrapper\">\n\t\t\t<a href=\"http:\/\/obotodexico.com.br\/index.php\/capitulo-01\/\" class=\"elementor-button-link elementor-button elementor-size-sm\" role=\"button\">\n\t\t\t\t\t\t<span class=\"elementor-button-content-wrapper\">\n\t\t\t\t\t\t<span class=\"elementor-button-icon elementor-align-icon-left\">\n\t\t\t\t<i aria-hidden=\"true\" class=\"far fa-arrow-alt-circle-left\"><\/i>\t\t\t<\/span>\n\t\t\t\t\t\t<span class=\"elementor-button-text\">Anterior<\/span>\n\t\t<\/span>\n\t\t\t\t\t<\/a>\n\t\t<\/div>\n\t\t\t\t<\/div>\n\t\t\t\t<\/div>\n\t\t\t\t\t<\/div>\n\t\t<\/div>\n\t\t\t\t<div class=\"elementor-column elementor-col-33 elementor-top-column elementor-element elementor-element-a23be57\" data-id=\"a23be57\" data-element_type=\"column\">\n\t\t\t<div class=\"elementor-widget-wrap elementor-element-populated\">\n\t\t\t\t\t\t\t\t<div class=\"elementor-element elementor-element-cc7bf6e elementor-align-center elementor-mobile-align-left elementor-widget elementor-widget-button\" data-id=\"cc7bf6e\" data-element_type=\"widget\" data-widget_type=\"button.default\">\n\t\t\t\t<div class=\"elementor-widget-container\">\n\t\t\t\t\t<div class=\"elementor-button-wrapper\">\n\t\t\t<a href=\"http:\/\/obotodexico.com.br\/\" class=\"elementor-button-link elementor-button elementor-size-sm\" role=\"button\">\n\t\t\t\t\t\t<span class=\"elementor-button-content-wrapper\">\n\t\t\t\t\t\t<span class=\"elementor-button-icon elementor-align-icon-right\">\n\t\t\t\t<i aria-hidden=\"true\" class=\"fas fa-home\"><\/i>\t\t\t<\/span>\n\t\t\t\t\t\t<span class=\"elementor-button-text\">\u00cdndice<\/span>\n\t\t<\/span>\n\t\t\t\t\t<\/a>\n\t\t<\/div>\n\t\t\t\t<\/div>\n\t\t\t\t<\/div>\n\t\t\t\t\t<\/div>\n\t\t<\/div>\n\t\t\t\t<div class=\"elementor-column elementor-col-33 elementor-top-column elementor-element elementor-element-b9aa9bd\" data-id=\"b9aa9bd\" data-element_type=\"column\">\n\t\t\t<div class=\"elementor-widget-wrap elementor-element-populated\">\n\t\t\t\t\t\t\t\t<div class=\"elementor-element elementor-element-187aefe elementor-align-center elementor-widget elementor-widget-button\" data-id=\"187aefe\" data-element_type=\"widget\" data-widget_type=\"button.default\">\n\t\t\t\t<div class=\"elementor-widget-container\">\n\t\t\t\t\t<div class=\"elementor-button-wrapper\">\n\t\t\t<a href=\"http:\/\/obotodexico.com.br\/index.php\/capitulo-03\/\" class=\"elementor-button-link elementor-button elementor-size-sm\" role=\"button\">\n\t\t\t\t\t\t<span class=\"elementor-button-content-wrapper\">\n\t\t\t\t\t\t<span class=\"elementor-button-icon elementor-align-icon-right\">\n\t\t\t\t<i aria-hidden=\"true\" class=\"far fa-arrow-alt-circle-right\"><\/i>\t\t\t<\/span>\n\t\t\t\t\t\t<span class=\"elementor-button-text\">Pr\u00f3ximo<\/span>\n\t\t<\/span>\n\t\t\t\t\t<\/a>\n\t\t<\/div>\n\t\t\t\t<\/div>\n\t\t\t\t<\/div>\n\t\t\t\t\t<\/div>\n\t\t<\/div>\n\t\t\t\t\t\t\t<\/div>\n\t\t<\/section>\n\t\t\t\t<section class=\"elementor-section elementor-top-section elementor-element elementor-element-0ff16ff elementor-section-boxed elementor-section-height-default elementor-section-height-default\" data-id=\"0ff16ff\" data-element_type=\"section\">\n\t\t\t\t\t\t<div class=\"elementor-container elementor-column-gap-default\">\n\t\t\t\t\t<div class=\"elementor-column elementor-col-100 elementor-top-column elementor-element elementor-element-80e0529\" data-id=\"80e0529\" data-element_type=\"column\">\n\t\t\t<div class=\"elementor-widget-wrap elementor-element-populated\">\n\t\t\t\t\t\t\t\t<div class=\"elementor-element elementor-element-f2b9eaf elementor-widget elementor-widget-heading\" data-id=\"f2b9eaf\" data-element_type=\"widget\" data-widget_type=\"heading.default\">\n\t\t\t\t<div class=\"elementor-widget-container\">\n\t\t\t<h2 class=\"elementor-heading-title elementor-size-default\">II. V\u00e9spera da Reisada<\/h2>\t\t<\/div>\n\t\t\t\t<\/div>\n\t\t\t\t\t<\/div>\n\t\t<\/div>\n\t\t\t\t\t\t\t<\/div>\n\t\t<\/section>\n\t\t\t\t<section class=\"elementor-section elementor-top-section elementor-element elementor-element-e74d005 elementor-section-boxed elementor-section-height-default elementor-section-height-default\" data-id=\"e74d005\" data-element_type=\"section\">\n\t\t\t\t\t\t<div class=\"elementor-container elementor-column-gap-default\">\n\t\t\t\t\t<div class=\"elementor-column elementor-col-100 elementor-top-column elementor-element elementor-element-4c2530e\" data-id=\"4c2530e\" data-element_type=\"column\">\n\t\t\t<div class=\"elementor-widget-wrap elementor-element-populated\">\n\t\t\t\t\t\t\t\t<div class=\"elementor-element elementor-element-46a285d elementor-aspect-ratio-169 elementor-widget elementor-widget-video\" data-id=\"46a285d\" data-element_type=\"widget\" data-settings=\"{&quot;youtube_url&quot;:&quot;https:\\\/\\\/www.youtube.com\\\/watch?v=k1SwpuJHBCc&quot;,&quot;video_type&quot;:&quot;youtube&quot;,&quot;controls&quot;:&quot;yes&quot;,&quot;aspect_ratio&quot;:&quot;169&quot;}\" data-widget_type=\"video.default\">\n\t\t\t\t<div class=\"elementor-widget-container\">\n\t\t\t\t\t<div class=\"elementor-wrapper elementor-fit-aspect-ratio elementor-open-inline\">\n\t\t\t<div class=\"elementor-video\"><\/div>\t\t<\/div>\n\t\t\t\t<\/div>\n\t\t\t\t<\/div>\n\t\t\t\t\t<\/div>\n\t\t<\/div>\n\t\t\t\t\t\t\t<\/div>\n\t\t<\/section>\n\t\t\t\t<section class=\"elementor-section elementor-top-section elementor-element elementor-element-a4a46cf elementor-section-boxed elementor-section-height-default elementor-section-height-default\" data-id=\"a4a46cf\" data-element_type=\"section\">\n\t\t\t\t\t\t<div class=\"elementor-container elementor-column-gap-default\">\n\t\t\t\t\t<div class=\"elementor-column elementor-col-100 elementor-top-column elementor-element elementor-element-86705ba\" data-id=\"86705ba\" data-element_type=\"column\">\n\t\t\t<div class=\"elementor-widget-wrap elementor-element-populated\">\n\t\t\t\t\t\t\t\t<div class=\"elementor-element elementor-element-108a2e6 elementor-widget elementor-widget-text-editor\" data-id=\"108a2e6\" data-element_type=\"widget\" data-widget_type=\"text-editor.default\">\n\t\t\t\t<div class=\"elementor-widget-container\">\n\t\t\t\t\t\t\t<p>\u00a0Amaz\u00f4nia, 1955<\/p><p>\u00a0<\/p><p>Uma explos\u00e3o. Francisco acorda com um raio explodindo perto da aeronave, um hidroavi\u00e3o de dois lugares que sobrevoa o rio Negro balan\u00e7ando pra l\u00e1 e pra c\u00e1 feito o boi-bumb\u00e1. O sol tenta sair de tr\u00e1s das nuvens baixas, criando a sensa\u00e7\u00e3o de que o c\u00e9u est\u00e1 a fundir-se com o rio. Os raios solares formam uma coroa dourada a escapar pelos furos.<\/p><p>O piloto sorri para Francisco, que olha de canto e v\u00ea as correntes e os dentes que brilham, ouro no pesco\u00e7o, nos pulsos, anel de esmeralda no dedo. Francisco disfar\u00e7a olhando para o c\u00e9u carregado.<\/p><p>\u2014 Fique tranquilo, professor. Isso \u00e9 s\u00f3 um chuvisco. Chegaremos em breve.<\/p><p>Um outro raio explode ao lado da aeronave e Francisco se ajeita na cadeira.<\/p><p>\u2014 Estou tranquilo. Conseguiu essa esmeralda em Xavier?<\/p><p>\u2014 N\u00e3o, essa aqui n\u00e3o. Mas l\u00e1 praquelas bandas tem muito mais dessas.<\/p><p>\u2014 Apenas lendas, comandante.<\/p><p>\u2014 Ser\u00e1, professor? Eu sei que de lendas o sinh\u00f4 entende, mas de pedras preciosas eu me garanto. V\u00e1 por mim. Ali naquela regi\u00e3o tem \u00e9 muita.<\/p><p>O rio e a floresta, pulverizados pela chuva, exibem um quadro em cores frias, de dimens\u00f5es extremas, sem pontos de fuga aparentes. A negritude do c\u00e9u funde-se com o negro do rio, tornando-os um s\u00f3.<\/p><p>No conv\u00e9s do Dona Carolina, esticado em uma cadeira no bar, o velho Abreu, j\u00e1 beirando os sessenta anos, sempre com seu chap\u00e9u branco, bebe uma ta\u00e7a de vinho tinto e fuma um charuto robusto ao lado da mulher, Maria, um pouco mais jovem. Os dois mal se olham. A obesidade, a pose e a arrog\u00e2ncia revelam a condi\u00e7\u00e3o social do casal: ricos, muito diferentes da maioria dos viajantes.<\/p><p>O navio tem poucos minutos at\u00e9 a hora da partida. Abreu observa duas cunhant\u00e3s, meninas de doze, treze anos, que vendem doces, mas logo a aten\u00e7\u00e3o do gordo se fixa em uma bela ruiva de cabelos encaracolados, magra, com a idade da juventude exuberante, que surge do horizonte com vestido colorido, de golas, e senta na mesa ao lado. Maria n\u00e3o gosta do tipo e muda seu ar desinteressado para outro nada humorado.<\/p><p>Um marinheiro se aproxima e diz para as cunhant\u00e3s:<\/p><p>\u2014 Voc\u00eas precisam ir. V\u00e3o, v\u00e3o. Senhoras e senhores, o navio vai zarpar em cinco minutos. Queiram, por favor, apresentar os bilhetes em seus camarotes.<\/p><p>Abreu se surpreende.<\/p><p>\u2014 Mas j\u00e1?<\/p><p>\u2014 Antes da tempestade chegar por aqui, senhor&#8230; O senhor j\u00e1 est\u00e1 com seu bilhete?<\/p><p>Abreu confirma, enquanto todos olham para cima e conferem as nuvens. Abreu pisca para as duas vendedoras de bombons. Maria nem percebe e se levanta<\/p><p>\u2014 Deixa eu ir andando&#8230; Boa viagem.<\/p><p>\u2014 Fique bem. S\u00f3 volto depois do carnaval. E n\u00e3o se esque\u00e7a: qualquer emerg\u00eancia mande um telex para o pombal dos franceses.<\/p><p>Maria se despede do marido com um beijo na testa. Abreu nem se mexe. A mulher vai embora. Amelinha, bem perto, sorri.<\/p><p>Abreu passa por tr\u00e1s da mo\u00e7a na hora em que o navio apita para anunciar a partida. O som \u00e9 alto e assusta Amelinha. O velho agarra a ruiva por tr\u00e1s e os dois d\u00e3o risadas e se beijam.<\/p><p>\u00a0<\/p>\t\t\t\t\t\t<\/div>\n\t\t\t\t<\/div>\n\t\t\t\t\t<\/div>\n\t\t<\/div>\n\t\t\t\t\t\t\t<\/div>\n\t\t<\/section>\n\t\t\t\t<section class=\"elementor-section elementor-top-section elementor-element elementor-element-a94bfc0 elementor-section-boxed elementor-section-height-default elementor-section-height-default\" data-id=\"a94bfc0\" data-element_type=\"section\">\n\t\t\t\t\t\t<div class=\"elementor-container elementor-column-gap-default\">\n\t\t\t\t\t<div class=\"elementor-column elementor-col-100 elementor-top-column elementor-element elementor-element-c1034b6\" data-id=\"c1034b6\" data-element_type=\"column\">\n\t\t\t<div class=\"elementor-widget-wrap elementor-element-populated\">\n\t\t\t\t\t\t\t\t<div class=\"elementor-element elementor-element-45dbf05 elementor-widget elementor-widget-image\" data-id=\"45dbf05\" data-element_type=\"widget\" data-widget_type=\"image.default\">\n\t\t\t\t<div class=\"elementor-widget-container\">\n\t\t\t\t\t\t\t\t\t\t\t\t\t\t\t<img loading=\"lazy\" decoding=\"async\" width=\"1024\" height=\"729\" src=\"http:\/\/obotodexico.com.br\/wp-content\/uploads\/2022\/01\/02-1-1024x729.jpg\" class=\"attachment-large size-large\" alt=\"\" srcset=\"http:\/\/obotodexico.com.br\/wp-content\/uploads\/2022\/01\/02-1-1024x729.jpg 1024w, http:\/\/obotodexico.com.br\/wp-content\/uploads\/2022\/01\/02-1-300x214.jpg 300w, http:\/\/obotodexico.com.br\/wp-content\/uploads\/2022\/01\/02-1-768x547.jpg 768w, http:\/\/obotodexico.com.br\/wp-content\/uploads\/2022\/01\/02-1-1536x1094.jpg 1536w, http:\/\/obotodexico.com.br\/wp-content\/uploads\/2022\/01\/02-1-2048x1459.jpg 2048w\" sizes=\"auto, (max-width: 1024px) 100vw, 1024px\" \/>\t\t\t\t\t\t\t\t\t\t\t\t\t\t\t<\/div>\n\t\t\t\t<\/div>\n\t\t\t\t\t<\/div>\n\t\t<\/div>\n\t\t\t\t\t\t\t<\/div>\n\t\t<\/section>\n\t\t\t\t<section class=\"elementor-section elementor-top-section elementor-element elementor-element-b510b5a elementor-section-boxed elementor-section-height-default elementor-section-height-default\" data-id=\"b510b5a\" data-element_type=\"section\">\n\t\t\t\t\t\t<div class=\"elementor-container elementor-column-gap-default\">\n\t\t\t\t\t<div class=\"elementor-column elementor-col-100 elementor-top-column elementor-element elementor-element-149d4ee\" data-id=\"149d4ee\" data-element_type=\"column\">\n\t\t\t<div class=\"elementor-widget-wrap elementor-element-populated\">\n\t\t\t\t\t\t\t\t<div class=\"elementor-element elementor-element-850d524 elementor-widget elementor-widget-text-editor\" data-id=\"850d524\" data-element_type=\"widget\" data-widget_type=\"text-editor.default\">\n\t\t\t\t<div class=\"elementor-widget-container\">\n\t\t\t\t\t\t\t<p>Chuva e vento balan\u00e7am o hidroavi\u00e3o. As gotas batem forte no vidro da janela. Francisco guarda seu caderno na pasta e se segura. O piloto chama a torre pelo r\u00e1dio.<\/p><p>\u2014 Aqui \u00e9 o Gavi\u00e3o Aqu\u00e1tico, prossiga com a informa\u00e7\u00e3o. Positivo, torre.<\/p><p>Francisco pergunta:<\/p><p>\u2014 Problemas?<\/p><p>\u2014 O Dona Carolina zarpou. N\u00e3o puderam esperar por ningu\u00e9m, mas vamos intercept\u00e1-lo.<\/p><p>O piloto comprime os l\u00e1bios com olhos bem abertos. Calibra as manivelas no painel e no teto do avi\u00e3o. Francisco olha pela janela. Manaus est\u00e1 \u00e0 esquerda do hidroavi\u00e3o e, mais \u00e0 frente, o navio vai se aproximando do encontro das \u00e1guas que formam o rio Amazonas.<\/p><p>\u2014 Olha ali a sua banheira velha. J\u00e1 t\u00e3o sabendo que a gente t\u00e1 aqui em cima. Fique tranquilo.<\/p><p>O piloto mergulha a aeronave e aponta o nariz na dire\u00e7\u00e3o do navio Dona Carolina. A embarca\u00e7\u00e3o vai crescendo diante da cabine e Francisco registra os detalhes do painel \u00e0 sua frente: um santinho, o ter\u00e7o, a imagem de Cristo. Na cara do piloto, pura adrenalina.<\/p><p>Abreu e Amelinha bebem champanhe em finas ta\u00e7as. Eles brindam no exato momento em que o hidroavi\u00e3o passa voando baixo sobre suas cabe\u00e7as. Os tripulantes ficam assustados e preocupados. Os passageiros, confusos e euf\u00f3ricos. Uns se abaixam, outros sorriem, outros vibram enquanto outros correm para ver a aeronave pousar nas \u00e1guas escuras.<\/p><p>Ap\u00f3s o pouso na \u00e1gua, o professor Francisco Bonart\u00e9rio embarca no Dona Carolina. Destino: Xavier. Esgueirando-se, meio sem jeito, por baixo das redes, despede-se do piloto do hidroavi\u00e3o com um aceno.<\/p><p>Com uma garrafa de champanhe na m\u00e3o, Abreu passa por umas quinze pessoas aglomeradas e se antecipa para recepcionar o passageiro que veio do c\u00e9u. Diante dos olhares curiosos, os dois se cumprimentam j\u00e1 com as ta\u00e7as na m\u00e3o. Abreu distribui cortesia.<\/p><p>\u2014 Seja bem-vindo.<\/p><p>\u2014 Obrigado.<\/p><p>Os dois bebem em tr\u00eas goladas o vinho branco espumante, se olham e d\u00e3o as m\u00e3os com energia:<\/p><p>\u2014 Eu me chamo Abreu.\u00a0<\/p><p>\u2014 Francisco.<\/p><p>O hidroavi\u00e3o decola e desaparece por entre as baixas nuvens.<\/p><p>O p\u00f4r do sol derrama a luz amarelo-alaranjada no leito do rio. O navio segue seu rumo nas \u00e1guas barrentas. A tempestade mudou de curso. O c\u00e9u se abre para um lindo anoitecer amaz\u00f4nico.<\/p><p>Abreu, Amelinha e Francisco conversam no bar. O velho fuma charuto sem tirar os olhos da ruiva. O professor divide sua aten\u00e7\u00e3o para os dois. Abreu provoca:<\/p><p>\u2014 O que mais me interessa nessa peregrina\u00e7\u00e3o, meu jovem professor, s\u00e3o as aventuras. Para os homens casados se torna uma armadilha mortal; para os solteiros, um teste de virilidade e resist\u00eancia, se \u00e9 que me entende. S\u00e3o Jos\u00e9 para os profanos \u00e9 o padroeiro de todos os cornos.<\/p><p>\u2014 Ouvi falar de muitas est\u00f3rias sobre Xavier. A minha vida inteira. Mas essa analogia sobre o sagrado e o profano eu preciso anotar.<\/p><p>Francisco escreve num caderninho enquanto Abreu serve as ta\u00e7as.<\/p><p>\u2014 Voc\u00ea \u00e9 jovem, escritor, antrop\u00f3logo. Tem todo o direito de estar encantado com as lendas, com est\u00f3rias fant\u00e1sticas. Mas nem tudo s\u00e3o flores.<\/p><p>Abreu larga a garrafa na mesa e se estica para frente.<\/p><p>\u00a0\u00a0\u00a0\u00a0\u00a0\u00a0\u00a0\u00a0\u00a0\u00a0\u00a0 \u2014 A Amaz\u00f4nia n\u00e3o \u00e9 um ambiente muito amig\u00e1vel para peles t\u00e3o delicadas.<\/p><p>Francisco ouve com aten\u00e7\u00e3o e fica receoso.<\/p><p>\u2014 Acha que eu deveria ter cuidado?<\/p><p>\u2014 \u00a0Todos devem. Ainda mais sendo h\u00f3spede do patr\u00e3o.<\/p><p>\u2014 Patr\u00e3o?<\/p><p>\u2014 \u00c9 como os cabocos chamam Lindemberg, o chefe da vila. Um sujeito poderoso que gosta de exercer seu poder. Deve estar com medo de ser cobrado.<\/p><p>\u2014 Cobrado?<\/p><p>Abreu suspira, olha para o alto e diz:<\/p><p>\u2014 Meu caro professor. Por acaso, nesses anos todos, j\u00e1 ouviu falar da maldi\u00e7\u00e3o?<\/p><p>Francisco apenas comprime os l\u00e1bios e nega com a cabe\u00e7a.<\/p>\t\t\t\t\t\t<\/div>\n\t\t\t\t<\/div>\n\t\t\t\t\t<\/div>\n\t\t<\/div>\n\t\t\t\t\t\t\t<\/div>\n\t\t<\/section>\n\t\t\t\t<section class=\"elementor-section elementor-top-section elementor-element elementor-element-74dd7a7 elementor-section-full_width elementor-section-height-default elementor-section-height-default\" data-id=\"74dd7a7\" data-element_type=\"section\">\n\t\t\t\t\t\t<div class=\"elementor-container elementor-column-gap-default\">\n\t\t\t\t\t<div class=\"elementor-column elementor-col-33 elementor-top-column elementor-element elementor-element-827b868\" data-id=\"827b868\" data-element_type=\"column\">\n\t\t\t<div class=\"elementor-widget-wrap elementor-element-populated\">\n\t\t\t\t\t\t\t\t<div class=\"elementor-element elementor-element-40f5db6 elementor-align-center elementor-widget elementor-widget-button\" data-id=\"40f5db6\" data-element_type=\"widget\" data-widget_type=\"button.default\">\n\t\t\t\t<div class=\"elementor-widget-container\">\n\t\t\t\t\t<div class=\"elementor-button-wrapper\">\n\t\t\t<a href=\"http:\/\/obotodexico.com.br\/index.php\/capitulo-01\/\" class=\"elementor-button-link elementor-button elementor-size-sm\" role=\"button\">\n\t\t\t\t\t\t<span class=\"elementor-button-content-wrapper\">\n\t\t\t\t\t\t<span class=\"elementor-button-icon elementor-align-icon-left\">\n\t\t\t\t<i aria-hidden=\"true\" class=\"far fa-arrow-alt-circle-left\"><\/i>\t\t\t<\/span>\n\t\t\t\t\t\t<span class=\"elementor-button-text\">Anterior<\/span>\n\t\t<\/span>\n\t\t\t\t\t<\/a>\n\t\t<\/div>\n\t\t\t\t<\/div>\n\t\t\t\t<\/div>\n\t\t\t\t\t<\/div>\n\t\t<\/div>\n\t\t\t\t<div class=\"elementor-column elementor-col-33 elementor-top-column elementor-element elementor-element-58936f3\" data-id=\"58936f3\" data-element_type=\"column\">\n\t\t\t<div class=\"elementor-widget-wrap elementor-element-populated\">\n\t\t\t\t\t\t\t\t<div class=\"elementor-element elementor-element-dbb5458 elementor-align-center elementor-mobile-align-left elementor-widget elementor-widget-button\" data-id=\"dbb5458\" data-element_type=\"widget\" data-widget_type=\"button.default\">\n\t\t\t\t<div class=\"elementor-widget-container\">\n\t\t\t\t\t<div class=\"elementor-button-wrapper\">\n\t\t\t<a href=\"http:\/\/obotodexico.com.br\/\" class=\"elementor-button-link elementor-button elementor-size-sm\" role=\"button\">\n\t\t\t\t\t\t<span class=\"elementor-button-content-wrapper\">\n\t\t\t\t\t\t<span class=\"elementor-button-icon elementor-align-icon-right\">\n\t\t\t\t<i aria-hidden=\"true\" class=\"fas fa-home\"><\/i>\t\t\t<\/span>\n\t\t\t\t\t\t<span class=\"elementor-button-text\">\u00cdndice<\/span>\n\t\t<\/span>\n\t\t\t\t\t<\/a>\n\t\t<\/div>\n\t\t\t\t<\/div>\n\t\t\t\t<\/div>\n\t\t\t\t\t<\/div>\n\t\t<\/div>\n\t\t\t\t<div class=\"elementor-column elementor-col-33 elementor-top-column elementor-element elementor-element-a2e5a84\" data-id=\"a2e5a84\" data-element_type=\"column\">\n\t\t\t<div class=\"elementor-widget-wrap elementor-element-populated\">\n\t\t\t\t\t\t\t\t<div class=\"elementor-element elementor-element-96e64bd elementor-align-center elementor-widget elementor-widget-button\" data-id=\"96e64bd\" data-element_type=\"widget\" data-widget_type=\"button.default\">\n\t\t\t\t<div class=\"elementor-widget-container\">\n\t\t\t\t\t<div class=\"elementor-button-wrapper\">\n\t\t\t<a href=\"http:\/\/obotodexico.com.br\/index.php\/capitulo-03\/\" class=\"elementor-button-link elementor-button elementor-size-sm\" role=\"button\">\n\t\t\t\t\t\t<span class=\"elementor-button-content-wrapper\">\n\t\t\t\t\t\t<span class=\"elementor-button-icon elementor-align-icon-right\">\n\t\t\t\t<i aria-hidden=\"true\" class=\"far fa-arrow-alt-circle-right\"><\/i>\t\t\t<\/span>\n\t\t\t\t\t\t<span class=\"elementor-button-text\">Pr\u00f3ximo<\/span>\n\t\t<\/span>\n\t\t\t\t\t<\/a>\n\t\t<\/div>\n\t\t\t\t<\/div>\n\t\t\t\t<\/div>\n\t\t\t\t\t<\/div>\n\t\t<\/div>\n\t\t\t\t\t\t\t<\/div>\n\t\t<\/section>\n\t\t\t\t\t\t<\/div>\n\t\t\t\t\t<\/div>\n\t\t","protected":false},"excerpt":{"rendered":"<p>O Cobrador da Amaz\u00f4nia Autor: Chicco Moreira Anterior \u00cdndice Pr\u00f3ximo II. V\u00e9spera da Reisada https:\/\/www.youtube.com\/watch?v=k1SwpuJHBCc \u00a0Amaz\u00f4nia, 1955 \u00a0 Uma explos\u00e3o. Francisco acorda com um raio explodindo perto da aeronave, um hidroavi\u00e3o de dois lugares que sobrevoa o rio Negro balan\u00e7ando pra l\u00e1 e pra c\u00e1 feito o boi-bumb\u00e1. O sol tenta sair de tr\u00e1s das &hellip;<\/p>\n<p class=\"read-more\"> <a class=\"\" href=\"http:\/\/obotodexico.com.br\/index.php\/capitulo-02\/\"> <span class=\"screen-reader-text\">cap\u00edtulo 02<\/span> Leia mais &raquo;<\/a><\/p>\n","protected":false},"author":1,"featured_media":0,"parent":0,"menu_order":0,"comment_status":"closed","ping_status":"closed","template":"","meta":{"footnotes":""},"class_list":["post-224","page","type-page","status-publish","hentry"],"uagb_featured_image_src":{"full":false,"thumbnail":false,"medium":false,"medium_large":false,"large":false,"1536x1536":false,"2048x2048":false},"uagb_author_info":{"display_name":"obotodexico","author_link":"http:\/\/obotodexico.com.br\/index.php\/author\/obotodexico\/"},"uagb_comment_info":0,"uagb_excerpt":"O Cobrador da Amaz\u00f4nia Autor: Chicco Moreira Anterior \u00cdndice Pr\u00f3ximo II. V\u00e9spera da Reisada https:\/\/www.youtube.com\/watch?v=k1SwpuJHBCc \u00a0Amaz\u00f4nia, 1955 \u00a0 Uma explos\u00e3o. Francisco acorda com um raio explodindo perto da aeronave, um hidroavi\u00e3o de dois lugares que sobrevoa o rio Negro balan\u00e7ando pra l\u00e1 e pra c\u00e1 feito o boi-bumb\u00e1. O sol tenta sair de tr\u00e1s das&hellip;","_links":{"self":[{"href":"http:\/\/obotodexico.com.br\/index.php\/wp-json\/wp\/v2\/pages\/224","targetHints":{"allow":["GET"]}}],"collection":[{"href":"http:\/\/obotodexico.com.br\/index.php\/wp-json\/wp\/v2\/pages"}],"about":[{"href":"http:\/\/obotodexico.com.br\/index.php\/wp-json\/wp\/v2\/types\/page"}],"author":[{"embeddable":true,"href":"http:\/\/obotodexico.com.br\/index.php\/wp-json\/wp\/v2\/users\/1"}],"replies":[{"embeddable":true,"href":"http:\/\/obotodexico.com.br\/index.php\/wp-json\/wp\/v2\/comments?post=224"}],"version-history":[{"count":56,"href":"http:\/\/obotodexico.com.br\/index.php\/wp-json\/wp\/v2\/pages\/224\/revisions"}],"predecessor-version":[{"id":981,"href":"http:\/\/obotodexico.com.br\/index.php\/wp-json\/wp\/v2\/pages\/224\/revisions\/981"}],"wp:attachment":[{"href":"http:\/\/obotodexico.com.br\/index.php\/wp-json\/wp\/v2\/media?parent=224"}],"curies":[{"name":"wp","href":"https:\/\/api.w.org\/{rel}","templated":true}]}}