{"id":157,"date":"2021-10-17T20:14:56","date_gmt":"2021-10-18T00:14:56","guid":{"rendered":"http:\/\/obotodexico.com.br\/?page_id=157"},"modified":"2022-01-16T21:13:42","modified_gmt":"2022-01-17T01:13:42","slug":"capitulo-01","status":"publish","type":"page","link":"http:\/\/obotodexico.com.br\/index.php\/capitulo-01\/","title":{"rendered":"cap\u00edtulo 01"},"content":{"rendered":"\t\t<div data-elementor-type=\"wp-page\" data-elementor-id=\"157\" class=\"elementor elementor-157\" data-elementor-settings=\"[]\">\n\t\t\t\t\t\t\t<div class=\"elementor-section-wrap\">\n\t\t\t\t\t\t\t<section class=\"elementor-section elementor-top-section elementor-element elementor-element-71a46376 elementor-section-full_width elementor-section-stretched elementor-section-height-default elementor-section-height-default\" data-id=\"71a46376\" data-element_type=\"section\" data-settings=\"{&quot;stretch_section&quot;:&quot;section-stretched&quot;,&quot;background_background&quot;:&quot;classic&quot;}\">\n\t\t\t\t\t\t<div class=\"elementor-container elementor-column-gap-default\">\n\t\t\t\t\t<div class=\"elementor-column elementor-col-100 elementor-top-column elementor-element elementor-element-4bfc7189\" data-id=\"4bfc7189\" data-element_type=\"column\">\n\t\t\t<div class=\"elementor-widget-wrap elementor-element-populated\">\n\t\t\t\t\t\t\t\t<div class=\"elementor-element elementor-element-16024566 elementor-widget elementor-widget-heading\" data-id=\"16024566\" data-element_type=\"widget\" data-widget_type=\"heading.default\">\n\t\t\t\t<div class=\"elementor-widget-container\">\n\t\t\t<h2 class=\"elementor-heading-title elementor-size-default\">O Cobrador da Amaz\u00f4nia<\/h2>\t\t<\/div>\n\t\t\t\t<\/div>\n\t\t\t\t<div class=\"elementor-element elementor-element-6bcd9c30 elementor-widget elementor-widget-text-editor\" data-id=\"6bcd9c30\" data-element_type=\"widget\" data-widget_type=\"text-editor.default\">\n\t\t\t\t<div class=\"elementor-widget-container\">\n\t\t\t\t\t\t\t<p>Autor: Chicco Moreira<\/p>\t\t\t\t\t\t<\/div>\n\t\t\t\t<\/div>\n\t\t\t\t\t<\/div>\n\t\t<\/div>\n\t\t\t\t\t\t\t<\/div>\n\t\t<\/section>\n\t\t\t\t<section class=\"elementor-section elementor-top-section elementor-element elementor-element-1f9cb00 elementor-section-full_width elementor-section-height-default elementor-section-height-default\" data-id=\"1f9cb00\" data-element_type=\"section\">\n\t\t\t\t\t\t<div class=\"elementor-container elementor-column-gap-default\">\n\t\t\t\t\t<div class=\"elementor-column elementor-col-33 elementor-top-column elementor-element elementor-element-8d90f2e\" data-id=\"8d90f2e\" data-element_type=\"column\">\n\t\t\t<div class=\"elementor-widget-wrap\">\n\t\t\t\t\t\t\t\t\t<\/div>\n\t\t<\/div>\n\t\t\t\t<div class=\"elementor-column elementor-col-33 elementor-top-column elementor-element elementor-element-a23be57\" data-id=\"a23be57\" data-element_type=\"column\">\n\t\t\t<div class=\"elementor-widget-wrap elementor-element-populated\">\n\t\t\t\t\t\t\t\t<div class=\"elementor-element elementor-element-cc7bf6e elementor-align-center elementor-mobile-align-left elementor-widget elementor-widget-button\" data-id=\"cc7bf6e\" data-element_type=\"widget\" data-widget_type=\"button.default\">\n\t\t\t\t<div class=\"elementor-widget-container\">\n\t\t\t\t\t<div class=\"elementor-button-wrapper\">\n\t\t\t<a href=\"http:\/\/obotodexico.com.br\/\" class=\"elementor-button-link elementor-button elementor-size-sm\" role=\"button\">\n\t\t\t\t\t\t<span class=\"elementor-button-content-wrapper\">\n\t\t\t\t\t\t<span class=\"elementor-button-icon elementor-align-icon-right\">\n\t\t\t\t<i aria-hidden=\"true\" class=\"fas fa-home\"><\/i>\t\t\t<\/span>\n\t\t\t\t\t\t<span class=\"elementor-button-text\">\u00cdndice<\/span>\n\t\t<\/span>\n\t\t\t\t\t<\/a>\n\t\t<\/div>\n\t\t\t\t<\/div>\n\t\t\t\t<\/div>\n\t\t\t\t\t<\/div>\n\t\t<\/div>\n\t\t\t\t<div class=\"elementor-column elementor-col-33 elementor-top-column elementor-element elementor-element-b9aa9bd\" data-id=\"b9aa9bd\" data-element_type=\"column\">\n\t\t\t<div class=\"elementor-widget-wrap elementor-element-populated\">\n\t\t\t\t\t\t\t\t<div class=\"elementor-element elementor-element-187aefe elementor-align-center elementor-widget elementor-widget-button\" data-id=\"187aefe\" data-element_type=\"widget\" data-widget_type=\"button.default\">\n\t\t\t\t<div class=\"elementor-widget-container\">\n\t\t\t\t\t<div class=\"elementor-button-wrapper\">\n\t\t\t<a href=\"http:\/\/obotodexico.com.br\/index.php\/capitulo-02\/\" class=\"elementor-button-link elementor-button elementor-size-sm\" role=\"button\">\n\t\t\t\t\t\t<span class=\"elementor-button-content-wrapper\">\n\t\t\t\t\t\t<span class=\"elementor-button-icon elementor-align-icon-right\">\n\t\t\t\t<i aria-hidden=\"true\" class=\"far fa-arrow-alt-circle-right\"><\/i>\t\t\t<\/span>\n\t\t\t\t\t\t<span class=\"elementor-button-text\">Pr\u00f3ximo<\/span>\n\t\t<\/span>\n\t\t\t\t\t<\/a>\n\t\t<\/div>\n\t\t\t\t<\/div>\n\t\t\t\t<\/div>\n\t\t\t\t\t<\/div>\n\t\t<\/div>\n\t\t\t\t\t\t\t<\/div>\n\t\t<\/section>\n\t\t\t\t<section class=\"elementor-section elementor-top-section elementor-element elementor-element-0ff16ff elementor-section-boxed elementor-section-height-default elementor-section-height-default\" data-id=\"0ff16ff\" data-element_type=\"section\">\n\t\t\t\t\t\t<div class=\"elementor-container elementor-column-gap-default\">\n\t\t\t\t\t<div class=\"elementor-column elementor-col-100 elementor-top-column elementor-element elementor-element-80e0529\" data-id=\"80e0529\" data-element_type=\"column\">\n\t\t\t<div class=\"elementor-widget-wrap elementor-element-populated\">\n\t\t\t\t\t\t\t\t<div class=\"elementor-element elementor-element-f2b9eaf elementor-widget elementor-widget-heading\" data-id=\"f2b9eaf\" data-element_type=\"widget\" data-widget_type=\"heading.default\">\n\t\t\t\t<div class=\"elementor-widget-container\">\n\t\t\t<h2 class=\"elementor-heading-title elementor-size-default\">I.\tDia de S\u00e3o Jos\u00e9<\/h2>\t\t<\/div>\n\t\t\t\t<\/div>\n\t\t\t\t\t<\/div>\n\t\t<\/div>\n\t\t\t\t\t\t\t<\/div>\n\t\t<\/section>\n\t\t\t\t<section class=\"elementor-section elementor-top-section elementor-element elementor-element-1e224b7 elementor-section-boxed elementor-section-height-default elementor-section-height-default\" data-id=\"1e224b7\" data-element_type=\"section\">\n\t\t\t\t\t\t<div class=\"elementor-container elementor-column-gap-default\">\n\t\t\t\t\t<div class=\"elementor-column elementor-col-100 elementor-top-column elementor-element elementor-element-2b593a9\" data-id=\"2b593a9\" data-element_type=\"column\">\n\t\t\t<div class=\"elementor-widget-wrap elementor-element-populated\">\n\t\t\t\t\t\t\t\t<div class=\"elementor-element elementor-element-2e2de83 elementor-aspect-ratio-169 elementor-widget elementor-widget-video\" data-id=\"2e2de83\" data-element_type=\"widget\" data-settings=\"{&quot;youtube_url&quot;:&quot;https:\\\/\\\/www.youtube.com\\\/watch?v=tKJ3h5vH4Rs&quot;,&quot;video_type&quot;:&quot;youtube&quot;,&quot;controls&quot;:&quot;yes&quot;,&quot;aspect_ratio&quot;:&quot;169&quot;}\" data-widget_type=\"video.default\">\n\t\t\t\t<div class=\"elementor-widget-container\">\n\t\t\t\t\t<div class=\"elementor-wrapper elementor-fit-aspect-ratio elementor-open-inline\">\n\t\t\t<div class=\"elementor-video\"><\/div>\t\t<\/div>\n\t\t\t\t<\/div>\n\t\t\t\t<\/div>\n\t\t\t\t\t<\/div>\n\t\t<\/div>\n\t\t\t\t\t\t\t<\/div>\n\t\t<\/section>\n\t\t\t\t<section class=\"elementor-section elementor-top-section elementor-element elementor-element-a4a46cf elementor-section-boxed elementor-section-height-default elementor-section-height-default\" data-id=\"a4a46cf\" data-element_type=\"section\">\n\t\t\t\t\t\t<div class=\"elementor-container elementor-column-gap-default\">\n\t\t\t\t\t<div class=\"elementor-column elementor-col-100 elementor-top-column elementor-element elementor-element-86705ba\" data-id=\"86705ba\" data-element_type=\"column\">\n\t\t\t<div class=\"elementor-widget-wrap elementor-element-populated\">\n\t\t\t\t\t\t\t\t<div class=\"elementor-element elementor-element-108a2e6 elementor-widget elementor-widget-text-editor\" data-id=\"108a2e6\" data-element_type=\"widget\" data-widget_type=\"text-editor.default\">\n\t\t\t\t<div class=\"elementor-widget-container\">\n\t\t\t\t\t\t\t<p>Amaz\u00f4nia, 1925<\/p><p>\u00a0No fundo escuro do lago do Lim\u00e3o, os botos, est\u00e1ticos, observam as ondas sonoras que vibram nas \u00e1guas, formando c\u00edrculos sensoriais. O l\u00edder da escola, o boto maior e mais claro emerge decidido a localizar a origem destes tum-tum-tuns. Logo fica claro que se trata de um arraial, desses t\u00edpicos de vilas interioranas.<\/p><p>A pequena vila de Xavier renova a tradi\u00e7\u00e3o do povo da floresta, com bandeirinhas penduradas, fogueiras, bal\u00f5es, fogos de artif\u00edcio e barracas de comida. As pessoas festejam o santo alheias \u00e0 chuva amaz\u00f4nica que se anuncia, sempre torrencial, devastadora, com nuvens sombrias, escuras como breu. A igreja pequena, pintada de branco, com detalhes em azul celeste, tem do lado de dentro apenas as imagens dos santos \u2013 e o sil\u00eancio do divino.<\/p><p>Ribeirinhos se divertem \u00e0s margens gramadas da orla sagrada do lago. Um trio de m\u00fasicos anima a festa. Caboclos, seringueiros, negros e \u00edndios dan\u00e7am e bebem. Sem que os brincantes percebam, as \u00e1guas turvas se agitam. Girando e saltando, inquietos e buli\u00e7osos, os botos provocam redemoinhos com movimentos circulares e velozes.<\/p><p>A selva est\u00e1 repleta de mist\u00e9rios. Mortes e suic\u00eddios alimentam o imagin\u00e1rio do caboclo e contribuem para valorizar e divulgar as lendas. Num universo regido por leis imponder\u00e1veis, basta algu\u00e9m cair na \u00e1gua e desaparecer que logo circulam vers\u00f5es sobre artimanhas de uma cobra-grande ou yara. On\u00e7as viram mula-sem-cabe\u00e7a \u2013 e se algu\u00e9m se perde nas trilhas \u00e9 obra do curupira.<\/p><p>Um homem, com seus quarenta anos, de palet\u00f3 e chap\u00e9u branco, se destaca dos demais no folguedo pelo encanto que provoca. A dan\u00e7a sensual e sedutora, quase diante do andor com a imagem de S\u00e3o Jos\u00e9, provoca rea\u00e7\u00f5es diferentes. Maridos torcem a boca. As mulheres deliram com o charme e o magnetismo daquele forasteiro.<\/p><p>Crian\u00e7as correm no entorno. O pequeno Jonas, preto de olhos verdes, se diverte na companhia de Telma, uma linda garotinha de mistura cabocla, de cabelos longos e negros, com roupas simples e surradas.<\/p><p>\u00c0 aproxima\u00e7\u00e3o de Jonas das outras crian\u00e7as, m\u00e3es resgatam filhos instantaneamente. Olham como se o menino tivesse uma doen\u00e7a contagiosa. Do que ser\u00e1 que elas t\u00eam medo? Ou seria apenas preconceito? Telma \u00e9 a \u00fanica crian\u00e7a que permanece ao lado dele \u2013 at\u00e9 Helena, a m\u00e3e dela, busc\u00e1-la pelo bra\u00e7o para junto da fam\u00edlia. Helena \u00e9 mais complacente e parece compreender o medo daquelas m\u00e3es em rela\u00e7\u00e3o a Jonas, mais conhecido como o filho do boto.\u00a0 Sorrindo sofridamente, passa pelos mesmos conflitos que Diva, amenizados pela felicidade de Telma ter nascido mulher, num ambiente t\u00e3o nocivo para meninas. Apenas mais um dos paradoxos deste lugar.<\/p><p>Ao lado da mesa dos pais de Telma, um grupo de cientistas bebe e come \u00e0 vontade. V\u00e1rias l\u00ednguas s\u00e3o ouvidas, franc\u00eas, italiano, alem\u00e3o, ingl\u00eas, japon\u00eas. Telma olha para o grupo de gringos por um tempo. Observa a barriga de uma loira gr\u00e1vida de oito meses que fala franc\u00eas com outros cientistas.<\/p><p>Sem Telma, parceira de brincadeiras, Jonas olha para os lados em busca de um novo amigo. Bem perto est\u00e1 dona Ad\u00e9lia, cheia de pulseiras e cord\u00f5es de ouro, com um bolo de dinheiro nas m\u00e3os, pagando quitutes, sucos, bolos e salgados para sua filha Jana\u00edna. Meninazinha de dez anos, cabelos negros, compridos, aparentemente adoentada, ela olha para Jonas como se pedisse socorro e, em seguida, vomita tudo. Ad\u00e9lia arrasta Jana\u00edna pelo bra\u00e7o sem cuidados ou carinho. A menina leva duas palmadas da m\u00e3e, que caminha reclamando da vida, amargurada.\u00a0<\/p><p>Dona Diva, meio negra, meio \u00edndia, chega ao lado de Jonas com seu olhar de ternura e afeto. Ela encara todas as m\u00e3es do local. Jonas d\u00e1 a m\u00e3o para Diva e os dois caminham na dire\u00e7\u00e3o da igreja, cruzando com o casal dan\u00e7arino na porta adornada de flores.<\/p><p>\u00a0<\/p>\t\t\t\t\t\t<\/div>\n\t\t\t\t<\/div>\n\t\t\t\t\t<\/div>\n\t\t<\/div>\n\t\t\t\t\t\t\t<\/div>\n\t\t<\/section>\n\t\t\t\t<section class=\"elementor-section elementor-top-section elementor-element elementor-element-20e983a elementor-section-boxed elementor-section-height-default elementor-section-height-default\" data-id=\"20e983a\" data-element_type=\"section\">\n\t\t\t\t\t\t<div class=\"elementor-container elementor-column-gap-default\">\n\t\t\t\t\t<div class=\"elementor-column elementor-col-100 elementor-top-column elementor-element elementor-element-d91a69d\" data-id=\"d91a69d\" data-element_type=\"column\">\n\t\t\t<div class=\"elementor-widget-wrap elementor-element-populated\">\n\t\t\t\t\t\t\t\t<div class=\"elementor-element elementor-element-7c16f70 elementor-widget elementor-widget-text-editor\" data-id=\"7c16f70\" data-element_type=\"widget\" data-widget_type=\"text-editor.default\">\n\t\t\t\t<div class=\"elementor-widget-container\">\n\t\t\t\t\t\t\t<p style=\"font-size: 16px; font-style: normal; font-weight: 400;\">Diva observa a dan\u00e7a carregada de sensualidade. Os corpos do homem de chap\u00e9u branco e da mulher estremecem ao menor contato, serpenteando, suando, olho no olho, rosto com rosto, carne com carne.<\/p><p style=\"font-size: 16px; font-style: normal; font-weight: 400;\">Jonas acha interessante. O homem cruza o olhar com o do garoto por mil\u00e9simos de segundos e deixa escapar um sorriso. O menino retribui e Diva, percebendo, se benze e arrasta Jonas rumo ao altar da igreja.<\/p><p style=\"font-size: 16px; font-style: normal; font-weight: 400;\">O padre se aproxima de Jonas e Diva e olha para o casal dan\u00e7arino. A reprova\u00e7\u00e3o \u00e9 clara. Ele balan\u00e7a a cabe\u00e7a negativamente, enquanto entrega duas velas a Diva e p\u00f5e a m\u00e3o na cabe\u00e7a de Jonas.<\/p><p style=\"font-size: 16px; font-style: normal; font-weight: 400;\">A lua ilumina o lago, espelhando seu reflexo nas \u00e1guas. Os botos pulam em alvoro\u00e7o, mergulham e sobem, rodam, em desassossego chamativo e assustador.<\/p><p style=\"font-size: 16px; font-style: normal; font-weight: 400;\">Miro e Carlitos est\u00e3o em uma mesa pr\u00f3xima ao casal que dan\u00e7a. As mulheres que os acompanham est\u00e3o enfeiti\u00e7adas. Elas se ajeitam, mexem nos cabelos. Outros casais sofrem a mesma influ\u00eancia do homem de branco.\u00a0 Algumas mulheres se abanam, mordem os l\u00e1bios. No fundo dos olhos de cada uma, nas pupilas dilatadas, o mesmo vazio. Os olhares observadores masculinos traduzem um sentimento comum. Todos j\u00e1 sabem que se trata mesmo de um boto.<\/p><p>\u00a0<\/p>\t\t\t\t\t\t<\/div>\n\t\t\t\t<\/div>\n\t\t\t\t\t<\/div>\n\t\t<\/div>\n\t\t\t\t\t\t\t<\/div>\n\t\t<\/section>\n\t\t\t\t<section class=\"elementor-section elementor-top-section elementor-element elementor-element-d122489 elementor-section-boxed elementor-section-height-default elementor-section-height-default\" data-id=\"d122489\" data-element_type=\"section\">\n\t\t\t\t\t\t<div class=\"elementor-container elementor-column-gap-default\">\n\t\t\t\t\t<div class=\"elementor-column elementor-col-100 elementor-top-column elementor-element elementor-element-383ffb7\" data-id=\"383ffb7\" data-element_type=\"column\">\n\t\t\t<div class=\"elementor-widget-wrap elementor-element-populated\">\n\t\t\t\t\t\t\t\t<div class=\"elementor-element elementor-element-4695915 elementor-widget elementor-widget-image\" data-id=\"4695915\" data-element_type=\"widget\" data-widget_type=\"image.default\">\n\t\t\t\t<div class=\"elementor-widget-container\">\n\t\t\t\t\t\t\t\t\t\t\t\t\t\t\t<img loading=\"lazy\" decoding=\"async\" width=\"1024\" height=\"729\" src=\"http:\/\/obotodexico.com.br\/wp-content\/uploads\/2022\/01\/01-1-1024x729.jpg\" class=\"attachment-large size-large\" alt=\"\" srcset=\"http:\/\/obotodexico.com.br\/wp-content\/uploads\/2022\/01\/01-1-1024x729.jpg 1024w, http:\/\/obotodexico.com.br\/wp-content\/uploads\/2022\/01\/01-1-300x214.jpg 300w, http:\/\/obotodexico.com.br\/wp-content\/uploads\/2022\/01\/01-1-768x547.jpg 768w, http:\/\/obotodexico.com.br\/wp-content\/uploads\/2022\/01\/01-1-1536x1094.jpg 1536w, http:\/\/obotodexico.com.br\/wp-content\/uploads\/2022\/01\/01-1-2048x1459.jpg 2048w\" sizes=\"auto, (max-width: 1024px) 100vw, 1024px\" \/>\t\t\t\t\t\t\t\t\t\t\t\t\t\t\t<\/div>\n\t\t\t\t<\/div>\n\t\t\t\t\t<\/div>\n\t\t<\/div>\n\t\t\t\t\t\t\t<\/div>\n\t\t<\/section>\n\t\t\t\t<section class=\"elementor-section elementor-top-section elementor-element elementor-element-af09200 elementor-section-boxed elementor-section-height-default elementor-section-height-default\" data-id=\"af09200\" data-element_type=\"section\">\n\t\t\t\t\t\t<div class=\"elementor-container elementor-column-gap-default\">\n\t\t\t\t\t<div class=\"elementor-column elementor-col-100 elementor-top-column elementor-element elementor-element-0d4068c\" data-id=\"0d4068c\" data-element_type=\"column\">\n\t\t\t<div class=\"elementor-widget-wrap elementor-element-populated\">\n\t\t\t\t\t\t\t\t<div class=\"elementor-element elementor-element-d9736af elementor-widget elementor-widget-text-editor\" data-id=\"d9736af\" data-element_type=\"widget\" data-widget_type=\"text-editor.default\">\n\t\t\t\t<div class=\"elementor-widget-container\">\n\t\t\t\t\t\t\t<p>Os cochichos revelam m\u00e1s inten\u00e7\u00f5es e os homens se organizam para surpreender o forasteiro que domina a cena da festa. Alguns se armam com gargalos de garrafa, outros juntam paus e pedras, e o mais abusado, um \u201ccaboco entroncado\u201d, quase um \u201ctoco de amarrar on\u00e7a\u201d, avan\u00e7a para cima do casal e acerta um soco no rosto do rapaz, fazendo o chap\u00e9u branco voar longe. A mulher se assusta. O furo na cabe\u00e7a fica vis\u00edvel. O boto foi descoberto e \u00e9 hora de correr.<\/p><p>As mulheres saem do encantamento e ficam desnorteadas, assustadas. O boto enfrenta a f\u00faria dos homens e sofre golpes de cacos de garrafa, pauladas e pedradas. Ele sangra. Os movimentos leves, sens\u00edveis e voluptuosos d\u00e3o lugar ao desalinho causado por dores e desconforto e uma agilidade diferente dos demais.<\/p><p>Um dos poucos abastados da regi\u00e3o, Abreu junta o chap\u00e9u branco e o coloca na cabe\u00e7a. Na barraca de bebidas, no topo da rampa que desce para a beira do lago, est\u00e3o os coron\u00e9is e seus capatazes. Entre eles est\u00e1 Lindemberg e o seu patr\u00e3o, seu Pacheco, todos bebendo pinga e debochando uns dos outros.<\/p><p>Pacheco v\u00ea o boto fugindo da festa, sangrando, rasgado pelas agress\u00f5es, perseguido. O patr\u00e3o saca seu rev\u00f3lver da cintura, empunha a arma e faz a mira e dispara contra as costas do boto. O primeiro tiro acerta o ombro. O boto n\u00e3o para de correr. O segundo acerta o pulm\u00e3o esquerdo. Os passos do boto diminuem. O terceiro acerta o f\u00edgado. Os tiros v\u00e3o marcando o palet\u00f3 branco de vermelho, enquanto o rapaz se esfor\u00e7a para dar pequenos passos em dire\u00e7\u00e3o ao lago.<\/p><p>Seis tiros derrubam o estranho a poucos cent\u00edmetros da \u00e1gua. O corpo tomba para a frente, os dedos das m\u00e3os dedilham o lago. A multid\u00e3o se aglomera na retaguarda do coronel Pacheco. As mulheres se desesperam e gritam. Pacheco caminha determinado na dire\u00e7\u00e3o do boto. Recarrega o rev\u00f3lver, fecha o tambor e aponta para a cabe\u00e7a do rapaz. Miro e Carlitos controlam as mulheres, que agora gritam desesperadas para Pacheco ter piedade. O patr\u00e3o ri das mulheres e o boto se aproveita do vacilo.<\/p><p>O animal, que tamb\u00e9m \u00e9 gente, se joga no lago rapidamente e o patr\u00e3o, com \u00f3dio no olhar, dispara seu rev\u00f3lver fazendo mira na \u00e1gua. Lindemberg se aproxima e tamb\u00e9m atira. Por um instante, o sil\u00eancio e a fuma\u00e7a das armas tomam conta do ambiente.<\/p><p>Dona Diva, agarrada com seu ter\u00e7o, chora e reza baixinho, olhando para o lago. Em choque, Jonas observa as pessoas e suas rea\u00e7\u00f5es, n\u00e3o faz nenhuma ideia do que provocou toda aquela situa\u00e7\u00e3o, nem que aquele rapaz violentado poderia ser seu pai. A loira cientista grita de dor e reage com f\u00faria, se soltando das m\u00e3os que a amparavam. Uma luz, feito um raio, explode nesse momento no meio da floresta.<\/p>\t\t\t\t\t\t<\/div>\n\t\t\t\t<\/div>\n\t\t\t\t\t<\/div>\n\t\t<\/div>\n\t\t\t\t\t\t\t<\/div>\n\t\t<\/section>\n\t\t\t\t<section class=\"elementor-section elementor-top-section elementor-element elementor-element-72ca27e elementor-section-full_width elementor-section-height-default elementor-section-height-default\" data-id=\"72ca27e\" data-element_type=\"section\">\n\t\t\t\t\t\t<div class=\"elementor-container elementor-column-gap-default\">\n\t\t\t\t\t<div class=\"elementor-column elementor-col-33 elementor-top-column elementor-element elementor-element-4924e52\" data-id=\"4924e52\" data-element_type=\"column\">\n\t\t\t<div class=\"elementor-widget-wrap\">\n\t\t\t\t\t\t\t\t\t<\/div>\n\t\t<\/div>\n\t\t\t\t<div class=\"elementor-column elementor-col-33 elementor-top-column elementor-element elementor-element-09280a6\" data-id=\"09280a6\" data-element_type=\"column\">\n\t\t\t<div class=\"elementor-widget-wrap elementor-element-populated\">\n\t\t\t\t\t\t\t\t<div class=\"elementor-element elementor-element-bb2de9f elementor-align-center elementor-mobile-align-left elementor-widget elementor-widget-button\" data-id=\"bb2de9f\" data-element_type=\"widget\" data-widget_type=\"button.default\">\n\t\t\t\t<div class=\"elementor-widget-container\">\n\t\t\t\t\t<div class=\"elementor-button-wrapper\">\n\t\t\t<a href=\"http:\/\/obotodexico.com.br\/\" class=\"elementor-button-link elementor-button elementor-size-sm\" role=\"button\">\n\t\t\t\t\t\t<span class=\"elementor-button-content-wrapper\">\n\t\t\t\t\t\t<span class=\"elementor-button-icon elementor-align-icon-right\">\n\t\t\t\t<i aria-hidden=\"true\" class=\"fas fa-home\"><\/i>\t\t\t<\/span>\n\t\t\t\t\t\t<span class=\"elementor-button-text\">\u00cdndice<\/span>\n\t\t<\/span>\n\t\t\t\t\t<\/a>\n\t\t<\/div>\n\t\t\t\t<\/div>\n\t\t\t\t<\/div>\n\t\t\t\t\t<\/div>\n\t\t<\/div>\n\t\t\t\t<div class=\"elementor-column elementor-col-33 elementor-top-column elementor-element elementor-element-752f9b8\" data-id=\"752f9b8\" data-element_type=\"column\">\n\t\t\t<div class=\"elementor-widget-wrap elementor-element-populated\">\n\t\t\t\t\t\t\t\t<div class=\"elementor-element elementor-element-88f0788 elementor-align-center elementor-widget elementor-widget-button\" data-id=\"88f0788\" data-element_type=\"widget\" data-widget_type=\"button.default\">\n\t\t\t\t<div class=\"elementor-widget-container\">\n\t\t\t\t\t<div class=\"elementor-button-wrapper\">\n\t\t\t<a href=\"http:\/\/obotodexico.com.br\/index.php\/capitulo-02\/\" class=\"elementor-button-link elementor-button elementor-size-sm\" role=\"button\">\n\t\t\t\t\t\t<span class=\"elementor-button-content-wrapper\">\n\t\t\t\t\t\t<span class=\"elementor-button-icon elementor-align-icon-right\">\n\t\t\t\t<i aria-hidden=\"true\" class=\"far fa-arrow-alt-circle-right\"><\/i>\t\t\t<\/span>\n\t\t\t\t\t\t<span class=\"elementor-button-text\">Pr\u00f3ximo<\/span>\n\t\t<\/span>\n\t\t\t\t\t<\/a>\n\t\t<\/div>\n\t\t\t\t<\/div>\n\t\t\t\t<\/div>\n\t\t\t\t\t<\/div>\n\t\t<\/div>\n\t\t\t\t\t\t\t<\/div>\n\t\t<\/section>\n\t\t\t\t\t\t<\/div>\n\t\t\t\t\t<\/div>\n\t\t","protected":false},"excerpt":{"rendered":"<p>O Cobrador da Amaz\u00f4nia Autor: Chicco Moreira \u00cdndice Pr\u00f3ximo I. Dia de S\u00e3o Jos\u00e9 https:\/\/www.youtube.com\/watch?v=tKJ3h5vH4Rs Amaz\u00f4nia, 1925 \u00a0No fundo escuro do lago do Lim\u00e3o, os botos, est\u00e1ticos, observam as ondas sonoras que vibram nas \u00e1guas, formando c\u00edrculos sensoriais. O l\u00edder da escola, o boto maior e mais claro emerge decidido a localizar a origem destes &hellip;<\/p>\n<p class=\"read-more\"> <a class=\"\" href=\"http:\/\/obotodexico.com.br\/index.php\/capitulo-01\/\"> <span class=\"screen-reader-text\">cap\u00edtulo 01<\/span> Leia mais &raquo;<\/a><\/p>\n","protected":false},"author":1,"featured_media":0,"parent":0,"menu_order":0,"comment_status":"closed","ping_status":"closed","template":"","meta":{"footnotes":""},"class_list":["post-157","page","type-page","status-publish","hentry"],"uagb_featured_image_src":{"full":false,"thumbnail":false,"medium":false,"medium_large":false,"large":false,"1536x1536":false,"2048x2048":false},"uagb_author_info":{"display_name":"obotodexico","author_link":"http:\/\/obotodexico.com.br\/index.php\/author\/obotodexico\/"},"uagb_comment_info":0,"uagb_excerpt":"O Cobrador da Amaz\u00f4nia Autor: Chicco Moreira \u00cdndice Pr\u00f3ximo I. Dia de S\u00e3o Jos\u00e9 https:\/\/www.youtube.com\/watch?v=tKJ3h5vH4Rs Amaz\u00f4nia, 1925 \u00a0No fundo escuro do lago do Lim\u00e3o, os botos, est\u00e1ticos, observam as ondas sonoras que vibram nas \u00e1guas, formando c\u00edrculos sensoriais. O l\u00edder da escola, o boto maior e mais claro emerge decidido a localizar a origem destes&hellip;","_links":{"self":[{"href":"http:\/\/obotodexico.com.br\/index.php\/wp-json\/wp\/v2\/pages\/157","targetHints":{"allow":["GET"]}}],"collection":[{"href":"http:\/\/obotodexico.com.br\/index.php\/wp-json\/wp\/v2\/pages"}],"about":[{"href":"http:\/\/obotodexico.com.br\/index.php\/wp-json\/wp\/v2\/types\/page"}],"author":[{"embeddable":true,"href":"http:\/\/obotodexico.com.br\/index.php\/wp-json\/wp\/v2\/users\/1"}],"replies":[{"embeddable":true,"href":"http:\/\/obotodexico.com.br\/index.php\/wp-json\/wp\/v2\/comments?post=157"}],"version-history":[{"count":122,"href":"http:\/\/obotodexico.com.br\/index.php\/wp-json\/wp\/v2\/pages\/157\/revisions"}],"predecessor-version":[{"id":975,"href":"http:\/\/obotodexico.com.br\/index.php\/wp-json\/wp\/v2\/pages\/157\/revisions\/975"}],"wp:attachment":[{"href":"http:\/\/obotodexico.com.br\/index.php\/wp-json\/wp\/v2\/media?parent=157"}],"curies":[{"name":"wp","href":"https:\/\/api.w.org\/{rel}","templated":true}]}}